{"id":723555,"date":"2025-08-27T19:20:37","date_gmt":"2025-08-27T16:20:37","guid":{"rendered":"https:\/\/roveyayinevi.com.tr\/index.php\/urun\/kiliclar-cagi\/"},"modified":"2026-04-16T02:31:44","modified_gmt":"2026-04-15T23:31:44","slug":"kiliclar-cagi","status":"publish","type":"product","link":"https:\/\/roveyayinevi.com.tr\/index.php\/urun\/kiliclar-cagi\/","title":{"rendered":"K\u0131l\u0131\u00e7lar \u00c7a\u011f\u0131"},"content":{"rendered":"<p>Michael J. Sullivan\u2019\u0131n Destanlar \u00c7a\u011f\u0131 ile ba\u015flayan epik serisi K\u0131l\u0131\u00e7lar \u00c7a\u011f\u0131\u2019yla devam ediyor.   \u0130nsanlar\u0131n bug\u00fcne dek tanr\u0131 sand\u0131klar\u0131 Fhreylerden ikisi insanlar\u0131n elinde can vermi\u015fti. Fhreyler ve insanlar aras\u0131ndaki y\u00fczy\u0131llard\u0131r s\u00fcregelen denge de b\u00f6ylece bozulmu\u015ftu.   \u015eimdiyse Fhreyler bir ba\u015f a\u011fr\u0131s\u0131 olarak g\u00f6rd\u00fckleri insanlar\u0131 ortadan kald\u0131rmak i\u00e7in planlar yaparken, insanlar\u0131n da \u00e7ok yak\u0131n zamana kadar tanr\u0131 olarak g\u00f6rd\u00fckleri, teknolojik olarak \u00e7ok geli\u015fmi\u015f ve ayn\u0131 zamanda Sanat denilen bir b\u00fcy\u00fc yetene\u011fine sahip bir \u0131rkla sava\u015fa girmekten ba\u015fka \u00e7areleri kalmam\u0131\u015ft\u0131.   Birka\u00e7 \u00f6nemli fig\u00fcr bu sava\u015fta \u00f6nemli rol oynayacakt\u0131: Tanr\u0131 Katili olarak bilinen, Dureya halk\u0131ndan hayatta kalan son ki\u015fi Raithe, eski reislerinin \u00f6l\u00fcm\u00fcnden sonra halk\u0131n\u0131n ba\u015f\u0131na ge\u00e7mi\u015f olan Persephone, gen\u00e7 k\u00e2hin Suri ve Fhreyler taraf\u0131ndan Hain olarak yaftalanan b\u00fcy\u00fcc\u00fc Arion. Sava\u015f davullar\u0131 \u00e7al\u0131n\u0131yor. K\u0131l\u0131\u00e7lar \u00c7a\u011f\u0131 ba\u015flamak \u00fczere<\/p>\n","protected":false},"excerpt":{"rendered":"<p>Michael J. Sullivan\u2019\u0131n Destanlar \u00c7a\u011f\u0131 ile ba\u015flayan epik serisi K\u0131l\u0131\u00e7lar \u00c7a\u011f\u0131\u2019yla devam ediyor. \u0130nsanlar\u0131n bug\u00fcne dek tanr\u0131 sand\u0131klar\u0131 Fhreylerden ikisi insanlar\u0131n elinde can vermi\u015fti. Fhreyler ve<span class=\"excerpt-hellip\"> [\u2026]<\/span><\/p>\n","protected":false},"featured_media":0,"template":"","meta":{"_monsterinsights_skip_tracking":false,"_monsterinsights_sitenote_active":false,"_monsterinsights_sitenote_note":"","_monsterinsights_sitenote_category":0},"product_brand":[],"product_cat":[12291,14777],"product_tag":[],"class_list":{"0":"post-723555","1":"product","2":"type-product","3":"status-publish","5":"product_cat-edebiyat","6":"product_cat-fantastik","7":"pa_cilt-ciltsiz","8":"pa_tur-kitap","9":"pa_yayinevi-ithaki-yayinlari","10":"pa_yazar-michael-j-sullivan","12":"first","13":"instock","14":"sale","15":"shipping-taxable","16":"purchasable","17":"product-type-simple"},"_links":{"self":[{"href":"https:\/\/roveyayinevi.com.tr\/index.php\/wp-json\/wp\/v2\/product\/723555","targetHints":{"allow":["GET"]}}],"collection":[{"href":"https:\/\/roveyayinevi.com.tr\/index.php\/wp-json\/wp\/v2\/product"}],"about":[{"href":"https:\/\/roveyayinevi.com.tr\/index.php\/wp-json\/wp\/v2\/types\/product"}],"wp:attachment":[{"href":"https:\/\/roveyayinevi.com.tr\/index.php\/wp-json\/wp\/v2\/media?parent=723555"}],"wp:term":[{"taxonomy":"product_brand","embeddable":true,"href":"https:\/\/roveyayinevi.com.tr\/index.php\/wp-json\/wp\/v2\/product_brand?post=723555"},{"taxonomy":"product_cat","embeddable":true,"href":"https:\/\/roveyayinevi.com.tr\/index.php\/wp-json\/wp\/v2\/product_cat?post=723555"},{"taxonomy":"product_tag","embeddable":true,"href":"https:\/\/roveyayinevi.com.tr\/index.php\/wp-json\/wp\/v2\/product_tag?post=723555"}],"curies":[{"name":"wp","href":"https:\/\/api.w.org\/{rel}","templated":true}]}}