{"id":723551,"date":"2025-08-27T19:20:33","date_gmt":"2025-08-27T16:20:33","guid":{"rendered":"https:\/\/roveyayinevi.com.tr\/index.php\/urun\/disli-kizlar-ciltli\/"},"modified":"2026-04-11T02:38:32","modified_gmt":"2026-04-10T23:38:32","slug":"disli-kizlar-ciltli","status":"publish","type":"product","link":"https:\/\/roveyayinevi.com.tr\/index.php\/urun\/disli-kizlar-ciltli\/","title":{"rendered":"Di\u015fli K\u0131zlar (Ciltli)"},"content":{"rendered":"<p>Di\u015fli k\u0131zlar kar\u015f\u0131 koyar!   Vivian Carter b\u0131km\u0131\u015ft\u0131. Ya\u015fad\u0131\u011f\u0131 k\u00fc\u00e7\u00fck Teksas kasabas\u0131n\u0131n lisesinde herkesin futbol tak\u0131m\u0131n\u0131n her yapt\u0131\u011f\u0131n\u0131 alk\u0131\u015flamas\u0131ndan b\u0131km\u0131\u015ft\u0131. Cinsiyet\u00e7i k\u0131yafet kurallar\u0131ndan ve bitmek bilmeyen tacizlerden b\u0131km\u0131\u015ft\u0131. Ama en \u00e7ok da daima kurallara uyan iyi k\u0131z olmaktan b\u0131km\u0131\u015ft\u0131.   Viv annesinin ge\u00e7mi\u015fini ke\u015ffetti\u011finde, ondan ilham alarak feminist bir dergi haz\u0131rlamaya ve okulda gizlice da\u011f\u0131tmaya karar verdi. Tam pes edecekken derginin di\u011fer k\u0131zlara g\u00fc\u00e7 verdi\u011fini, onlar\u0131 ses \u00e7\u0131karmaya te\u015fvik edece\u011fini fark etmesiyle i\u015fler hayal bile edemeyece\u011fi bir noktaya ula\u015ft\u0131.   Kendisinden beklenmeyeni yapan bu k\u0131z, yoksa feminist devrimin fitilini mi ate\u015flemi\u015fti?     \u201cDi\u015fli K\u0131zlar\u2019\u0131 hemen okuyun ve siz de m\u00fccadeleye kat\u0131l\u0131n.\u201d \u2014Amy Poehler   \u201cDi\u015fli K\u0131zlar insan\u0131n kalbini \u0131s\u0131tan dostlukla, tatl\u0131 a\u015fk hik\u00e2yesiyle ve zeki, g\u00f6z\u00fc pek kahraman\u0131yla m\u00fcthi\u015f keyifli bir kitap. Her sayfan\u0131n ard\u0131ndan kalbimin ve cesaretimin b\u00fcy\u00fcy\u00fcp kocaman oldu\u011funu hissettim.\u201d \u2014Katie Cotugno   \u201cMathieu hem kalbe dokunan hem de bir t\u00fcr kullan\u0131m k\u0131lavuzu g\u00f6revi g\u00f6ren bir hik\u00e2yeyle bir nesli t\u00fcm ayr\u0131nt\u0131lar\u0131yla yans\u0131tmakla kalm\u0131yor, gelecek nesil i\u00e7in bir \u0131\u015f\u0131k yak\u0131yor.\u201d \u2014E. K. Johnston   \u201cVivian benim yeni kahraman\u0131m ve bu kitap da yeni favorim. Di\u015fli K\u0131zlardan biri olmaktan gurur duyuyorum.\u201d \u2014Jennifer Niven   \u201cDi\u015fli K\u0131zlar bir mar\u015f, bir kullan\u0131m k\u0131lavuzu ve \u2018Sen de \u00f6nemlisin!\u2019 diyen bir dost.\u201d \u2014Sherri L. Smith   \u201cBir punk rock \u015fark\u0131s\u0131n\u0131n dilinize pelesenk olan nakarat\u0131 gibi Di\u015fli K\u0131zlar da sizi i\u00e7ine \u00e7ekecek, size ilham verecek. Bu kitab\u0131 okuyun. Hemen.\u201d \u2014Jenny Torres Sanchez   \u201cPaha bi\u00e7ilemez bir ayd\u0131nlanma.\u201d \u2014Booklist   \u201cT\u00fcm gen\u00e7lere ama \u00f6zellikle de kad\u0131nlar\u0131n g\u00fc\u00e7lerini g\u00f6steren realist, r\u00fc\u015ft\u00fcn\u00fc ispat etmi\u015f kitaplar\u0131 sevenlere \u0131srarla tavsiye edilir. \u201c \u2014School Library Journal   \u201cDoyurucu ve etkileyici.\u201d \u2014Publishers Weekly <\/p>\n","protected":false},"excerpt":{"rendered":"<p>Di\u015fli k\u0131zlar kar\u015f\u0131 koyar! Vivian Carter b\u0131km\u0131\u015ft\u0131. Ya\u015fad\u0131\u011f\u0131 k\u00fc\u00e7\u00fck Teksas kasabas\u0131n\u0131n lisesinde herkesin futbol tak\u0131m\u0131n\u0131n her yapt\u0131\u011f\u0131n\u0131 alk\u0131\u015flamas\u0131ndan b\u0131km\u0131\u015ft\u0131. Cinsiyet\u00e7i k\u0131yafet kurallar\u0131ndan ve bitmek bilmeyen tacizlerden<span class=\"excerpt-hellip\"> [\u2026]<\/span><\/p>\n","protected":false},"featured_media":0,"template":"","meta":{"_monsterinsights_skip_tracking":false,"_monsterinsights_sitenote_active":false,"_monsterinsights_sitenote_note":"","_monsterinsights_sitenote_category":0},"product_brand":[],"product_cat":[12291,12711],"product_tag":[],"class_list":{"0":"post-723551","1":"product","2":"type-product","3":"status-publish","5":"product_cat-edebiyat","6":"product_cat-roman-oyku","7":"pa_cilt-ciltli","8":"pa_tur-kitap","9":"pa_yayinevi-yabanci-yayinevi","10":"pa_yazar-jennifer-mathieu","12":"first","13":"instock","14":"sale","15":"shipping-taxable","16":"purchasable","17":"product-type-simple"},"_links":{"self":[{"href":"https:\/\/roveyayinevi.com.tr\/index.php\/wp-json\/wp\/v2\/product\/723551","targetHints":{"allow":["GET"]}}],"collection":[{"href":"https:\/\/roveyayinevi.com.tr\/index.php\/wp-json\/wp\/v2\/product"}],"about":[{"href":"https:\/\/roveyayinevi.com.tr\/index.php\/wp-json\/wp\/v2\/types\/product"}],"wp:attachment":[{"href":"https:\/\/roveyayinevi.com.tr\/index.php\/wp-json\/wp\/v2\/media?parent=723551"}],"wp:term":[{"taxonomy":"product_brand","embeddable":true,"href":"https:\/\/roveyayinevi.com.tr\/index.php\/wp-json\/wp\/v2\/product_brand?post=723551"},{"taxonomy":"product_cat","embeddable":true,"href":"https:\/\/roveyayinevi.com.tr\/index.php\/wp-json\/wp\/v2\/product_cat?post=723551"},{"taxonomy":"product_tag","embeddable":true,"href":"https:\/\/roveyayinevi.com.tr\/index.php\/wp-json\/wp\/v2\/product_tag?post=723551"}],"curies":[{"name":"wp","href":"https:\/\/api.w.org\/{rel}","templated":true}]}}