{"id":723548,"date":"2025-08-27T19:20:31","date_gmt":"2025-08-27T16:20:31","guid":{"rendered":"https:\/\/roveyayinevi.com.tr\/index.php\/urun\/makro-sosyal-hizmet\/"},"modified":"2026-04-16T02:31:43","modified_gmt":"2026-04-15T23:31:43","slug":"makro-sosyal-hizmet","status":"publish","type":"product","link":"https:\/\/roveyayinevi.com.tr\/index.php\/urun\/makro-sosyal-hizmet\/","title":{"rendered":"Makro Sosyal Hizmet"},"content":{"rendered":"<p>Mesle\u011fe yeni ba\u015flayan sosyal hizmet uzmanlar\u0131, genellikle ivedi ihtiya\u00e7lar\u0131 bulunan bireylerle genelci uygulay\u0131c\u0131lar olarak \u00e7al\u0131\u015f\u0131rlar. Nitekim \u00f6\u011frencilerin bireylerle \u00e7al\u0131\u015fmada beceri ve anlay\u0131\u015f geli\u015ftirmeleri \u00f6nemli olmakla birlikte, sosyal hizmet uzmanlar\u0131n\u0131n \u00e7al\u0131\u015fmas\u0131 gereken toplulu\u011fu ve \u00f6rg\u00fctsel ba\u011flam\u0131 anlamak da \u00f6nemlidir. Bu kitab\u0131n ana fikri, m\u00fcracaat\u00e7\u0131lar\u0131m\u0131z\u0131 ve \u00e7al\u0131\u015fmalar\u0131m\u0131z\u0131 etkileyen g\u00fc\u00e7lerin bilincinde olarak ve bu g\u00fc\u00e7lerin de\u011ferini bilerek daha etkili meslek elemanlar\u0131 olabilece\u011fimizdir. Bu kitap, \u00f6\u011frencileri \u201cmakro sistemleri\u201d anlamaya, bu sistemler i\u00e7inde ve bu sistemlerle birlikte \u00e7al\u0131\u015fmaya haz\u0131rlamak i\u00e7in tasarlanm\u0131\u015ft\u0131r. Sosyal hizmet y\u00f6ntemleri terminolojisinde bireyler, aileler ve k\u00fc\u00e7\u00fck gruplar, k\u00fc\u00e7\u00fck ve kendi kendine yeten varl\u0131klar\u0131 ifade eden \u201cmikro sistemler\u201d olarak g\u00f6r\u00fcl\u00fcr. Buna kar\u015f\u0131l\u0131k \u201cmakro sistemler\u201d, \u00e7e\u015fitli d\u00fczeylerde tan\u0131mlanabilen b\u00fcy\u00fck ve karma\u015f\u0131k birimlerdir: Genel topluluk, topluluk i\u00e7indeki bir sistem (ruh sa\u011fl\u0131\u011f\u0131 sistemi gibi), kurumlar\u0131n etkile\u015fimi ve sadece belirli hizmetleri sunan bir kurum. Makro d\u00fczeydeki konular\u0131 daha iyi anlamak suretiyle sosyal hizmet uzmanlar\u0131, faaliyet g\u00f6sterdikleri sosyal ve politik topluluklarla ilgili bilgileri yorumlayabilir ve ayr\u0131ca kurumlar\u0131n (kendi kurumlar\u0131n\u0131n ve di\u011fer kurumlar\u0131n) nas\u0131l i\u015fledi\u011fine dair daha derin bir anlay\u0131\u015fa sahip olabilirler. Bu artan anlay\u0131\u015f sayesinde, sosyal hizmet uzmanlar\u0131 bireylere ve ailelere yard\u0131m etme a\u00e7\u0131s\u0131ndan daha iyi bir konumda olacaklard\u0131r. <\/p>\n","protected":false},"excerpt":{"rendered":"<p>Mesle\u011fe yeni ba\u015flayan sosyal hizmet uzmanlar\u0131, genellikle ivedi ihtiya\u00e7lar\u0131 bulunan bireylerle genelci uygulay\u0131c\u0131lar olarak \u00e7al\u0131\u015f\u0131rlar. Nitekim \u00f6\u011frencilerin bireylerle \u00e7al\u0131\u015fmada beceri ve anlay\u0131\u015f geli\u015ftirmeleri \u00f6nemli olmakla birlikte,<span class=\"excerpt-hellip\"> [\u2026]<\/span><\/p>\n","protected":false},"featured_media":0,"template":"","meta":{"_monsterinsights_skip_tracking":false,"_monsterinsights_sitenote_active":false,"_monsterinsights_sitenote_note":"","_monsterinsights_sitenote_category":0},"product_brand":[],"product_cat":[12325,12324],"product_tag":[],"class_list":{"0":"post-723548","1":"product","2":"type-product","3":"status-publish","5":"product_cat-diger-sosyoloji","6":"product_cat-sosyoloji","7":"pa_cilt-ciltsiz","8":"pa_tur-kitap","9":"pa_yayinevi-nika-yayinevi","10":"pa_yazar-ralph-brody-murali-d-nair","12":"first","13":"instock","14":"sale","15":"shipping-taxable","16":"purchasable","17":"product-type-simple"},"_links":{"self":[{"href":"https:\/\/roveyayinevi.com.tr\/index.php\/wp-json\/wp\/v2\/product\/723548","targetHints":{"allow":["GET"]}}],"collection":[{"href":"https:\/\/roveyayinevi.com.tr\/index.php\/wp-json\/wp\/v2\/product"}],"about":[{"href":"https:\/\/roveyayinevi.com.tr\/index.php\/wp-json\/wp\/v2\/types\/product"}],"wp:attachment":[{"href":"https:\/\/roveyayinevi.com.tr\/index.php\/wp-json\/wp\/v2\/media?parent=723548"}],"wp:term":[{"taxonomy":"product_brand","embeddable":true,"href":"https:\/\/roveyayinevi.com.tr\/index.php\/wp-json\/wp\/v2\/product_brand?post=723548"},{"taxonomy":"product_cat","embeddable":true,"href":"https:\/\/roveyayinevi.com.tr\/index.php\/wp-json\/wp\/v2\/product_cat?post=723548"},{"taxonomy":"product_tag","embeddable":true,"href":"https:\/\/roveyayinevi.com.tr\/index.php\/wp-json\/wp\/v2\/product_tag?post=723548"}],"curies":[{"name":"wp","href":"https:\/\/api.w.org\/{rel}","templated":true}]}}