{"id":723547,"date":"2025-08-27T19:20:30","date_gmt":"2025-08-27T16:20:30","guid":{"rendered":"https:\/\/roveyayinevi.com.tr\/index.php\/urun\/modern-sosyal-hizmet-kurami\/"},"modified":"2026-04-16T02:31:43","modified_gmt":"2026-04-15T23:31:43","slug":"modern-sosyal-hizmet-kurami","status":"publish","type":"product","link":"https:\/\/roveyayinevi.com.tr\/index.php\/urun\/modern-sosyal-hizmet-kurami\/","title":{"rendered":"Modern Sosyal Hizmet Kuram\u0131"},"content":{"rendered":"<p>Alan\u0131nda bir klasik olarak kabul edilen bu usta i\u015fi metin; dersleriniz, \u00e7al\u0131\u015fmalar\u0131n\u0131z ve bir sosyal hizmet uzman\u0131 olarak kariyeriniz boyunca sizin i\u00e7in g\u00fcvenilir bir dost olacakt\u0131r. Malcolm Payne d\u00fcnya \u00e7ap\u0131nda \u00fcne sahip olan bu kitapta, sosyal hizmet uygulamas\u0131n\u0131 besleyen ba\u015fl\u0131ca teorilerin art\u0131lar\u0131 ile eksilerini ve aralar\u0131ndaki farklar\u0131 net ve \u00f6zl\u00fc bir bi\u00e7imde ele almaktad\u0131r. Modern Sosyal Hizmet Kuram\u0131, sosyal hizmet teorisine dair klasik yakla\u015f\u0131mlardan en yeni fikirlere kadar eksiksiz bir kapsama ve geni\u015f bir perspektife sahiptir: Teorilerin s\u0131k s\u0131k kar\u015f\u0131la\u015f\u0131lan g\u00fcnl\u00fck uygulamalara nas\u0131l tatbik edilece\u011fini g\u00f6steren yepyeni vaka \u00f6rnekleri; farkl\u0131 sosyal hizmet teorilerine dair etik boyutun ve payla\u015f\u0131lan ortak de\u011ferlerin analizi; sorular\u0131yla sizi kendi tecr\u00fcbelerinizi kullanmaya ve d\u00fc\u015f\u00fcncelerinizi geli\u015ftirmeye te\u015fvik eden \u201cDur ve D\u00fc\u015f\u00fcn\u201d k\u0131s\u0131mlar\u0131 ve en g\u00fcncel fikirleri \u00f6zetleyip, her bir kuram\u0131n \u00f6n bilgisi ile konunun uzmanlar\u0131nca yaz\u0131lm\u0131\u015f metinler aras\u0131ndaki bo\u015flu\u011fu kapatmaya \u00e7al\u0131\u015fan \u201c\u00d6rnek Metin\u201d k\u0131s\u0131mlar\u0131 alanla ilgili olan herkese faydal\u0131 olacakt\u0131r.<\/p>\n","protected":false},"excerpt":{"rendered":"<p>Alan\u0131nda bir klasik olarak kabul edilen bu usta i\u015fi metin; dersleriniz, \u00e7al\u0131\u015fmalar\u0131n\u0131z ve bir sosyal hizmet uzman\u0131 olarak kariyeriniz boyunca sizin i\u00e7in g\u00fcvenilir bir dost olacakt\u0131r.<span class=\"excerpt-hellip\"> [\u2026]<\/span><\/p>\n","protected":false},"featured_media":0,"template":"","meta":{"_monsterinsights_skip_tracking":false,"_monsterinsights_sitenote_active":false,"_monsterinsights_sitenote_note":"","_monsterinsights_sitenote_category":0},"product_brand":[],"product_cat":[12325,12324],"product_tag":[],"class_list":{"0":"post-723547","1":"product","2":"type-product","3":"status-publish","5":"product_cat-diger-sosyoloji","6":"product_cat-sosyoloji","7":"pa_cilt-ciltsiz","8":"pa_tur-kitap","9":"pa_yayinevi-nika-yayinevi","10":"pa_yazar-malcolm-payne","12":"first","13":"instock","14":"sale","15":"shipping-taxable","16":"purchasable","17":"product-type-simple"},"_links":{"self":[{"href":"https:\/\/roveyayinevi.com.tr\/index.php\/wp-json\/wp\/v2\/product\/723547","targetHints":{"allow":["GET"]}}],"collection":[{"href":"https:\/\/roveyayinevi.com.tr\/index.php\/wp-json\/wp\/v2\/product"}],"about":[{"href":"https:\/\/roveyayinevi.com.tr\/index.php\/wp-json\/wp\/v2\/types\/product"}],"wp:attachment":[{"href":"https:\/\/roveyayinevi.com.tr\/index.php\/wp-json\/wp\/v2\/media?parent=723547"}],"wp:term":[{"taxonomy":"product_brand","embeddable":true,"href":"https:\/\/roveyayinevi.com.tr\/index.php\/wp-json\/wp\/v2\/product_brand?post=723547"},{"taxonomy":"product_cat","embeddable":true,"href":"https:\/\/roveyayinevi.com.tr\/index.php\/wp-json\/wp\/v2\/product_cat?post=723547"},{"taxonomy":"product_tag","embeddable":true,"href":"https:\/\/roveyayinevi.com.tr\/index.php\/wp-json\/wp\/v2\/product_tag?post=723547"}],"curies":[{"name":"wp","href":"https:\/\/api.w.org\/{rel}","templated":true}]}}