{"id":723546,"date":"2025-08-27T19:20:30","date_gmt":"2025-08-27T16:20:30","guid":{"rendered":"https:\/\/roveyayinevi.com.tr\/index.php\/urun\/hormonlarin-gucu\/"},"modified":"2026-04-16T02:31:14","modified_gmt":"2026-04-15T23:31:14","slug":"hormonlarin-gucu","status":"publish","type":"product","link":"https:\/\/roveyayinevi.com.tr\/index.php\/urun\/hormonlarin-gucu\/","title":{"rendered":"Hormonlar\u0131n G\u00fcc\u00fc"},"content":{"rendered":"<p>Hormonlar nas\u0131l ke\u015ffedildi? Bu ke\u015fif t\u0131p tarihi i\u00e7in neden bir d\u00f6n\u00fcm noktas\u0131yd\u0131? \u00d6ncesinde hormon bozukluklar\u0131 olan insanlar neler ya\u015f\u0131yordu? Hormonlar\u0131 kontrol ederek bedenlerimize h\u00fckmetme \u00e7abalar\u0131m\u0131z ne gibi zaferler ve h\u00fcsranlarla sonu\u00e7land\u0131? Cinsiyet hormonlar\u0131 hakk\u0131nda \u00f6\u011frendiklerimiz, cinsel kimliklerimize dair g\u00f6r\u00fc\u015flerimizi nas\u0131l de\u011fi\u015ftirdi? Son ara\u015ft\u0131rmalar ileri ya\u015ftaki erkek ve kad\u0131nlar\u0131n ra\u011fbet etti\u011fi hormon takviye ve tedavileri hakk\u0131nda ne diyor?   T\u0131p yazar\u0131 Randi Hutter Epstein bu kitapta, ergenlikten cinselli\u011fe, metabolizmadan davran\u0131\u015flara, ruh hallerinden uykuya ve ba\u011f\u0131\u015f\u0131kl\u0131k sistemine kadar hayat\u0131m\u0131z\u0131n bir\u00e7ok kritik ve\u00e7hesini y\u00f6neten hormonlar\u0131n tarihini inceliyor. Endokrinolojinin do\u011fu\u015fundan g\u00fcn\u00fcm\u00fcze kadar uzanan heyecan verici bir hik\u00e2ye bu. \u0130\u00e7inde neler yok ki: hormonlar\u0131n yeni yeni ke\u015ffedildi\u011fi zamanlarda mezarlardan ceset \u00e7alarak salg\u0131 bezlerini inceleyen doktorlar; gen\u00e7le\u015ftirme vaatlerine inanarak vazektomi yapt\u0131ran ya\u015fl\u0131 erkekler; mu\u011flak cinsel organlarla do\u011fan ve ailelere dan\u0131\u015f\u0131lmaks\u0131z\u0131n ameliyat edilerek doktorlarca bir cinsiyet \u201cdayat\u0131lan\u201d bebekler; \u00e7ocuklar\u0131n\u0131n boyunu uzatabilmek i\u00e7in morglardan ve patoloji laboratuvarlar\u0131ndan y\u00fczlerce hipofiz bezi toplamay\u0131 g\u00f6ze alan \u00e7aresiz ebeveynler; y\u0131lmadan \u00e7al\u0131\u015farak \u201cimk\u00e2ns\u0131z\u0131\u201d ba\u015faran biliminsanlar\u0131; t\u0131bb\u0131n geli\u015fmesiyle birlikte nihayet ait olduklar\u0131n\u0131 hissettikleri cinsiyete ge\u00e7ebilen insanlar\u2026   Hormonlar\u0131n tarihi ayn\u0131 zamanda ke\u015fiflerin, yanl\u0131\u015f ad\u0131mlar\u0131n, azmin ve umudun da hik\u00e2yesidir, diyor Epstein. Hormonlar\u0131n G\u00fcc\u00fc, hem temel bilimi hem de onu \u015fekillendiren insanlar\u0131 birlikte ele alarak, bizi biz yapan \u015feyin hik\u00e2yesini anlat\u0131yor. <\/p>\n","protected":false},"excerpt":{"rendered":"<p>Hormonlar nas\u0131l ke\u015ffedildi? Bu ke\u015fif t\u0131p tarihi i\u00e7in neden bir d\u00f6n\u00fcm noktas\u0131yd\u0131? \u00d6ncesinde hormon bozukluklar\u0131 olan insanlar neler ya\u015f\u0131yordu? Hormonlar\u0131 kontrol ederek bedenlerimize h\u00fckmetme \u00e7abalar\u0131m\u0131z ne<span class=\"excerpt-hellip\"> [\u2026]<\/span><\/p>\n","protected":false},"featured_media":0,"template":"","meta":{"_monsterinsights_skip_tracking":false,"_monsterinsights_sitenote_active":false,"_monsterinsights_sitenote_note":"","_monsterinsights_sitenote_category":0},"product_brand":[],"product_cat":[13005,38128],"product_tag":[],"class_list":{"0":"post-723546","1":"product","2":"type-product","3":"status-publish","5":"product_cat-bilim-muhendislik","6":"product_cat-tip-bilimleri","7":"pa_cilt-ciltsiz","8":"pa_tur-kitap","9":"pa_yayinevi-metis-yayinlari","10":"pa_yazar-randi-hutter-epstein","12":"first","13":"instock","14":"sale","15":"shipping-taxable","16":"purchasable","17":"product-type-simple"},"_links":{"self":[{"href":"https:\/\/roveyayinevi.com.tr\/index.php\/wp-json\/wp\/v2\/product\/723546","targetHints":{"allow":["GET"]}}],"collection":[{"href":"https:\/\/roveyayinevi.com.tr\/index.php\/wp-json\/wp\/v2\/product"}],"about":[{"href":"https:\/\/roveyayinevi.com.tr\/index.php\/wp-json\/wp\/v2\/types\/product"}],"wp:attachment":[{"href":"https:\/\/roveyayinevi.com.tr\/index.php\/wp-json\/wp\/v2\/media?parent=723546"}],"wp:term":[{"taxonomy":"product_brand","embeddable":true,"href":"https:\/\/roveyayinevi.com.tr\/index.php\/wp-json\/wp\/v2\/product_brand?post=723546"},{"taxonomy":"product_cat","embeddable":true,"href":"https:\/\/roveyayinevi.com.tr\/index.php\/wp-json\/wp\/v2\/product_cat?post=723546"},{"taxonomy":"product_tag","embeddable":true,"href":"https:\/\/roveyayinevi.com.tr\/index.php\/wp-json\/wp\/v2\/product_tag?post=723546"}],"curies":[{"name":"wp","href":"https:\/\/api.w.org\/{rel}","templated":true}]}}