{"id":723545,"date":"2025-08-27T19:20:29","date_gmt":"2025-08-27T16:20:29","guid":{"rendered":"https:\/\/roveyayinevi.com.tr\/index.php\/urun\/don-kisot-9\/"},"modified":"2026-04-16T02:31:14","modified_gmt":"2026-04-15T23:31:14","slug":"don-kisot-9","status":"publish","type":"product","link":"https:\/\/roveyayinevi.com.tr\/index.php\/urun\/don-kisot-9\/","title":{"rendered":"Don Ki\u015fot"},"content":{"rendered":"<p>Eski \u015f\u00f6valye romanlar\u0131ndan \u00e7ok etkilenen La Man\u00e7al\u0131 Don Ki\u015fot bir g\u00fcn b\u00fcy\u00fckbabas\u0131n\u0131n eski z\u0131rh\u0131n\u0131 \u00fczerine ge\u00e7irir, kafas\u0131na uyduruk bir mi\u011ffer takar. C\u0131l\u0131z at\u0131na Rozinante ad\u0131n\u0131 verir ve yola koyulur. Tuhaft\u0131r ki etrafta haklayaca\u011f\u0131 bir dev, kurtaraca\u011f\u0131 bir kad\u0131n, k\u0131l\u0131c\u0131yla ikiye b\u00f6lece\u011fi bir ejderha bulamaz. Ancak bu onu durdurmaz. Dev olarak g\u00f6rd\u00fc\u011f\u00fc yel de\u011firmenlerine sava\u015f a\u00e7ar, bir k\u00f6yl\u00fc k\u0131z\u0131na Toboso Prensesi Dulcenia ad\u0131n\u0131 verip ona \u00e2\u015f\u0131k olur, sahte prensesleri kurtar\u0131r. Yan\u0131na da fakir k\u00f6yl\u00fc San\u00e7o Panza\u2019y\u0131 al\u0131r. Birlikte maceradan maceraya ko\u015farlarken ba\u015flar\u0131na olmad\u0131k i\u015fler gelir.Roman t\u00fcr\u00fcn\u00fcn ilk \u00f6rne\u011fi olarak kabul edilen Don Ki\u015fot 1605 y\u0131l\u0131nda yay\u0131mland\u0131. O g\u00fcnden beri pek \u00e7ok dile \u00e7evrildi. \u00c7ocuklar i\u00e7in k\u0131salt\u0131lm\u0131\u015f ve sadele\u015ftirilmi\u015f haliyle bir kez daha okurla bulu\u015fuyor<\/p>\n","protected":false},"excerpt":{"rendered":"<p>Eski \u015f\u00f6valye romanlar\u0131ndan \u00e7ok etkilenen La Man\u00e7al\u0131 Don Ki\u015fot bir g\u00fcn b\u00fcy\u00fckbabas\u0131n\u0131n eski z\u0131rh\u0131n\u0131 \u00fczerine ge\u00e7irir, kafas\u0131na uyduruk bir mi\u011ffer takar. C\u0131l\u0131z at\u0131na Rozinante ad\u0131n\u0131 verir<span class=\"excerpt-hellip\"> [\u2026]<\/span><\/p>\n","protected":false},"featured_media":0,"template":"","meta":{"_monsterinsights_skip_tracking":false,"_monsterinsights_sitenote_active":false,"_monsterinsights_sitenote_note":"","_monsterinsights_sitenote_category":0},"product_brand":[],"product_cat":[12274,12467],"product_tag":[],"class_list":{"0":"post-723545","1":"product","2":"type-product","3":"status-publish","5":"product_cat-cocuk-ve-genclik-kitaplari","6":"product_cat-dunya-klasikleri","7":"pa_cilt-ciltsiz","8":"pa_tur-kitap","9":"pa_yayinevi-masalperest","10":"pa_yazar-cervantes","12":"first","13":"instock","14":"sale","15":"shipping-taxable","16":"purchasable","17":"product-type-simple"},"_links":{"self":[{"href":"https:\/\/roveyayinevi.com.tr\/index.php\/wp-json\/wp\/v2\/product\/723545","targetHints":{"allow":["GET"]}}],"collection":[{"href":"https:\/\/roveyayinevi.com.tr\/index.php\/wp-json\/wp\/v2\/product"}],"about":[{"href":"https:\/\/roveyayinevi.com.tr\/index.php\/wp-json\/wp\/v2\/types\/product"}],"wp:attachment":[{"href":"https:\/\/roveyayinevi.com.tr\/index.php\/wp-json\/wp\/v2\/media?parent=723545"}],"wp:term":[{"taxonomy":"product_brand","embeddable":true,"href":"https:\/\/roveyayinevi.com.tr\/index.php\/wp-json\/wp\/v2\/product_brand?post=723545"},{"taxonomy":"product_cat","embeddable":true,"href":"https:\/\/roveyayinevi.com.tr\/index.php\/wp-json\/wp\/v2\/product_cat?post=723545"},{"taxonomy":"product_tag","embeddable":true,"href":"https:\/\/roveyayinevi.com.tr\/index.php\/wp-json\/wp\/v2\/product_tag?post=723545"}],"curies":[{"name":"wp","href":"https:\/\/api.w.org\/{rel}","templated":true}]}}