{"id":723543,"date":"2025-08-27T19:20:27","date_gmt":"2025-08-27T16:20:27","guid":{"rendered":"https:\/\/roveyayinevi.com.tr\/index.php\/urun\/brotopya\/"},"modified":"2026-04-16T02:31:14","modified_gmt":"2026-04-15T23:31:14","slug":"brotopya","status":"publish","type":"product","link":"https:\/\/roveyayinevi.com.tr\/index.php\/urun\/brotopya\/","title":{"rendered":"Brotopya"},"content":{"rendered":"<p>Silikon vadisi, insanlar\u0131n d\u00fcnyay\u0131 de\u011fi\u015ftirdi\u011fi modern bir \u00fctopyad\u0131r. Tabii erkek olmak ko\u015fuluyla!\u201cSilikon Vadisi, g\u00fcndelik ya\u015famlar\u0131m\u0131z\u0131 belirledi\u011fi kadar, gelece\u011fimizi cennete veya k\u00e2busa \u00e7evirme g\u00fcc\u00fcne de sahip. Dolay\u0131s\u0131yla Brotopya da bir i\u015f kitab\u0131 olman\u0131n \u00e7ok \u00f6tesinde.\u201dNew York TimesTeknoloji alan\u0131nda \u00e7al\u0131\u015fan kad\u0131nlar i\u00e7in Silikon Vadisi, t\u00fcm hayallerin ger\u00e7ek oldu\u011fu bir \u015fenlik ortam\u0131 de\u011fil, kurallar\u0131 erkeklerin koydu\u011fu, zorlu ko\u015fullarca belirlenen bir ya\u015fam alan\u0131d\u0131r. Gazeteci Emily Chang elinizdeki kitapta, Silikon Vadisi\u2019nin t\u00fcm ideallerine ra\u011fmen nas\u0131l da cinsiyet\u00e7i oldu\u011funu g\u00f6zler \u00f6n\u00fcne seriyor. Facebook COO\u2019su Sheryl Sandberg, YouTube CEO\u2019su Susan Wojcicki ve Yahoo!\u2019nun eski CEO\u2019su Marissa Mayer ile yapt\u0131\u011f\u0131 s\u00f6yle\u015filere dayanarak, \u201cSilikon Tavan\u201d\u0131 delip ge\u00e7menin ne kadar da zorlu oldu\u011funu anlat\u0131yor. Chang okurlar\u0131, erkekler kul\u00fcb\u00fcn\u00fc da\u011f\u0131tmaya, zehirleyici k\u00fclt\u00fcr\u00fc temizlemeye ve daha insanc\u0131l ve e\u015fitlik\u00e7i bir ortam yaratmaya davet ediyor.<\/p>\n","protected":false},"excerpt":{"rendered":"<p>Silikon vadisi, insanlar\u0131n d\u00fcnyay\u0131 de\u011fi\u015ftirdi\u011fi modern bir \u00fctopyad\u0131r. Tabii erkek olmak ko\u015fuluyla!\u201cSilikon Vadisi, g\u00fcndelik ya\u015famlar\u0131m\u0131z\u0131 belirledi\u011fi kadar, gelece\u011fimizi cennete veya k\u00e2busa \u00e7evirme g\u00fcc\u00fcne de sahip. Dolay\u0131s\u0131yla<span class=\"excerpt-hellip\"> [\u2026]<\/span><\/p>\n","protected":false},"featured_media":0,"template":"","meta":{"_monsterinsights_skip_tracking":false,"_monsterinsights_sitenote_active":false,"_monsterinsights_sitenote_note":"","_monsterinsights_sitenote_category":0},"product_brand":[],"product_cat":[12338,12337],"product_tag":[],"class_list":{"0":"post-723543","1":"product","2":"type-product","3":"status-publish","5":"product_cat-dunya-siyaseti-ve-politikasi","6":"product_cat-politika-siyaset","7":"pa_cilt-ciltsiz","8":"pa_tur-kitap","9":"pa_yayinevi-mediacat-kitaplari","10":"pa_yazar-emily-chang","12":"first","13":"instock","14":"sale","15":"shipping-taxable","16":"purchasable","17":"product-type-simple"},"_links":{"self":[{"href":"https:\/\/roveyayinevi.com.tr\/index.php\/wp-json\/wp\/v2\/product\/723543","targetHints":{"allow":["GET"]}}],"collection":[{"href":"https:\/\/roveyayinevi.com.tr\/index.php\/wp-json\/wp\/v2\/product"}],"about":[{"href":"https:\/\/roveyayinevi.com.tr\/index.php\/wp-json\/wp\/v2\/types\/product"}],"wp:attachment":[{"href":"https:\/\/roveyayinevi.com.tr\/index.php\/wp-json\/wp\/v2\/media?parent=723543"}],"wp:term":[{"taxonomy":"product_brand","embeddable":true,"href":"https:\/\/roveyayinevi.com.tr\/index.php\/wp-json\/wp\/v2\/product_brand?post=723543"},{"taxonomy":"product_cat","embeddable":true,"href":"https:\/\/roveyayinevi.com.tr\/index.php\/wp-json\/wp\/v2\/product_cat?post=723543"},{"taxonomy":"product_tag","embeddable":true,"href":"https:\/\/roveyayinevi.com.tr\/index.php\/wp-json\/wp\/v2\/product_tag?post=723543"}],"curies":[{"name":"wp","href":"https:\/\/api.w.org\/{rel}","templated":true}]}}