{"id":723539,"date":"2025-08-27T19:20:23","date_gmt":"2025-08-27T16:20:23","guid":{"rendered":"https:\/\/roveyayinevi.com.tr\/index.php\/urun\/henrietta-lacksin-olumsuz-yasami\/"},"modified":"2026-04-16T02:31:13","modified_gmt":"2026-04-15T23:31:13","slug":"henrietta-lacksin-olumsuz-yasami","status":"publish","type":"product","link":"https:\/\/roveyayinevi.com.tr\/index.php\/urun\/henrietta-lacksin-olumsuz-yasami\/","title":{"rendered":"Henrietta Lacks\u2019in \u00d6l\u00fcms\u00fcz Ya\u015fam\u0131"},"content":{"rendered":"<p>\u201cDuvar\u0131mda hi\u00e7 tan\u0131\u015fmad\u0131\u011f\u0131m bir kad\u0131n\u0131n foto\u011fraf\u0131 as\u0131l\u0131; sol k\u00f6\u015fesi y\u0131rt\u0131lm\u0131\u015f ve bantla yap\u0131\u015ft\u0131r\u0131lm\u0131\u015f. Elleri belinde, do\u011frudan kameraya bak\u0131yor ve g\u00fcl\u00fcms\u00fcyor. \u00d6zenle \u00fct\u00fclenmi\u015f bir d\u00f6piyes giymi\u015f, dudaklar\u0131na koyu k\u0131rm\u0131z\u0131 ruj s\u00fcrm\u00fc\u015f. 1940\u2019lar\u0131n sonu ve hen\u00fcz otuzuna varmam\u0131\u015f. A\u00e7\u0131k kahverengi teni p\u00fcr\u00fczs\u00fcz, g\u00f6zleri h\u00e2l\u00e2 gen\u00e7 ve ne\u015feyle bak\u0131yor. \u0130\u00e7inde b\u00fcy\u00fcmekte olup be\u015f \u00e7ocu\u011funu annesiz b\u0131rakacak ve t\u0131bb\u0131n gelece\u011fini de\u011fi\u015ftirecek t\u00fcm\u00f6rden habersiz. Foto\u011fraf\u0131n alt\u0131nda ad\u0131n\u0131n \u2018Henrietta Lacks, Helen Lane ya da Helen Larson\u2019 oldu\u011fu yaz\u0131yor.Kimin \u00e7ekti\u011fi bilinmiyor ancak bu foto\u011fraf dergilerde, bilim kitaplar\u0131nda, bloglarda ve laboratuvar duvarlar\u0131nda y\u00fczlerce kez g\u00f6r\u00fcnd\u00fc. Genellikle Helen Lane olarak an\u0131l\u0131yor ama \u00e7o\u011fu zaman da hi\u00e7 ad\u0131 yok. Ona basit bir \u015fekilde HeLa deniyor, d\u00fcnyan\u0131n ilk \u00f6l\u00fcms\u00fcz insan h\u00fccrelerine onun h\u00fccrelerine, \u00f6lmeden yaln\u0131zca aylar \u00f6nce rahminin a\u011fz\u0131ndan kesip al\u0131nan h\u00fccrelerine verilen ad bu.Ger\u00e7ek ad\u0131 Henrietta Lacks.Doktorlar onun h\u00fccrelerini, iznini almadan ald\u0131lar. Bu h\u00fccreler hi\u00e7 \u00f6lmedi.Yer\u00e7ekimi olmayan \u015fartlarda insan h\u00fccrelerine ne olaca\u011f\u0131n\u0131 g\u00f6rmek i\u00e7in uzaya, \u00f6nce onun h\u00fccreleri g\u00f6nderildi.Bu h\u00fccreler sayesinde \u00e7i\u00e7ek a\u015f\u0131s\u0131, kemoterapi, klonlama, suni d\u00f6llenme, gen haritalamas\u0131 gibi konularda ya\u015famsal \u00f6nemde ilerlemeler kaydedildi. T\u0131bb\u00ee bir devrimin ve milyon dolarl\u0131k bir sanayinin ba\u015flang\u0131c\u0131 oldular. Ailesinin ise sa\u011fl\u0131k sigortas\u0131n\u0131 kar\u015f\u0131lamaya g\u00fcc\u00fc yok.<\/p>\n","protected":false},"excerpt":{"rendered":"<p>\u201cDuvar\u0131mda hi\u00e7 tan\u0131\u015fmad\u0131\u011f\u0131m bir kad\u0131n\u0131n foto\u011fraf\u0131 as\u0131l\u0131; sol k\u00f6\u015fesi y\u0131rt\u0131lm\u0131\u015f ve bantla yap\u0131\u015ft\u0131r\u0131lm\u0131\u015f. Elleri belinde, do\u011frudan kameraya bak\u0131yor ve g\u00fcl\u00fcms\u00fcyor. \u00d6zenle \u00fct\u00fclenmi\u015f bir d\u00f6piyes giymi\u015f, dudaklar\u0131na<span class=\"excerpt-hellip\"> [\u2026]<\/span><\/p>\n","protected":false},"featured_media":0,"template":"","meta":{"_monsterinsights_skip_tracking":false,"_monsterinsights_sitenote_active":false,"_monsterinsights_sitenote_note":"","_monsterinsights_sitenote_category":0},"product_brand":[],"product_cat":[14009,12291],"product_tag":[],"class_list":{"0":"post-723539","1":"product","2":"type-product","3":"status-publish","5":"product_cat-biyografi-otobiyografi-edebiyat","6":"product_cat-edebiyat","7":"pa_cilt-ciltsiz","8":"pa_tur-kitap","9":"pa_yayinevi-eksik-parca-yayinlari","10":"pa_yazar-rebecca-skloot","12":"first","13":"instock","14":"sale","15":"shipping-taxable","16":"purchasable","17":"product-type-simple"},"_links":{"self":[{"href":"https:\/\/roveyayinevi.com.tr\/index.php\/wp-json\/wp\/v2\/product\/723539","targetHints":{"allow":["GET"]}}],"collection":[{"href":"https:\/\/roveyayinevi.com.tr\/index.php\/wp-json\/wp\/v2\/product"}],"about":[{"href":"https:\/\/roveyayinevi.com.tr\/index.php\/wp-json\/wp\/v2\/types\/product"}],"wp:attachment":[{"href":"https:\/\/roveyayinevi.com.tr\/index.php\/wp-json\/wp\/v2\/media?parent=723539"}],"wp:term":[{"taxonomy":"product_brand","embeddable":true,"href":"https:\/\/roveyayinevi.com.tr\/index.php\/wp-json\/wp\/v2\/product_brand?post=723539"},{"taxonomy":"product_cat","embeddable":true,"href":"https:\/\/roveyayinevi.com.tr\/index.php\/wp-json\/wp\/v2\/product_cat?post=723539"},{"taxonomy":"product_tag","embeddable":true,"href":"https:\/\/roveyayinevi.com.tr\/index.php\/wp-json\/wp\/v2\/product_tag?post=723539"}],"curies":[{"name":"wp","href":"https:\/\/api.w.org\/{rel}","templated":true}]}}