{"id":723535,"date":"2025-08-27T19:20:20","date_gmt":"2025-08-27T16:20:20","guid":{"rendered":"https:\/\/roveyayinevi.com.tr\/index.php\/urun\/guney-denizi-hikayeleri\/"},"modified":"2026-04-16T02:31:13","modified_gmt":"2026-04-15T23:31:13","slug":"guney-denizi-hikayeleri","status":"publish","type":"product","link":"https:\/\/roveyayinevi.com.tr\/index.php\/urun\/guney-denizi-hikayeleri\/","title":{"rendered":"G\u00fcney Denizi Hikayeleri"},"content":{"rendered":"<p>B\u00fcy\u00fck ser\u00fcvenlerin b\u00fcy\u00fck yazar\u0131 Jack London, bizi y\u00fczy\u0131l \u00f6ncesinin dalgal\u0131 denizlerine g\u00f6t\u00fcr\u00fcyor. 19. y\u00fczy\u0131l\u0131n sonlar\u0131nda ve 20. y\u00fczy\u0131l\u0131n ba\u015flar\u0131nda Pasifik b\u00f6lgesindeki de\u011fi\u015fik ada topluluklar\u0131nda ve teknelerde ge\u00e7en G\u00fcney Denizi Hik\u00e2yeleri\u2019nin \u00e7o\u011funlu\u011fu yazar\u0131n g\u00f6rg\u00fc tan\u0131\u011f\u0131 oldu\u011fu ger\u00e7ek olaylardan esinlenmi\u015f. Ki\u015fisel deneyimlere dayanan anlat\u0131lar\u0131n g\u00fcc\u00fcyle aktar\u0131lan bu hik\u00e2yeler, s\u00f6m\u00fcrgeler \u00e7a\u011f\u0131ndaki Pasifik \u00fclkelerini, emperyalizmle egzotik ortam\u0131n aras\u0131ndaki ili\u015fkiyi ve b\u00f6lgenin zorlu tropikal ko\u015fullar\u0131n\u0131 irdeliyor.S\u00f6m\u00fcrgecilerin, ka\u00e7\u0131r\u0131l\u0131p k\u00f6le olarak sat\u0131lan G\u00fcney Denizi adal\u0131lar\u0131na takt\u0131klar\u0131 adla karatavuklar, topraklar\u0131n\u0131 i\u015fgal eden tamahk\u00e2r ve do land\u0131r\u0131c\u0131 Bat\u0131l\u0131 tacirlerle ba\u015fa \u00e7\u0131kmak zorundayd\u0131lar. \u0130lk bak\u0131\u015fta adalardaki yerli halk\u0131n kurban, yabanc\u0131lar\u0131n da zorba oldu\u011fu bu co\u011frafyada, ezilen adal\u0131lar sonunda zorbal\u0131\u011fa isyan edip efendilerini \u00f6ld\u00fcrmeye, mallar\u0131n\u0131 \u00e7almaya kalk\u0131nca i\u015fler tersine d\u00f6nm\u00fc\u015ft\u00fc. Hi\u00e7bir \u015fey ve hi\u00e7 kimse ne tam siyah ne de tam beyazd\u0131; G\u00fcney Pasifik b\u00f6lgesinin tart\u0131\u015f\u0131lmaz ger\u00e7e\u011fiydi bu.\u201cOnun kadar maceraperest ve eylem adam\u0131 pek az yazar vard\u0131r&#8230; K\u0131sa hik\u00e2yelerindeki m\u00fckemmellik neredeyse unutuldu.\u201d<\/p>\n","protected":false},"excerpt":{"rendered":"<p>B\u00fcy\u00fck ser\u00fcvenlerin b\u00fcy\u00fck yazar\u0131 Jack London, bizi y\u00fczy\u0131l \u00f6ncesinin dalgal\u0131 denizlerine g\u00f6t\u00fcr\u00fcyor. 19. y\u00fczy\u0131l\u0131n sonlar\u0131nda ve 20. y\u00fczy\u0131l\u0131n ba\u015flar\u0131nda Pasifik b\u00f6lgesindeki de\u011fi\u015fik ada topluluklar\u0131nda ve teknelerde<span class=\"excerpt-hellip\"> [\u2026]<\/span><\/p>\n","protected":false},"featured_media":0,"template":"","meta":{"_monsterinsights_skip_tracking":false,"_monsterinsights_sitenote_active":false,"_monsterinsights_sitenote_note":"","_monsterinsights_sitenote_category":0},"product_brand":[],"product_cat":[12291,12711],"product_tag":[],"class_list":{"0":"post-723535","1":"product","2":"type-product","3":"status-publish","5":"product_cat-edebiyat","6":"product_cat-roman-oyku","7":"pa_cilt-ciltsiz","8":"pa_tur-kitap","9":"pa_yayinevi-can-yayinlari","10":"pa_yazar-jack-london","12":"first","13":"instock","14":"sale","15":"shipping-taxable","16":"purchasable","17":"product-type-simple"},"_links":{"self":[{"href":"https:\/\/roveyayinevi.com.tr\/index.php\/wp-json\/wp\/v2\/product\/723535","targetHints":{"allow":["GET"]}}],"collection":[{"href":"https:\/\/roveyayinevi.com.tr\/index.php\/wp-json\/wp\/v2\/product"}],"about":[{"href":"https:\/\/roveyayinevi.com.tr\/index.php\/wp-json\/wp\/v2\/types\/product"}],"wp:attachment":[{"href":"https:\/\/roveyayinevi.com.tr\/index.php\/wp-json\/wp\/v2\/media?parent=723535"}],"wp:term":[{"taxonomy":"product_brand","embeddable":true,"href":"https:\/\/roveyayinevi.com.tr\/index.php\/wp-json\/wp\/v2\/product_brand?post=723535"},{"taxonomy":"product_cat","embeddable":true,"href":"https:\/\/roveyayinevi.com.tr\/index.php\/wp-json\/wp\/v2\/product_cat?post=723535"},{"taxonomy":"product_tag","embeddable":true,"href":"https:\/\/roveyayinevi.com.tr\/index.php\/wp-json\/wp\/v2\/product_tag?post=723535"}],"curies":[{"name":"wp","href":"https:\/\/api.w.org\/{rel}","templated":true}]}}