{"id":723534,"date":"2025-08-27T19:20:19","date_gmt":"2025-08-27T16:20:19","guid":{"rendered":"https:\/\/roveyayinevi.com.tr\/index.php\/urun\/evlilik\/"},"modified":"2026-04-16T02:31:13","modified_gmt":"2026-04-15T23:31:13","slug":"evlilik","status":"publish","type":"product","link":"https:\/\/roveyayinevi.com.tr\/index.php\/urun\/evlilik\/","title":{"rendered":"Evlilik"},"content":{"rendered":"<p>Edebiyat tarihinin en sevilen romanlar\u0131na imza atan Jane Austen, d\u00f6rt k\u00fclt roman\u0131ndan derlenen bu metinlerde, 19. y\u00fczy\u0131l \u0130ngiltere\u2019sinde evlili\u011fe neden bu denli \u00f6nem atfedildi\u011fi sorusuna yan\u0131tlar ar\u0131yor. \u0130ronik yakla\u015f\u0131m\u0131yla, \u0130ngiliz toplumunun evlilik merak\u0131n\u0131, ailelerin, soylular\u0131n ve evlendirilmek istenen gen\u00e7lerin bak\u0131\u015f\u0131ndan evlilik \u201cm\u00fcessese\u201dsini ele al\u0131yor. Fl\u00f6rtler, entrikalar aras\u0131nda d\u00fcnyan\u0131n pek \u00e7ok yerinde geleneklerin kad\u0131na bi\u00e7ti\u011fi en iyi gelecek projesi \u201cevlilik\u201dle, kad\u0131nlar\u0131n a\u015fklar\u0131n\u0131 se\u00e7me hakk\u0131 aras\u0131ndaki gerilimi mizah, zek\u00e2 ve sevecenlikle yans\u0131t\u0131rken, bir yandan da genelde toplum do\u011frular\u0131yla \u00f6zelde ise s\u0131n\u0131f farkl\u0131l\u0131klar\u0131 ve kad\u0131n\u0131n konumlan\u0131\u015f\u0131yla incelikli bir \u015fekilde dalga ge\u00e7en yazar, d\u00f6nemin yayg\u0131n bir\u00e7ok gelene\u011fini ele\u015ftirmekten de geri durmuyor.<\/p>\n","protected":false},"excerpt":{"rendered":"<p>Edebiyat tarihinin en sevilen romanlar\u0131na imza atan Jane Austen, d\u00f6rt k\u00fclt roman\u0131ndan derlenen bu metinlerde, 19. y\u00fczy\u0131l \u0130ngiltere\u2019sinde evlili\u011fe neden bu denli \u00f6nem atfedildi\u011fi sorusuna yan\u0131tlar<span class=\"excerpt-hellip\"> [\u2026]<\/span><\/p>\n","protected":false},"featured_media":0,"template":"","meta":{"_monsterinsights_skip_tracking":false,"_monsterinsights_sitenote_active":false,"_monsterinsights_sitenote_note":"","_monsterinsights_sitenote_category":0},"product_brand":[],"product_cat":[12291,12711],"product_tag":[],"class_list":{"0":"post-723534","1":"product","2":"type-product","3":"status-publish","5":"product_cat-edebiyat","6":"product_cat-roman-oyku","7":"pa_cilt-ciltsiz","8":"pa_tur-kitap","9":"pa_yayinevi-can-yayinlari","10":"pa_yazar-jane-austen","12":"first","13":"instock","14":"sale","15":"shipping-taxable","16":"purchasable","17":"product-type-simple"},"_links":{"self":[{"href":"https:\/\/roveyayinevi.com.tr\/index.php\/wp-json\/wp\/v2\/product\/723534","targetHints":{"allow":["GET"]}}],"collection":[{"href":"https:\/\/roveyayinevi.com.tr\/index.php\/wp-json\/wp\/v2\/product"}],"about":[{"href":"https:\/\/roveyayinevi.com.tr\/index.php\/wp-json\/wp\/v2\/types\/product"}],"wp:attachment":[{"href":"https:\/\/roveyayinevi.com.tr\/index.php\/wp-json\/wp\/v2\/media?parent=723534"}],"wp:term":[{"taxonomy":"product_brand","embeddable":true,"href":"https:\/\/roveyayinevi.com.tr\/index.php\/wp-json\/wp\/v2\/product_brand?post=723534"},{"taxonomy":"product_cat","embeddable":true,"href":"https:\/\/roveyayinevi.com.tr\/index.php\/wp-json\/wp\/v2\/product_cat?post=723534"},{"taxonomy":"product_tag","embeddable":true,"href":"https:\/\/roveyayinevi.com.tr\/index.php\/wp-json\/wp\/v2\/product_tag?post=723534"}],"curies":[{"name":"wp","href":"https:\/\/api.w.org\/{rel}","templated":true}]}}