{"id":723533,"date":"2025-08-27T19:20:18","date_gmt":"2025-08-27T16:20:18","guid":{"rendered":"https:\/\/roveyayinevi.com.tr\/index.php\/urun\/belediyelere-ait-genclik-merkezlerinde-etkinliklere-katilan-bireylerin-memnuniyet-beklenti\/"},"modified":"2026-04-16T02:31:13","modified_gmt":"2026-04-15T23:31:13","slug":"belediyelere-ait-genclik-merkezlerinde-etkinliklere-katilan-bireylerin-memnuniyet-beklenti","status":"publish","type":"product","link":"https:\/\/roveyayinevi.com.tr\/index.php\/urun\/belediyelere-ait-genclik-merkezlerinde-etkinliklere-katilan-bireylerin-memnuniyet-beklenti\/","title":{"rendered":"Belediyelere Ait Gen\u00e7lik Merkezlerinde Etkinliklere Kat\u0131lan Bireylerin Memnuniyet Beklenti"},"content":{"rendered":"<p>\u0130\u00e7indekiler 1.      Zaman Kavram\u0131 2.      Serbest Zaman 3.      Serbest Zaman Tan\u0131m\u0131 4.      Serbest Zaman ve Rekreasyon 5.      Serbest Zaman Faaliyetlerine Kat\u0131lmay\u0131 Etkileyen Fakt\u00f6rler 6.      Gen\u00e7 ve Gen\u00e7lik Kavramlar\u0131 7.      T\u00fcrkiye\u2019de Gen\u00e7lik Profili 8.      T\u00fcrkiye\u2019de Gen\u00e7likle \u0130lgili Genel Sorunlar ve Sorun Alanlar\u0131 9.      Geleneksel Sorunlar 10.  G\u00fcncel Sorunlar 11.  \u0130ktisadi Sorunlar 12.  Gen\u00e7lik Politikalar\u0131n\u0131n Temel Amac\u0131 13.  T\u00fcrkiye\u2019nin Ulusal Gen\u00e7lik Politikas\u0131 ve Gen\u00e7lik ve Spor Bakanl\u0131\u011f\u0131 Gen\u00e7lik Politika Belgesi 14.  Beklenti ve Memnuniyet Kavramlar\u0131 15.  Beklenti Kavram\u0131 16.  Memnuniyet Kavram\u0131 17.  T\u00fcrkiye\u2019de Yerel Y\u00f6netimler: Yasal Mevzuat ve Kurumsal Yap\u0131 18.  Yerel Y\u00f6netim Kavram\u0131 19.  T\u00fcrkiye\u2019de Yerel Y\u00f6netimlerin K\u0131sa Tarih\u00e7esi 20.  Cumhuriyet \u00d6ncesi Yerel Y\u00f6netimler 21.  Cumhuriyet D\u00f6neminde Yerel Y\u00f6netimler 22.  Yerel Y\u00f6netimlerin Sosyal Politika Fonksiyonu Kapsam\u0131nda Gen\u00e7lere Y\u00f6nelik Hizmetleri 23.  Yerel Y\u00f6netim ve Gen\u00e7lik Boyutu 24.  Yerel Y\u00f6netimler Bak\u0131m\u0131ndan Gen\u00e7lik Politikalar\u0131 25.  Yerel Y\u00f6netimler ve Rekreasyon 26.  Gen\u00e7lik ve Sporla \u0130lgili Anayasal Maddeler 27.  Sporun Geli\u015ftirilmesi ve Tahkim Ba\u015fl\u0131kl\u0131 Maddesinde ise: 28.  6360 Say\u0131l\u0131 Yasa ile De\u011fi\u015fen Yerel Y\u00f6netim Sistemi 29.  T\u00fcrkiye\u2019de Gen\u00e7lere Y\u00f6nelik Yerel Bir Hizmet Olarak Gen\u00e7lik Merkezleri 30.  Gen\u00e7lik Merkezlerinin Hukuki Temelleri ve Alanlar\u0131 31.  Gen\u00e7lik Merkezi Faaliyetleri 32.  Gen\u00e7lik Merkezlerinin Vizyon ve Misyonu 33.  Gen\u00e7lik Merkezi Vizyonu 34.  Gen\u00e7lik Merkezi Misyonu <\/p>\n","protected":false},"excerpt":{"rendered":"<p>\u0130\u00e7indekiler 1. Zaman Kavram\u0131 2. Serbest Zaman 3. Serbest Zaman Tan\u0131m\u0131 4. Serbest Zaman ve Rekreasyon 5. Serbest Zaman Faaliyetlerine Kat\u0131lmay\u0131 Etkileyen Fakt\u00f6rler 6. Gen\u00e7 ve<span class=\"excerpt-hellip\"> [\u2026]<\/span><\/p>\n","protected":false},"featured_media":0,"template":"","meta":{"_monsterinsights_skip_tracking":false,"_monsterinsights_sitenote_active":false,"_monsterinsights_sitenote_note":"","_monsterinsights_sitenote_category":0},"product_brand":[],"product_cat":[12767,12324],"product_tag":[],"class_list":{"0":"post-723533","1":"product","2":"type-product","3":"status-publish","5":"product_cat-kentlesme-modernlesme","6":"product_cat-sosyoloji","7":"pa_cilt-ciltsiz","8":"pa_tur-kitap","9":"pa_yayinevi-gazi-kitabevi","10":"pa_yazar-metin-yildiz-bilal-coban","12":"first","13":"instock","14":"sale","15":"shipping-taxable","16":"purchasable","17":"product-type-simple"},"_links":{"self":[{"href":"https:\/\/roveyayinevi.com.tr\/index.php\/wp-json\/wp\/v2\/product\/723533","targetHints":{"allow":["GET"]}}],"collection":[{"href":"https:\/\/roveyayinevi.com.tr\/index.php\/wp-json\/wp\/v2\/product"}],"about":[{"href":"https:\/\/roveyayinevi.com.tr\/index.php\/wp-json\/wp\/v2\/types\/product"}],"wp:attachment":[{"href":"https:\/\/roveyayinevi.com.tr\/index.php\/wp-json\/wp\/v2\/media?parent=723533"}],"wp:term":[{"taxonomy":"product_brand","embeddable":true,"href":"https:\/\/roveyayinevi.com.tr\/index.php\/wp-json\/wp\/v2\/product_brand?post=723533"},{"taxonomy":"product_cat","embeddable":true,"href":"https:\/\/roveyayinevi.com.tr\/index.php\/wp-json\/wp\/v2\/product_cat?post=723533"},{"taxonomy":"product_tag","embeddable":true,"href":"https:\/\/roveyayinevi.com.tr\/index.php\/wp-json\/wp\/v2\/product_tag?post=723533"}],"curies":[{"name":"wp","href":"https:\/\/api.w.org\/{rel}","templated":true}]}}