{"id":723532,"date":"2025-08-27T19:20:17","date_gmt":"2025-08-27T16:20:17","guid":{"rendered":"https:\/\/roveyayinevi.com.tr\/index.php\/urun\/seffaflik-raporlamasi\/"},"modified":"2026-04-16T02:31:13","modified_gmt":"2026-04-15T23:31:13","slug":"seffaflik-raporlamasi","status":"publish","type":"product","link":"https:\/\/roveyayinevi.com.tr\/index.php\/urun\/seffaflik-raporlamasi\/","title":{"rendered":"\u015eeffafl\u0131k Raporlamas\u0131"},"content":{"rendered":"<p>\u0130\u00e7indekiler 1.      B\u00f6l\u00fcm \u2013 Raporlama 1.      Raporlama Kavram\u0131 2.      Kurumsal Raporlaman\u0131n Amac\u0131 ve \u00d6nemi 3.      Kurumsal Raporlaman\u0131n Tarihsel Geli\u015fimi . 4.      Finansal Raporlama 5.      Faaliyet Raporlamas\u0131 6.      Kurumsal Y\u00f6netim Raporlamas\u0131 7.      Kurumsal Sosyal Sorumluluk Raporlamas\u0131 8.      S\u00fcrd\u00fcr\u00fclebilirlik Raporlamas\u0131 9.      Entegre Raporlama 2.      B\u00f6l\u00fcm \u2013 Ba\u011f\u0131ms\u0131z Denetim Kurulu\u015flar\u0131 1.      D\u00fcnyada ve T\u00fcrkiye\u2019de Ya\u015fanan Kurumsal Raporlama Skandallar\u0131 2.      Ba\u011f\u0131ms\u0131z Denetime \u0130li\u015fkin D\u00fczenlemeler 3.      Ba\u011f\u0131ms\u0131z Denetim Kurulu\u015flar\u0131n\u0131n ve Denet\u00e7ilerin Yetkilendirilmesi 4.      Ba\u011f\u0131ms\u0131z Denetim Kurulu\u015flar\u0131 Taraf\u0131ndan Sa\u011flanan Hizmetler 5.      Ba\u011f\u0131ms\u0131z Denetim Kurulu\u015flar\u0131n\u0131n Y\u00fck\u00fcml\u00fcl\u00fckleri 6.      Ba\u011f\u0131ms\u0131z Denetim Kurulu\u015flar\u0131n\u0131n G\u00f6zetimi 7.      Ba\u011f\u0131ms\u0131z Denetim Kurulu\u015flar\u0131na Uygulanacak \u0130dari Yapt\u0131r\u0131mlar 3.      B\u00f6l\u00fcm \u2013 \u015eeffafl\u0131k Raporlamas\u0131 ve \u015eeffafl\u0131k Raporlar\u0131 \u00dczerine Bir Ara\u015ft\u0131rma 1.      Ba\u011f\u0131ms\u0131z Denetimde \u015eeffafl\u0131k Kavram\u0131 2.      \u015eeffafl\u0131k Raporlamas\u0131n\u0131n Amac\u0131 ve \u00d6nemi 3.      \u015eeffafl\u0131k Raporlar\u0131n\u0131n Temel \u00d6zellikleri ve Sa\u011flayaca\u011f\u0131 Faydalar 4.      \u015eeffafl\u0131k Raporlar\u0131nda Yer Almas\u0131 Gereken Asgari Bilgiler 5.      \u015eeffafl\u0131k Raporu Haz\u0131rlama, Yay\u0131mlama ve Bildirme Y\u00fck\u00fcml\u00fcl\u00fc\u011f\u00fc 6.      \u015eeffafl\u0131k Raporu Bildirimleri \u00dczerinde Y\u00fcr\u00fct\u00fclen G\u00f6zetim Faaliyetleri 7.      \u015eeffafl\u0131k Raporlamas\u0131 \u0130le \u0130lgili Uluslararas\u0131 D\u00fczenlemeler 8.      \u015eeffafl\u0131k Raporlar\u0131 \u0130le \u0130lgili Literat\u00fcr \u0130ncelemesi 9.      \u015eeffafl\u0131k Raporlar\u0131 \u00dczerine Bir Ara\u015ft\u0131rma<\/p>\n","protected":false},"excerpt":{"rendered":"<p>\u0130\u00e7indekiler 1. B\u00f6l\u00fcm \u2013 Raporlama 1. Raporlama Kavram\u0131 2. Kurumsal Raporlaman\u0131n Amac\u0131 ve \u00d6nemi 3. Kurumsal Raporlaman\u0131n Tarihsel Geli\u015fimi . 4. Finansal Raporlama 5. Faaliyet Raporlamas\u0131<span class=\"excerpt-hellip\"> [\u2026]<\/span><\/p>\n","protected":false},"featured_media":0,"template":"","meta":{"_monsterinsights_skip_tracking":false,"_monsterinsights_sitenote_active":false,"_monsterinsights_sitenote_note":"","_monsterinsights_sitenote_category":0},"product_brand":[],"product_cat":[17249,13043],"product_tag":[],"class_list":{"0":"post-723532","1":"product","2":"type-product","3":"status-publish","5":"product_cat-borsa-finans","6":"product_cat-ekonomi","7":"pa_cilt-ciltsiz","8":"pa_tur-kitap","9":"pa_yayinevi-gazi-kitabevi","10":"pa_yazar-h-pinar-kaya","12":"first","13":"instock","14":"sale","15":"shipping-taxable","16":"purchasable","17":"product-type-simple"},"_links":{"self":[{"href":"https:\/\/roveyayinevi.com.tr\/index.php\/wp-json\/wp\/v2\/product\/723532","targetHints":{"allow":["GET"]}}],"collection":[{"href":"https:\/\/roveyayinevi.com.tr\/index.php\/wp-json\/wp\/v2\/product"}],"about":[{"href":"https:\/\/roveyayinevi.com.tr\/index.php\/wp-json\/wp\/v2\/types\/product"}],"wp:attachment":[{"href":"https:\/\/roveyayinevi.com.tr\/index.php\/wp-json\/wp\/v2\/media?parent=723532"}],"wp:term":[{"taxonomy":"product_brand","embeddable":true,"href":"https:\/\/roveyayinevi.com.tr\/index.php\/wp-json\/wp\/v2\/product_brand?post=723532"},{"taxonomy":"product_cat","embeddable":true,"href":"https:\/\/roveyayinevi.com.tr\/index.php\/wp-json\/wp\/v2\/product_cat?post=723532"},{"taxonomy":"product_tag","embeddable":true,"href":"https:\/\/roveyayinevi.com.tr\/index.php\/wp-json\/wp\/v2\/product_tag?post=723532"}],"curies":[{"name":"wp","href":"https:\/\/api.w.org\/{rel}","templated":true}]}}