{"id":723531,"date":"2025-08-27T19:20:17","date_gmt":"2025-08-27T16:20:17","guid":{"rendered":"https:\/\/roveyayinevi.com.tr\/index.php\/urun\/teorik-ve-pratik-bakimdan-dunyada-ve-turkiyede-islami-finans\/"},"modified":"2026-04-16T02:31:13","modified_gmt":"2026-04-15T23:31:13","slug":"teorik-ve-pratik-bakimdan-dunyada-ve-turkiyede-islami-finans","status":"publish","type":"product","link":"https:\/\/roveyayinevi.com.tr\/index.php\/urun\/teorik-ve-pratik-bakimdan-dunyada-ve-turkiyede-islami-finans\/","title":{"rendered":"Teorik ve Pratik Bak\u0131mdan D\u00fcnya&#8217;da ve T\u00fcrkiye&#8217;de \u0130slami Finans"},"content":{"rendered":"<p>\u0130\u00e7indekiler 1.      B\u00f6l\u00fcm \u2013 D\u00fcnya\u2019da \u0130slami Finans 1.      Teorik Olarak \u0130slami Finans -a. \u0130slami Finans Kavram\u0131  b.\u0130slami Finans\u0131n Geli\u015fiminin Dinamikleri  c. \u0130slami Finans\u0131n \u0130lkeleri.  d.\u0130slam\u2019\u0131n Faiz Yakla\u015f\u0131m\u0131  e. \u0130slami Finansal Akitler  f.  \u0130slami Finans Sekt\u00f6r\u00fcnde Uluslararas\u0131 D\u00fczenleyici ve Denetleyici Kurumlar 2.      Pratik Olarak \u0130slami Finans a. \u0130slami Finans\u0131n Geli\u015fim S\u00fcreci b.K\u00fcresel \u0130slami Finans Hizmetleri Sekt\u00f6r\u00fc (Varl\u0131klar\u0131n B\u00fcy\u00fckl\u00fckleri) c. K\u00fcresel \u0130slami Finansal Varl\u0131klar\u0131n B\u00f6lgelere G\u00f6re Da\u011f\u0131l\u0131m\u0131 d.En \u0130yi \u0130slami Finans Kurumlar e. \u0130slami Finans\u0131n Bile\u015fenleri 2.      B\u00f6l\u00fcm \u2013 T\u00fcrkiye\u2019de \u0130slami Finans 1.      T\u00fcrkiye \u2018de \u0130slami Finans\u0131n Tarihi 2.       Kat\u0131l\u0131m Bankac\u0131l\u0131\u011f\u0131 3.      Kat\u0131l\u0131m Bankac\u0131l\u0131\u011f\u0131n\u0131n T\u00fcrkiye Ekonomisine Olas\u0131 Katk\u0131lar\u0131 4.      Kat\u0131l\u0131m Bankalar\u0131n\u0131n Finansal Faaliyetleri 5.      Kat\u0131l\u0131m Bankac\u0131l\u0131\u011f\u0131n\u0131n Sekt\u00f6rel G\u00f6r\u00fcn\u00fcm\u00fc<\/p>\n","protected":false},"excerpt":{"rendered":"<p>\u0130\u00e7indekiler 1. B\u00f6l\u00fcm \u2013 D\u00fcnya\u2019da \u0130slami Finans 1. Teorik Olarak \u0130slami Finans -a. \u0130slami Finans Kavram\u0131 b.\u0130slami Finans\u0131n Geli\u015fiminin Dinamikleri c. \u0130slami Finans\u0131n \u0130lkeleri. d.\u0130slam\u2019\u0131n Faiz<span class=\"excerpt-hellip\"> [\u2026]<\/span><\/p>\n","protected":false},"featured_media":0,"template":"","meta":{"_monsterinsights_skip_tracking":false,"_monsterinsights_sitenote_active":false,"_monsterinsights_sitenote_note":"","_monsterinsights_sitenote_category":0},"product_brand":[],"product_cat":[17249,13043],"product_tag":[],"class_list":{"0":"post-723531","1":"product","2":"type-product","3":"status-publish","5":"product_cat-borsa-finans","6":"product_cat-ekonomi","7":"pa_cilt-ciltsiz","8":"pa_tur-kitap","9":"pa_yayinevi-gazi-kitabevi","10":"pa_yazar-mahmut-erdem-halim-tatli","12":"first","13":"instock","14":"sale","15":"shipping-taxable","16":"purchasable","17":"product-type-simple"},"_links":{"self":[{"href":"https:\/\/roveyayinevi.com.tr\/index.php\/wp-json\/wp\/v2\/product\/723531","targetHints":{"allow":["GET"]}}],"collection":[{"href":"https:\/\/roveyayinevi.com.tr\/index.php\/wp-json\/wp\/v2\/product"}],"about":[{"href":"https:\/\/roveyayinevi.com.tr\/index.php\/wp-json\/wp\/v2\/types\/product"}],"wp:attachment":[{"href":"https:\/\/roveyayinevi.com.tr\/index.php\/wp-json\/wp\/v2\/media?parent=723531"}],"wp:term":[{"taxonomy":"product_brand","embeddable":true,"href":"https:\/\/roveyayinevi.com.tr\/index.php\/wp-json\/wp\/v2\/product_brand?post=723531"},{"taxonomy":"product_cat","embeddable":true,"href":"https:\/\/roveyayinevi.com.tr\/index.php\/wp-json\/wp\/v2\/product_cat?post=723531"},{"taxonomy":"product_tag","embeddable":true,"href":"https:\/\/roveyayinevi.com.tr\/index.php\/wp-json\/wp\/v2\/product_tag?post=723531"}],"curies":[{"name":"wp","href":"https:\/\/api.w.org\/{rel}","templated":true}]}}