{"id":723530,"date":"2025-08-27T19:20:16","date_gmt":"2025-08-27T16:20:16","guid":{"rendered":"https:\/\/roveyayinevi.com.tr\/index.php\/urun\/piyano-egitimi-2\/"},"modified":"2026-04-16T02:31:13","modified_gmt":"2026-04-15T23:31:13","slug":"piyano-egitimi-2","status":"publish","type":"product","link":"https:\/\/roveyayinevi.com.tr\/index.php\/urun\/piyano-egitimi-2\/","title":{"rendered":"Piyano E\u011fitimi &#8211; 2"},"content":{"rendered":"<p>Bu kitap Se\u00e7me Eserler ve \u00c7al\u0131\u015fma Y\u00f6ntemleriyle Piyano E\u011fitimi-1 kitab\u0131m\u0131z\u0131n devam\u0131d\u0131r. \u00dc\u00e7 ayr\u0131 b\u00f6l\u00fcmden olu\u015fan bu ikinci kitab\u0131m\u0131z\u0131n ilk b\u00f6l\u00fcm\u00fcnde; Czerny\u2019nin Op. 599, Op. 849 ve Op. 636 et\u00fct metotlar\u0131ndan \u00f6zenle se\u00e7ilen et\u00fctler, ikinci b\u00f6l\u00fcm\u00fcnde; Bach\u2019\u0131n k\u00fc\u00e7\u00fck prel\u00fcdleri ile iki sesli envansiyonlar\u0131ndan se\u00e7meler, \u00fc\u00e7\u00fcnc\u00fc b\u00f6l\u00fcm\u00fcnde ise; Romantik D\u00f6nem\u2019in \u00f6nemli bestecileri aras\u0131nda say\u0131lan Schumann, Chopin, Grieg ve Tchaikovsky ile 20. y\u00fczy\u0131l\u0131n \u00e7a\u011fda\u015f bestecilerinden Bart\u00f3k, Tarcan ve Baran\u2019dan \u00f6zenle se\u00e7ilen eserler yer almaktad\u0131r. Bu eserlerin en \u00f6nemli \u00f6zellikleri d\u00f6neminin ve bestecisinin tarz\u0131n\u0131 yans\u0131t\u0131yor olmalar\u0131d\u0131r. \u00d6te yandan bu kitap gerek piyano e\u011fitimcilerine ve gerekse hem amat\u00f6r hem de mesleki piyano e\u011fitimi alan \u00f6\u011frencilere; fotokopilerden ve okuma g\u00fc\u00e7l\u00fcklerinden ar\u0131nd\u0131r\u0131lm\u0131\u015f, zorluklar\u0131na g\u00f6re s\u0131ralanan, parmak numaralar\u0131n\u0131n, ba\u011flar\u0131n ve \u00e7al\u0131\u015fma y\u00f6ntemlerinin belirtildi\u011fi e\u015fsiz bir repertuvar sunmaktad\u0131r. B\u00fct\u00fcn kullan\u0131c\u0131lara yararl\u0131 olmas\u0131 dile\u011fiyle\u2026 <\/p>\n","protected":false},"excerpt":{"rendered":"<p>Bu kitap Se\u00e7me Eserler ve \u00c7al\u0131\u015fma Y\u00f6ntemleriyle Piyano E\u011fitimi-1 kitab\u0131m\u0131z\u0131n devam\u0131d\u0131r. \u00dc\u00e7 ayr\u0131 b\u00f6l\u00fcmden olu\u015fan bu ikinci kitab\u0131m\u0131z\u0131n ilk b\u00f6l\u00fcm\u00fcnde; Czerny\u2019nin Op. 599, Op. 849 ve<span class=\"excerpt-hellip\"> [\u2026]<\/span><\/p>\n","protected":false},"featured_media":0,"template":"","meta":{"_monsterinsights_skip_tracking":false,"_monsterinsights_sitenote_active":false,"_monsterinsights_sitenote_note":"","_monsterinsights_sitenote_category":0},"product_brand":[],"product_cat":[14556,14557],"product_tag":[],"class_list":{"0":"post-723530","1":"product","2":"type-product","3":"status-publish","5":"product_cat-muzik","6":"product_cat-nota-kitaplari","7":"pa_cilt-ciltsiz","8":"pa_tur-kitap","9":"pa_yayinevi-muzik-egitimi-yayinlari","10":"pa_yazar-ayca-aytug","12":"first","13":"instock","14":"sale","15":"shipping-taxable","16":"purchasable","17":"product-type-simple"},"_links":{"self":[{"href":"https:\/\/roveyayinevi.com.tr\/index.php\/wp-json\/wp\/v2\/product\/723530","targetHints":{"allow":["GET"]}}],"collection":[{"href":"https:\/\/roveyayinevi.com.tr\/index.php\/wp-json\/wp\/v2\/product"}],"about":[{"href":"https:\/\/roveyayinevi.com.tr\/index.php\/wp-json\/wp\/v2\/types\/product"}],"wp:attachment":[{"href":"https:\/\/roveyayinevi.com.tr\/index.php\/wp-json\/wp\/v2\/media?parent=723530"}],"wp:term":[{"taxonomy":"product_brand","embeddable":true,"href":"https:\/\/roveyayinevi.com.tr\/index.php\/wp-json\/wp\/v2\/product_brand?post=723530"},{"taxonomy":"product_cat","embeddable":true,"href":"https:\/\/roveyayinevi.com.tr\/index.php\/wp-json\/wp\/v2\/product_cat?post=723530"},{"taxonomy":"product_tag","embeddable":true,"href":"https:\/\/roveyayinevi.com.tr\/index.php\/wp-json\/wp\/v2\/product_tag?post=723530"}],"curies":[{"name":"wp","href":"https:\/\/api.w.org\/{rel}","templated":true}]}}