{"id":723529,"date":"2025-08-27T19:20:15","date_gmt":"2025-08-27T16:20:15","guid":{"rendered":"https:\/\/roveyayinevi.com.tr\/index.php\/urun\/aile-sosyolojisi\/"},"modified":"2026-04-16T02:31:13","modified_gmt":"2026-04-15T23:31:13","slug":"aile-sosyolojisi","status":"publish","type":"product","link":"https:\/\/roveyayinevi.com.tr\/index.php\/urun\/aile-sosyolojisi\/","title":{"rendered":"Aile Sosyolojisi"},"content":{"rendered":"<p>Aile kavram\u0131 toplumlar\u0131n h\u0131zl\u0131, derin ve sars\u0131c\u0131 de\u011fi\u015fiminden ba\u011f\u0131ms\u0131z d\u00fc\u015f\u00fcn\u00fclemez. \u00dcretim ve t\u00fcketim ili\u015fkilerinin yo\u011funla\u015ft\u0131\u011f\u0131 her alanda aileler o korunakl\u0131 kabuklar\u0131nda bar\u0131namazlar art\u0131k, onlar da bu travmatik s\u00fcrecin bir par\u00e7as\u0131d\u0131rlar. Toplumdaki ili\u015fkilerin irrasyonel bir seviyeye ta\u015f\u0131nmas\u0131, ekonomik, sosyal dengesizlikler ve psikolojik u\u00e7urumlar g\u00fcn\u00fcm\u00fczde geleneksel \u201cmutlu\u201d aile yap\u0131lar\u0131ndan \u00e7ok farkl\u0131 \u201cmutsuz\u201d bir aile tablosunu ortaya koymaktad\u0131r. T\u00fcrkiye\u2019de son y\u0131llarda ailelerin, yani her bir aileye mensup bireylerin ya\u015fad\u0131\u011f\u0131 zorluklar elbette g\u00f6zden \u0131rak tutulamaz. Aile kurma konusunda ideal ve ahl\u00e2ki buyrultular\u0131n \u00f6tesinde ya\u015fanan ger\u00e7ekler \u015fiddetin ve bo\u015fanmalar\u0131n artt\u0131\u011f\u0131n\u0131, yeniden evliliklerin \u00e7o\u011fald\u0131\u011f\u0131n\u0131, evlilik d\u0131\u015f\u0131 birlikteliklerin normal kar\u015f\u0131land\u0131\u011f\u0131n\u0131 s\u00f6ylemektedir. \u00c7ocuk yapma konusunda e\u015fler teredd\u00fct g\u00f6stermekte ve \u00e7ocuklardaki eksiklik ve yaralar anne ve babalar\u0131ndan mutlak bir iz ta\u015f\u0131maktad\u0131r.   Aile Sosyolojisi kitab\u0131 \u00f6ncelikle kuramsal bir \u00e7al\u0131\u015fmad\u0131r. Bu sahada T\u00fcrkiye\u2019de eksikli\u011fi hissedilen \u00f6nemli bir bo\u015flu\u011fu kapatmaktad\u0131r. Modern toplumlardan verilen \u00f6rneklerin yan\u0131s\u0131ra ailenin evrimi ve gelece\u011fi, geleneksel aile, \u00e7ekirdek aile, feodal aile, eklemli aile gibi farkl\u0131 aile tiplerini \u00e7\u00f6z\u00fcmlemektedir. Zamana, mek\u00e2na ve ko\u015fullara g\u00f6re e\u015flerin rol ve stat\u00fcleri de de\u011fi\u015fmekte, akrabal\u0131k ba\u011flar\u0131 her hal\u00fck\u00e2rda belirleyici olmakta, ebeveyn ve \u00e7ocuklar aras\u0131nda zamanla yepyeni ili\u015fkiler ve davran\u0131\u015f kal\u0131plar\u0131 ortaya \u00e7\u0131kmaktad\u0131r. Bu y\u00f6n\u00fcyle kitap, ailenin birey ve toplum aras\u0131nda nas\u0131l en \u00f6nemli bir unsur oldu\u011funu bir\u00e7ok y\u00f6n\u00fcyle a\u00e7\u0131\u011fa \u00e7\u0131karmaktad\u0131r.  <\/p>\n","protected":false},"excerpt":{"rendered":"<p>Aile kavram\u0131 toplumlar\u0131n h\u0131zl\u0131, derin ve sars\u0131c\u0131 de\u011fi\u015fiminden ba\u011f\u0131ms\u0131z d\u00fc\u015f\u00fcn\u00fclemez. \u00dcretim ve t\u00fcketim ili\u015fkilerinin yo\u011funla\u015ft\u0131\u011f\u0131 her alanda aileler o korunakl\u0131 kabuklar\u0131nda bar\u0131namazlar art\u0131k, onlar da bu<span class=\"excerpt-hellip\"> [\u2026]<\/span><\/p>\n","protected":false},"featured_media":0,"template":"","meta":{"_monsterinsights_skip_tracking":false,"_monsterinsights_sitenote_active":false,"_monsterinsights_sitenote_note":"","_monsterinsights_sitenote_category":0},"product_brand":[],"product_cat":[12325,12324],"product_tag":[],"class_list":{"0":"post-723529","1":"product","2":"type-product","3":"status-publish","5":"product_cat-diger-sosyoloji","6":"product_cat-sosyoloji","7":"pa_cilt-ciltsiz","8":"pa_tur-kitap","9":"pa_yayinevi-dogu-bati-yayinlari","10":"pa_yazar-onal-sayin","12":"first","13":"instock","14":"sale","15":"shipping-taxable","16":"purchasable","17":"product-type-simple"},"_links":{"self":[{"href":"https:\/\/roveyayinevi.com.tr\/index.php\/wp-json\/wp\/v2\/product\/723529","targetHints":{"allow":["GET"]}}],"collection":[{"href":"https:\/\/roveyayinevi.com.tr\/index.php\/wp-json\/wp\/v2\/product"}],"about":[{"href":"https:\/\/roveyayinevi.com.tr\/index.php\/wp-json\/wp\/v2\/types\/product"}],"wp:attachment":[{"href":"https:\/\/roveyayinevi.com.tr\/index.php\/wp-json\/wp\/v2\/media?parent=723529"}],"wp:term":[{"taxonomy":"product_brand","embeddable":true,"href":"https:\/\/roveyayinevi.com.tr\/index.php\/wp-json\/wp\/v2\/product_brand?post=723529"},{"taxonomy":"product_cat","embeddable":true,"href":"https:\/\/roveyayinevi.com.tr\/index.php\/wp-json\/wp\/v2\/product_cat?post=723529"},{"taxonomy":"product_tag","embeddable":true,"href":"https:\/\/roveyayinevi.com.tr\/index.php\/wp-json\/wp\/v2\/product_tag?post=723529"}],"curies":[{"name":"wp","href":"https:\/\/api.w.org\/{rel}","templated":true}]}}