{"id":723528,"date":"2025-08-27T19:20:15","date_gmt":"2025-08-27T16:20:15","guid":{"rendered":"https:\/\/roveyayinevi.com.tr\/index.php\/urun\/uluslararasi-hukuk-ve-ekonomik-kalkinma\/"},"modified":"2026-04-16T02:31:13","modified_gmt":"2026-04-15T23:31:13","slug":"uluslararasi-hukuk-ve-ekonomik-kalkinma","status":"publish","type":"product","link":"https:\/\/roveyayinevi.com.tr\/index.php\/urun\/uluslararasi-hukuk-ve-ekonomik-kalkinma\/","title":{"rendered":"Uluslararas\u0131 Hukuk ve Ekonomik Kalk\u0131nma"},"content":{"rendered":"<p>G\u00fcn\u00fcm\u00fcz\u00fcn k\u00fcresel sisteminde demokratikle\u015fme, siyasal \u00e7o\u011fulculuk ve insan haklar\u0131n\u0131n yayg\u0131nla\u015fmas\u0131 gibi temel olumlu de\u011ferler bulunmakla birlikte ekonomik krizler, ter\u00f6rizm, insanl\u0131\u011fa kar\u015f\u0131 i\u015flenen su\u00e7lar, kitle imha silahlar\u0131n\u0131n yay\u0131lmas\u0131 tehlikesi, s\u0131n\u0131r \u00f6tesi su\u00e7lar ve d\u00fczensiz g\u00f6\u00e7 gibi sorunlar da yer almaktad\u0131r. Bu sorunlar uluslararas\u0131 toplumu giderek daha fazla me\u015fgul etmektedir. Bu \u00e7al\u0131\u015fma, k\u00fcresel ekonomik y\u00f6netimi sa\u011flayan kurumlar\u0131n yap\u0131lar\u0131n\u0131 inceleyerek yeni bir vizyonla uluslararas\u0131 hukuk ve ekonomik kalk\u0131nma aras\u0131ndaki ili\u015fkiyi ele alman\u0131n yan\u0131 s\u0131ra t\u00fcm bu sorunlara kar\u015f\u0131n demokrasinin ve hukuk devleti kavram\u0131n\u0131n geli\u015fimini nas\u0131l s\u00fcrd\u00fcrece\u011fini ortaya koymay\u0131 hedeflemektedir. Ayr\u0131ca yeni dinamikler ve teknolojilerle birlikte bilgi ekonomisine uyum sa\u011flayacak ekonomik kalk\u0131nma a\u00e7\u0131s\u0131ndan \u00f6nem arz eden kapsay\u0131c\u0131 ve demokratik bir k\u00fcresel y\u00f6netim ile g\u00fcvenilir bir hukuk sisteminin in\u015fas\u0131 meseleleri detayl\u0131 bir \u015fekilde ele al\u0131nmaktad\u0131r. Zira k\u00fcresel sistemin bir par\u00e7as\u0131 olup ekonomik kalk\u0131nmay\u0131 sa\u011flamak, evrensel hukuk standartlar\u0131na uygun olarak d\u00fczenlenmi\u015f ve etkili bir uluslararas\u0131 hukuk sistemi kurmakla m\u00fcmk\u00fcn olacakt\u0131r.<\/p>\n","protected":false},"excerpt":{"rendered":"<p>G\u00fcn\u00fcm\u00fcz\u00fcn k\u00fcresel sisteminde demokratikle\u015fme, siyasal \u00e7o\u011fulculuk ve insan haklar\u0131n\u0131n yayg\u0131nla\u015fmas\u0131 gibi temel olumlu de\u011ferler bulunmakla birlikte ekonomik krizler, ter\u00f6rizm, insanl\u0131\u011fa kar\u015f\u0131 i\u015flenen su\u00e7lar, kitle imha silahlar\u0131n\u0131n<span class=\"excerpt-hellip\"> [\u2026]<\/span><\/p>\n","protected":false},"featured_media":0,"template":"","meta":{"_monsterinsights_skip_tracking":false,"_monsterinsights_sitenote_active":false,"_monsterinsights_sitenote_note":"","_monsterinsights_sitenote_category":0},"product_brand":[],"product_cat":[15350,17602],"product_tag":[],"class_list":{"0":"post-723528","1":"product","2":"type-product","3":"status-publish","5":"product_cat-hukuk","6":"product_cat-hukuk-uzerine","7":"pa_cilt-ciltsiz","8":"pa_tur-kitap","9":"pa_yayinevi-alfa-yayinlari","10":"pa_yazar-cuneyt-yuksel","12":"first","13":"instock","14":"sale","15":"shipping-taxable","16":"purchasable","17":"product-type-simple"},"_links":{"self":[{"href":"https:\/\/roveyayinevi.com.tr\/index.php\/wp-json\/wp\/v2\/product\/723528","targetHints":{"allow":["GET"]}}],"collection":[{"href":"https:\/\/roveyayinevi.com.tr\/index.php\/wp-json\/wp\/v2\/product"}],"about":[{"href":"https:\/\/roveyayinevi.com.tr\/index.php\/wp-json\/wp\/v2\/types\/product"}],"wp:attachment":[{"href":"https:\/\/roveyayinevi.com.tr\/index.php\/wp-json\/wp\/v2\/media?parent=723528"}],"wp:term":[{"taxonomy":"product_brand","embeddable":true,"href":"https:\/\/roveyayinevi.com.tr\/index.php\/wp-json\/wp\/v2\/product_brand?post=723528"},{"taxonomy":"product_cat","embeddable":true,"href":"https:\/\/roveyayinevi.com.tr\/index.php\/wp-json\/wp\/v2\/product_cat?post=723528"},{"taxonomy":"product_tag","embeddable":true,"href":"https:\/\/roveyayinevi.com.tr\/index.php\/wp-json\/wp\/v2\/product_tag?post=723528"}],"curies":[{"name":"wp","href":"https:\/\/api.w.org\/{rel}","templated":true}]}}