{"id":723527,"date":"2025-08-27T19:20:14","date_gmt":"2025-08-27T16:20:14","guid":{"rendered":"https:\/\/roveyayinevi.com.tr\/index.php\/urun\/anlami-tamamlamak\/"},"modified":"2026-04-16T02:31:13","modified_gmt":"2026-04-15T23:31:13","slug":"anlami-tamamlamak","status":"publish","type":"product","link":"https:\/\/roveyayinevi.com.tr\/index.php\/urun\/anlami-tamamlamak\/","title":{"rendered":"Anlam\u0131 Tamamlamak"},"content":{"rendered":"<p>T\u00fcrkiye\u2019nin son y\u00fczy\u0131l\u0131nda ya\u015fanan geli\u015fmeler, bir zamanlar\u0131n g\u00f6rkemli isimlerini ve devasa d\u00fc\u015f\u00fcnce ekollerini unutturdu. Bir zamanlar sadece Anadolu\u2019da de\u011fil Balkanlardan Hind Altk\u0131tas\u0131&#8217;na kadar \u0130slam co\u011frafyas\u0131nda Fahredd\u00een R\u00e2z\u00ee, Seyyid \u015eerif C\u00fcrc\u00e2n\u00ee, Sadeddin Teftaz\u00e2n\u00ee, Molla Fen\u00e2r\u00ee gibi d\u00fc\u015f\u00fcn\u00fcrlerin ad\u0131n\u0131 duymadan ve g\u00f6r\u00fc\u015flerini bilmeden medreseden mezun olmak imk\u00e2ns\u0131zd\u0131. Son y\u00fczy\u0131lda bu isimler \u00f6nce s\u0131radanla\u015ft\u0131, sonra s\u0131rland\u0131, ard\u0131ndan da s\u0131rland\u0131klar\u0131 camlar, arkas\u0131n\u0131 hi\u00e7 g\u00f6stermeyen ve bakan\u0131n sadece kendisini g\u00f6rebildi\u011fi aynalara d\u00f6n\u00fc\u015ft\u00fc.Anadolu\u2019daki irfan, \u0130slam gelene\u011finin b\u00fct\u00fcn\u00fcn\u00fc ku\u015fatan, aktaran ve yeniden yorumlayabilen bir d\u00fc\u015f\u00fcnceler manzumesinden olu\u015fmu\u015ftu. Bu manzume, R\u00e2z\u00ee gelene\u011fi, Hanef\u00ee-M\u00e2tur\u00eed\u00ee gelenek, T\u00fcrkistan-M\u00e2ver\u00e2\u00fcnnehir tasavvufu ve \u0130bn\u00fc\u2019l-Arab\u00ee gelene\u011fi olmak \u00fczere d\u00f6rt temel bile\u015fene sahipti ve b\u00fct\u00fcn bu ekoller, kar\u015f\u0131l\u0131kl\u0131 etkile\u015fim i\u00e7indeydi. Osmanl\u0131&#8217;n\u0131n cihan h\u00e2kimiyeti mefk\u00fbresi de g\u00fc\u00e7l\u00fc ve zay\u0131f yanlar\u0131yla b\u00f6ylesi bir nazar\u00ee d\u00fc\u015f\u00fcnce birikimi \u00fczerine kurulmu\u015ftu.Bu kitap, \u00f6zellikle Anadolu co\u011frafyas\u0131nda Sel\u00e7uklulardan modern d\u00f6neme kadar h\u00e2kim olan \u0130slam d\u00fc\u015f\u00fcnce gelene\u011fini k\u0131saca tan\u0131tmak amac\u0131yla yaz\u0131ld\u0131. Bu ama\u00e7la \u00f6nce klasik d\u00f6nemde \u0130slam d\u00fcnyas\u0131nda cari olan bilimlerin genel bir tan\u0131t\u0131m\u0131n\u0131 ele alan eser, ard\u0131ndan klasik d\u00f6nemden tevar\u00fcs etti\u011fimiz d\u00fc\u015f\u00fcnce gelene\u011finin bile\u015fenlerini k\u0131saca ama b\u00fct\u00fcn olarak ortaya koyuyor. Sonras\u0131nda ise tevhid, n\u00fcb\u00fcvvet ve ahl\u00e2k hakk\u0131nda bu gelene\u011fin duyarl\u0131\u011f\u0131n\u0131 fark etmemizi sa\u011flayacak temel meseleleri ele al\u0131yor.<\/p>\n","protected":false},"excerpt":{"rendered":"<p>T\u00fcrkiye\u2019nin son y\u00fczy\u0131l\u0131nda ya\u015fanan geli\u015fmeler, bir zamanlar\u0131n g\u00f6rkemli isimlerini ve devasa d\u00fc\u015f\u00fcnce ekollerini unutturdu. Bir zamanlar sadece Anadolu\u2019da de\u011fil Balkanlardan Hind Altk\u0131tas\u0131&#8217;na kadar \u0130slam co\u011frafyas\u0131nda Fahredd\u00een<span class=\"excerpt-hellip\"> [\u2026]<\/span><\/p>\n","protected":false},"featured_media":0,"template":"","meta":{"_monsterinsights_skip_tracking":false,"_monsterinsights_sitenote_active":false,"_monsterinsights_sitenote_note":"","_monsterinsights_sitenote_category":0},"product_brand":[],"product_cat":[20351,12388],"product_tag":[],"class_list":{"0":"post-723527","1":"product","2":"type-product","3":"status-publish","5":"product_cat-dusunce","6":"product_cat-felsefe","7":"pa_cilt-ciltsiz","8":"pa_tur-kitap","9":"pa_yayinevi-ketebe-yayinlari","10":"pa_yazar-omer-turker","12":"first","13":"instock","14":"sale","15":"shipping-taxable","16":"purchasable","17":"product-type-simple"},"_links":{"self":[{"href":"https:\/\/roveyayinevi.com.tr\/index.php\/wp-json\/wp\/v2\/product\/723527","targetHints":{"allow":["GET"]}}],"collection":[{"href":"https:\/\/roveyayinevi.com.tr\/index.php\/wp-json\/wp\/v2\/product"}],"about":[{"href":"https:\/\/roveyayinevi.com.tr\/index.php\/wp-json\/wp\/v2\/types\/product"}],"wp:attachment":[{"href":"https:\/\/roveyayinevi.com.tr\/index.php\/wp-json\/wp\/v2\/media?parent=723527"}],"wp:term":[{"taxonomy":"product_brand","embeddable":true,"href":"https:\/\/roveyayinevi.com.tr\/index.php\/wp-json\/wp\/v2\/product_brand?post=723527"},{"taxonomy":"product_cat","embeddable":true,"href":"https:\/\/roveyayinevi.com.tr\/index.php\/wp-json\/wp\/v2\/product_cat?post=723527"},{"taxonomy":"product_tag","embeddable":true,"href":"https:\/\/roveyayinevi.com.tr\/index.php\/wp-json\/wp\/v2\/product_tag?post=723527"}],"curies":[{"name":"wp","href":"https:\/\/api.w.org\/{rel}","templated":true}]}}