{"id":723524,"date":"2025-08-27T19:20:12","date_gmt":"2025-08-27T16:20:12","guid":{"rendered":"https:\/\/roveyayinevi.com.tr\/index.php\/urun\/islam-dunyasinda-felsefi-dusuncenin-seruveni-3-cilt\/"},"modified":"2026-04-16T02:31:13","modified_gmt":"2026-04-15T23:31:13","slug":"islam-dunyasinda-felsefi-dusuncenin-seruveni-3-cilt","status":"publish","type":"product","link":"https:\/\/roveyayinevi.com.tr\/index.php\/urun\/islam-dunyasinda-felsefi-dusuncenin-seruveni-3-cilt\/","title":{"rendered":"\u0130slam D\u00fcnyas\u0131nda Felsefi D\u00fc\u015f\u00fcncenin Ser\u00fcveni (3. Cilt)"},"content":{"rendered":"<p>\u0130slam D\u00fcnyas\u0131nda Felsefenin temel Meseleleri B\u00fcy\u00fck d\u00fc\u015f\u00fcnce adam\u0131 Dinani, \u0130slam d\u00fcnyas\u0131nda felsefenin ser\u00fcvenini tart\u0131\u015fmalar e\u015fli\u011finde sunmaya devam ediyor. \u201cFelsefenin mahiyetine dair ne s\u00f6ylenirse s\u00f6ylensin, ink\u00e2r edilemez bir ger\u00e7ek vard\u0131r ki o da felsefede en temel konular\u0131 ve en esasl\u0131 meseleleri anlamak i\u00e7in k\u0131yas\u0131ya bir \u00e7aba harcand\u0131\u011f\u0131d\u0131r. Dinlerin \u00f6\u011freti ve bilgileri ile a\u015fina olan kimseler \u015funu iyi bilirler ki insan\u0131n varl\u0131kla alakal\u0131 en temel meseleleri anlama \u00e7abas\u0131 hi\u00e7bir \u015fekilde yerilmi\u015f ve yanl\u0131\u015f de\u011fildir. \u0130\u015fte bu ayn\u0131 asil insan\u00ee \u00e7aba neticesinde, din\u00ee k\u00fclt\u00fcr tarihi geni\u015f bir \u00f6l\u00e7ekte geli\u015fme ve yay\u0131lma kaydetmi\u015ftir. Verimli ve zengin \u0130sl\u00e2m k\u00fclt\u00fcr\u00fc i\u00e7inde birtak\u0131m meseleler vard\u0131r ve felsef\u00ee d\u00fc\u015f\u00fcnce ile felsef\u00ee olmayan d\u00fc\u015f\u00fcnce aras\u0131ndaki kar\u015f\u0131la\u015fma, bu meselelerin en \u00f6nemli ve en tart\u0131\u015fmal\u0131lar\u0131ndan birini olu\u015fturur.Say\u0131n okuyucunun elinde tuttu\u011fu bu kitap, i\u015fte bu meselenin ara\u015ft\u0131r\u0131lmas\u0131na adanm\u0131\u015f ve \u0130sl\u00e2m D\u00fcnyas\u0131nda Felsef\u00ee D\u00fc\u015f\u00fcncenin Ser\u00fcveni ad\u0131yla kaleme al\u0131nm\u0131\u015ft\u0131r. Umar\u0131z k\u00fclt\u00fcr alan\u0131n\u0131n yay\u0131l\u0131p geli\u015fmesine kendi \u00f6l\u00e7\u00fcs\u00fcnde katk\u0131da bulunur.\u201d<\/p>\n","protected":false},"excerpt":{"rendered":"<p>\u0130slam D\u00fcnyas\u0131nda Felsefenin temel Meseleleri B\u00fcy\u00fck d\u00fc\u015f\u00fcnce adam\u0131 Dinani, \u0130slam d\u00fcnyas\u0131nda felsefenin ser\u00fcvenini tart\u0131\u015fmalar e\u015fli\u011finde sunmaya devam ediyor. \u201cFelsefenin mahiyetine dair ne s\u00f6ylenirse s\u00f6ylensin, ink\u00e2r edilemez<span class=\"excerpt-hellip\"> [\u2026]<\/span><\/p>\n","protected":false},"featured_media":0,"template":"","meta":{"_monsterinsights_skip_tracking":false,"_monsterinsights_sitenote_active":false,"_monsterinsights_sitenote_note":"","_monsterinsights_sitenote_category":0},"product_brand":[],"product_cat":[12389,12388],"product_tag":[],"class_list":{"0":"post-723524","1":"product","2":"type-product","3":"status-publish","5":"product_cat-diger-felsefe","6":"product_cat-felsefe","7":"pa_cilt-ciltsiz","8":"pa_tur-kitap","9":"pa_yayinevi-ketebe-yayinlari","10":"pa_yazar-gholamhossein-ibrahimi-dinani","12":"first","13":"instock","14":"sale","15":"shipping-taxable","16":"purchasable","17":"product-type-simple"},"_links":{"self":[{"href":"https:\/\/roveyayinevi.com.tr\/index.php\/wp-json\/wp\/v2\/product\/723524","targetHints":{"allow":["GET"]}}],"collection":[{"href":"https:\/\/roveyayinevi.com.tr\/index.php\/wp-json\/wp\/v2\/product"}],"about":[{"href":"https:\/\/roveyayinevi.com.tr\/index.php\/wp-json\/wp\/v2\/types\/product"}],"wp:attachment":[{"href":"https:\/\/roveyayinevi.com.tr\/index.php\/wp-json\/wp\/v2\/media?parent=723524"}],"wp:term":[{"taxonomy":"product_brand","embeddable":true,"href":"https:\/\/roveyayinevi.com.tr\/index.php\/wp-json\/wp\/v2\/product_brand?post=723524"},{"taxonomy":"product_cat","embeddable":true,"href":"https:\/\/roveyayinevi.com.tr\/index.php\/wp-json\/wp\/v2\/product_cat?post=723524"},{"taxonomy":"product_tag","embeddable":true,"href":"https:\/\/roveyayinevi.com.tr\/index.php\/wp-json\/wp\/v2\/product_tag?post=723524"}],"curies":[{"name":"wp","href":"https:\/\/api.w.org\/{rel}","templated":true}]}}