{"id":723519,"date":"2025-08-27T19:20:08","date_gmt":"2025-08-27T16:20:08","guid":{"rendered":"https:\/\/roveyayinevi.com.tr\/index.php\/urun\/guzergah-arayisi\/"},"modified":"2026-04-16T02:31:13","modified_gmt":"2026-04-15T23:31:13","slug":"guzergah-arayisi","status":"publish","type":"product","link":"https:\/\/roveyayinevi.com.tr\/index.php\/urun\/guzergah-arayisi\/","title":{"rendered":"G\u00fczergah Aray\u0131\u015f\u0131"},"content":{"rendered":"<p>&#8230; Hukuk\u00e7unun her s\u00f6yledi\u011fi, ger\u00e7e\u011fi ifade etmeyece\u011fi gibi hukuki dile b\u00fcr\u00fcnd\u00fcr\u00fclm\u00fc\u015f her \u015fey de ger\u00e7ek olmayabilir. \u00d6te yandan, dil ve k\u00fclt\u00fcr\u00fcn sa\u011flad\u0131\u011f\u0131 &#8220;anlam&#8221; da belli ko\u015fullar\u0131n varl\u0131\u011f\u0131na indirgenemez. \u0130\u015fte, &#8220;ger\u00e7ek&#8221;, &#8220;simge&#8221;, &#8220;anlam&#8221;, &#8220;i\u015flev&#8221;, &#8220;\u00e7at\u0131\u015fma&#8221;, &#8220;ge\u00e7erlilik&#8221;, &#8220;me\u015fruiyet&#8221; ve &#8220;bilgi&#8221; kavramlar\u0131 \u00f6nemli \u00f6\u011feler olarak \u00e7a\u011fda\u015f hukuk ve toplum teorisinde yerini almal\u0131d\u0131r. Bu do\u011frultuda yo\u011funla\u015facak felsefi ve\/ya sosyolojik \u00e7al\u0131\u015fmalar\u0131n T\u00fcrk hukuk k\u00fclt\u00fcr\u00fcne\/hukuk bilincine ve standart hukuk resmine kazan\u0131mlar\u0131 da tahminlerin \u00f6tesinde olacakt\u0131r. Hukuk teorisi, kavramlar ve soyutlamalarla dile getirilmekte, gerek\u00e7elendirilmekte ve somutla\u015ft\u0131r\u0131lmakta ise de kurallardan biri ihlal edildi\u011finde cezaland\u0131r\u0131lan ve cezaevine konulan\u0131n bir kavram de\u011fil, bir insan oldu\u011fu unutulmamal\u0131d\u0131r. \u0130nsan\u0131 devre d\u0131\u015f\u0131 b\u0131rak\u0131p, hukuku cans\u0131z nesneler toplam\u0131na d\u00f6n\u00fc\u015ft\u00fcremeyiz. Bir kavram ne denli y\u00fcceltilirse y\u00fcceltilsin, anlam\u0131, kavram\u0131n tikel\/ toplumsal varl\u0131klar\u0131n deneyimlerine ili\u015fkin sonu\u00e7lar\u0131 g\u00f6zlenerek irdelenmeli ve hukuk bilgisinin, u\u011fruna hukuk yarat\u0131lan ki\u015filer\/toplum g\u00f6z ard\u0131 edildi\u011finde, \u00e7ok az \u015fey ifade edece\u011fi bilinmeli; hukukun insani boyutu oldu\u011fu kadar toplumsal bir olgu oldu\u011fu unutulmamal\u0131d\u0131r. \u0130\u015fte hukuk d\u00fc\u015f\u00fcncesinin ana temas\u0131, bireysel\/kolektif se\u00e7im haklar\u0131n\u0131 ve bu haklardan etkin bir \u015fekilde yararlanmay\u0131 sa\u011flamaya y\u00f6nelik kurallarla birlikte \u00f6zg\u00fcr, siyasi ve ekonomik bir d\u00fczeni bi\u00e7imlendirmektir. Hukukta hi\u00e7 olmazsa potansiyel olarak de\u011ferli bir \u015feyin varl\u0131\u011f\u0131na tan\u0131k olmaktay\u0131z. Temiz hava temizdir gibisinden iyi hukuk da iyidir. Ku\u015fkusuz, etkili hukuk sistemi ile halka sunulan sosyal olanaklar yelpazesi olabildi\u011fince artaca\u011f\u0131ndan\/artt\u0131\u011f\u0131nda, bu durum kendili\u011finden bir iyilik olu\u015fturacakt\u0131r. Baz\u0131 d\u00fc\u015f\u00fcn\u00fcrler, hukukun (hi\u00e7 olmazsa bir k\u0131sm\u0131n\u0131n) muhtevaya dayal\u0131 olarak itaat i\u00e7in ekseriya ahlaki bir y\u00fck\u00fcml\u00fcl\u00fck oldu\u011funu da s\u00f6yleyeceklerdir. Hukuk hakk\u0131nda &#8220;iyi&#8221; s\u00f6ylenecek nesnenin, \u00fcyelerinin otonomlu\u011funa sayg\u0131 i\u00e7inde ki\u015filerin t\u00fcm\u00fcn\u00fcn e\u015fit olarak g\u00f6r\u00fclmesi \u015feklinde sosyal ya\u015fam\u0131n d\u00fczenlenmesidir. Bu a\u00e7\u0131dan, belli bir \u00fclkedeki hukuk muhtevas\u0131 d\u00fczenlemesinde hukukun \u00fcst\u00fcnl\u00fc\u011f\u00fc ideali g\u00f6z \u00f6n\u00fcnde bulundurulmal\u0131d\u0131r. \u0130\u015fte bu ideale eri\u015fim yolunda elinizdeki denemeler mimar\u0131 Ali R\u0131za Malko\u00e7\u2019u i\u00e7tenlikle kutlar ve yeni giri\u015fimlere yelken a\u00e7arak demokratik vatanda\u015f olarak g\u00f6rev ve i\u015flevini yerine getirmekte \u00f6rnek kimli\u011fini devam ettirmesini kendisinden beklerim. Prof. Dr. Mustafa T\u00f6ren Y\u00fccel <\/p>\n","protected":false},"excerpt":{"rendered":"<p>&#8230; Hukuk\u00e7unun her s\u00f6yledi\u011fi, ger\u00e7e\u011fi ifade etmeyece\u011fi gibi hukuki dile b\u00fcr\u00fcnd\u00fcr\u00fclm\u00fc\u015f her \u015fey de ger\u00e7ek olmayabilir. \u00d6te yandan, dil ve k\u00fclt\u00fcr\u00fcn sa\u011flad\u0131\u011f\u0131 &#8220;anlam&#8221; da belli ko\u015fullar\u0131n<span class=\"excerpt-hellip\"> [\u2026]<\/span><\/p>\n","protected":false},"featured_media":0,"template":"","meta":{"_monsterinsights_skip_tracking":false,"_monsterinsights_sitenote_active":false,"_monsterinsights_sitenote_note":"","_monsterinsights_sitenote_category":0},"product_brand":[],"product_cat":[12777,12291],"product_tag":[],"class_list":{"0":"post-723519","1":"product","2":"type-product","3":"status-publish","5":"product_cat-deneme","6":"product_cat-edebiyat","7":"pa_cilt-ciltsiz","8":"pa_tur-kitap","9":"pa_yayinevi-gulnar-yayinlari","10":"pa_yazar-ali-riza-malkoc","12":"first","13":"instock","14":"sale","15":"shipping-taxable","16":"purchasable","17":"product-type-simple"},"_links":{"self":[{"href":"https:\/\/roveyayinevi.com.tr\/index.php\/wp-json\/wp\/v2\/product\/723519","targetHints":{"allow":["GET"]}}],"collection":[{"href":"https:\/\/roveyayinevi.com.tr\/index.php\/wp-json\/wp\/v2\/product"}],"about":[{"href":"https:\/\/roveyayinevi.com.tr\/index.php\/wp-json\/wp\/v2\/types\/product"}],"wp:attachment":[{"href":"https:\/\/roveyayinevi.com.tr\/index.php\/wp-json\/wp\/v2\/media?parent=723519"}],"wp:term":[{"taxonomy":"product_brand","embeddable":true,"href":"https:\/\/roveyayinevi.com.tr\/index.php\/wp-json\/wp\/v2\/product_brand?post=723519"},{"taxonomy":"product_cat","embeddable":true,"href":"https:\/\/roveyayinevi.com.tr\/index.php\/wp-json\/wp\/v2\/product_cat?post=723519"},{"taxonomy":"product_tag","embeddable":true,"href":"https:\/\/roveyayinevi.com.tr\/index.php\/wp-json\/wp\/v2\/product_tag?post=723519"}],"curies":[{"name":"wp","href":"https:\/\/api.w.org\/{rel}","templated":true}]}}