{"id":723518,"date":"2025-08-27T19:20:07","date_gmt":"2025-08-27T16:20:07","guid":{"rendered":"https:\/\/roveyayinevi.com.tr\/index.php\/urun\/yuzucu-cocuklarda-stabil-ve-stabil-olmayan-zeminlerde-yapilan-kalistenik-egzersizlerin-dengeye-etkisi\/"},"modified":"2026-04-16T02:31:13","modified_gmt":"2026-04-15T23:31:13","slug":"yuzucu-cocuklarda-stabil-ve-stabil-olmayan-zeminlerde-yapilan-kalistenik-egzersizlerin-dengeye-etkisi","status":"publish","type":"product","link":"https:\/\/roveyayinevi.com.tr\/index.php\/urun\/yuzucu-cocuklarda-stabil-ve-stabil-olmayan-zeminlerde-yapilan-kalistenik-egzersizlerin-dengeye-etkisi\/","title":{"rendered":"Y\u00fcz\u00fcc\u00fc \u00c7ocuklarda Stabil ve Stabil Olmayan Zeminlerde Yap\u0131lan Kalistenik Egzersizlerin Dengeye Etkisi"},"content":{"rendered":"<p>1. Giri\u015f2. Genel Bilgiler1. Y\u00fczme2. Denge3. Post\u00fcr4. Dengeyi Etkileyen Temel Patolojiler5. Sportif A\u00e7\u0131dan Dengenin \u00d6nemi6. Kalistenik Egzersizler3. Y\u00f6ntem1. Deney Gruplar\u0131 ve \u00c7al\u0131\u015fma Dizayn\u01312. Uygulanan \u00d6l\u00e7\u00fcm ve Testler3. Antrenman Plan\u01314. Kalistenik Egzersiz Plan\u0131n\u0131n Olu\u015fturulmas\u01315. \u0130statistiksel Analiz4. Bulgular5. Tart\u0131\u015fma1. Antropometrik Bulgular\u0131n De\u011ferlendirilmesi 2. Kalistenik Egzersizlerin Performans Bulgular\u0131n\u0131n De\u011ferlendirilmesi 3. Kalistenik Egzersizlerin Statik ve Dinamik Denge Bulgular\u0131n\u0131n De\u011ferlendirilmesi 6. Sonu\u00e7 ve \u00d6neriler<\/p>\n","protected":false},"excerpt":{"rendered":"<p>1. Giri\u015f2. Genel Bilgiler1. Y\u00fczme2. Denge3. Post\u00fcr4. Dengeyi Etkileyen Temel Patolojiler5. Sportif A\u00e7\u0131dan Dengenin \u00d6nemi6. Kalistenik Egzersizler3. Y\u00f6ntem1. Deney Gruplar\u0131 ve \u00c7al\u0131\u015fma Dizayn\u01312. Uygulanan \u00d6l\u00e7\u00fcm ve<span class=\"excerpt-hellip\"> [\u2026]<\/span><\/p>\n","protected":false},"featured_media":0,"template":"","meta":{"_monsterinsights_skip_tracking":false,"_monsterinsights_sitenote_active":false,"_monsterinsights_sitenote_note":"","_monsterinsights_sitenote_category":0},"product_brand":[],"product_cat":[15563,15564],"product_tag":[],"class_list":{"0":"post-723518","1":"product","2":"type-product","3":"status-publish","5":"product_cat-hobi","6":"product_cat-spor","7":"pa_cilt-ciltsiz","8":"pa_tur-kitap","9":"pa_yayinevi-gazi-kitabevi","10":"pa_yazar-akan-bayrakdar","12":"first","13":"instock","14":"sale","15":"shipping-taxable","16":"purchasable","17":"product-type-simple"},"_links":{"self":[{"href":"https:\/\/roveyayinevi.com.tr\/index.php\/wp-json\/wp\/v2\/product\/723518","targetHints":{"allow":["GET"]}}],"collection":[{"href":"https:\/\/roveyayinevi.com.tr\/index.php\/wp-json\/wp\/v2\/product"}],"about":[{"href":"https:\/\/roveyayinevi.com.tr\/index.php\/wp-json\/wp\/v2\/types\/product"}],"wp:attachment":[{"href":"https:\/\/roveyayinevi.com.tr\/index.php\/wp-json\/wp\/v2\/media?parent=723518"}],"wp:term":[{"taxonomy":"product_brand","embeddable":true,"href":"https:\/\/roveyayinevi.com.tr\/index.php\/wp-json\/wp\/v2\/product_brand?post=723518"},{"taxonomy":"product_cat","embeddable":true,"href":"https:\/\/roveyayinevi.com.tr\/index.php\/wp-json\/wp\/v2\/product_cat?post=723518"},{"taxonomy":"product_tag","embeddable":true,"href":"https:\/\/roveyayinevi.com.tr\/index.php\/wp-json\/wp\/v2\/product_tag?post=723518"}],"curies":[{"name":"wp","href":"https:\/\/api.w.org\/{rel}","templated":true}]}}