{"id":723517,"date":"2025-08-27T19:20:07","date_gmt":"2025-08-27T16:20:07","guid":{"rendered":"https:\/\/roveyayinevi.com.tr\/index.php\/urun\/beden-egitimi-ve-spor-ogretmenlerinin-orgutsel-kimlik-orgutsel-imaj-algilarinin-orgutsel-bagliliklarina-etkisi-kayseri-ili-or\/"},"modified":"2026-04-16T02:31:13","modified_gmt":"2026-04-15T23:31:13","slug":"beden-egitimi-ve-spor-ogretmenlerinin-orgutsel-kimlik-orgutsel-imaj-algilarinin-orgutsel-bagliliklarina-etkisi-kayseri-ili-or","status":"publish","type":"product","link":"https:\/\/roveyayinevi.com.tr\/index.php\/urun\/beden-egitimi-ve-spor-ogretmenlerinin-orgutsel-kimlik-orgutsel-imaj-algilarinin-orgutsel-bagliliklarina-etkisi-kayseri-ili-or\/","title":{"rendered":"Beden E\u011fitimi ve Spor \u00d6\u011fretmenlerinin \u00d6rg\u00fctsel Kimlik, \u00d6rg\u00fctsel \u0130maj Alg\u0131lar\u0131n\u0131n, \u00d6rg\u00fctsel Ba\u011fl\u0131l\u0131klar\u0131na Etkisi (Kayseri \u0130li \u00d6r"},"content":{"rendered":"<p>1. Giri\u015f ve Ama\u00e72. Genel Bilgiler1. Beden E\u011fitimi ve Spor2. \u00d6\u011fretmenlik Kavram\u01313. \u00d6rg\u00fctsel Kimlik Kavram\u01314. \u0130maj Kavram\u01315. \u00d6rg\u00fctsel \u0130maj6. \u00d6rg\u00fctsel Ba\u011fl\u0131l\u0131k Kavram\u01317. \u00d6rg\u00fctsel Ba\u011fl\u0131l\u0131k ile \u0130lgili Yap\u0131lan Ara\u015ft\u0131rmalar3. Gere\u00e7 ve Y\u00f6ntem1. G\u00f6n\u00fcll\u00fc Gruplar\u0131n Se\u00e7imi2. Veri Toplama Ara\u00e7lar\u01313. \u0130statistiksel Analiz4. Bulgular5. Tart\u0131\u015fma ve Sonu\u00e7 1. \u00d6rg\u00fctsel Kimlik \u00d6l\u00e7e\u011fine \u0130li\u015fkin Tart\u0131\u015fma 2. \u00d6rg\u00fctsel \u0130maj \u00d6l\u00e7e\u011fine \u0130li\u015fkin Tart\u0131\u015fma 3. \u00d6rg\u00fctsel Ba\u011fl\u0131l\u0131k \u00d6l\u00e7e\u011fine \u0130li\u015fkin Tart\u0131\u015fma 4. \u00d6rg\u00fctsel Kimlik ile \u00d6rg\u00fctsel Ba\u011fl\u0131l\u0131k D\u00fczeyleri Aras\u0131ndaki \u0130li\u015fki 5. \u00d6rg\u00fctsel \u0130maj ile \u00d6rg\u00fctsel Ba\u011fl\u0131l\u0131k D\u00fczeyleri Aras\u0131ndaki \u0130li\u015fki 6. \u00d6neriler<\/p>\n","protected":false},"excerpt":{"rendered":"<p>1. Giri\u015f ve Ama\u00e72. Genel Bilgiler1. Beden E\u011fitimi ve Spor2. \u00d6\u011fretmenlik Kavram\u01313. \u00d6rg\u00fctsel Kimlik Kavram\u01314. \u0130maj Kavram\u01315. \u00d6rg\u00fctsel \u0130maj6. \u00d6rg\u00fctsel Ba\u011fl\u0131l\u0131k Kavram\u01317. \u00d6rg\u00fctsel Ba\u011fl\u0131l\u0131k ile \u0130lgili<span class=\"excerpt-hellip\"> [\u2026]<\/span><\/p>\n","protected":false},"featured_media":0,"template":"","meta":{"_monsterinsights_skip_tracking":false,"_monsterinsights_sitenote_active":false,"_monsterinsights_sitenote_note":"","_monsterinsights_sitenote_category":0},"product_brand":[],"product_cat":[15563,15564],"product_tag":[],"class_list":{"0":"post-723517","1":"product","2":"type-product","3":"status-publish","5":"product_cat-hobi","6":"product_cat-spor","7":"pa_cilt-ciltsiz","8":"pa_tur-kitap","9":"pa_yayinevi-gazi-kitabevi","10":"pa_yazar-baris-karaoglu","12":"first","13":"instock","14":"sale","15":"shipping-taxable","16":"purchasable","17":"product-type-simple"},"_links":{"self":[{"href":"https:\/\/roveyayinevi.com.tr\/index.php\/wp-json\/wp\/v2\/product\/723517","targetHints":{"allow":["GET"]}}],"collection":[{"href":"https:\/\/roveyayinevi.com.tr\/index.php\/wp-json\/wp\/v2\/product"}],"about":[{"href":"https:\/\/roveyayinevi.com.tr\/index.php\/wp-json\/wp\/v2\/types\/product"}],"wp:attachment":[{"href":"https:\/\/roveyayinevi.com.tr\/index.php\/wp-json\/wp\/v2\/media?parent=723517"}],"wp:term":[{"taxonomy":"product_brand","embeddable":true,"href":"https:\/\/roveyayinevi.com.tr\/index.php\/wp-json\/wp\/v2\/product_brand?post=723517"},{"taxonomy":"product_cat","embeddable":true,"href":"https:\/\/roveyayinevi.com.tr\/index.php\/wp-json\/wp\/v2\/product_cat?post=723517"},{"taxonomy":"product_tag","embeddable":true,"href":"https:\/\/roveyayinevi.com.tr\/index.php\/wp-json\/wp\/v2\/product_tag?post=723517"}],"curies":[{"name":"wp","href":"https:\/\/api.w.org\/{rel}","templated":true}]}}