{"id":723516,"date":"2025-08-27T19:20:06","date_gmt":"2025-08-27T16:20:06","guid":{"rendered":"https:\/\/roveyayinevi.com.tr\/index.php\/urun\/ejderhani-nasil-ateslersin-ciltli\/"},"modified":"2026-04-16T02:31:13","modified_gmt":"2026-04-15T23:31:13","slug":"ejderhani-nasil-ateslersin-ciltli","status":"publish","type":"product","link":"https:\/\/roveyayinevi.com.tr\/index.php\/urun\/ejderhani-nasil-ateslersin-ciltli\/","title":{"rendered":"Ejderhan\u0131 Nas\u0131l Ate\u015flersin (Ciltli)"},"content":{"rendered":"<p>Ag\u0306z\u0131ndan ates\u0327 c\u0327\u0131karmaktan vazgec\u0327mis\u0327 bir ejderhay\u0131, tekrar bunu yapmaya nas\u0131l ikna edersiniz? Kahraman\u0131m\u0131z, evcil ejderhas\u0131n\u0131 yeniden ates\u0327lemek ic\u0327in ug\u0306ras\u0327\u0131p didiniyor. Oldukc\u0327a yarat\u0131c\u0131 bu c\u0327o\u0308zu\u0308mlerden hic\u0327biri onu sonuca ulas\u0327t\u0131rm\u0131yor. Ancak bu s\u0131rada bir s\u0327ey kes\u0327fediyor: O ejderhas\u0131n\u0131 her haliyle seviyor!   Levy, gerc\u0327ek sihrin kos\u0327ulsuz sevgi oldug\u0306unu, s\u0327akac\u0131 ve gerc\u0327eku\u0308stu\u0308 bir o\u0308yku\u0308yle anlat\u0131yor. Beneglia\u2019n\u0131n parlak renkli resimleri ve muhtes\u0327em bir tipografi, bu mizah dolu anlat\u0131y\u0131 bu\u0308tu\u0308nlu\u0308yor.  <\/p>\n","protected":false},"excerpt":{"rendered":"<p>Ag\u0306z\u0131ndan ates\u0327 c\u0327\u0131karmaktan vazgec\u0327mis\u0327 bir ejderhay\u0131, tekrar bunu yapmaya nas\u0131l ikna edersiniz? Kahraman\u0131m\u0131z, evcil ejderhas\u0131n\u0131 yeniden ates\u0327lemek ic\u0327in ug\u0306ras\u0327\u0131p didiniyor. Oldukc\u0327a yarat\u0131c\u0131 bu c\u0327o\u0308zu\u0308mlerden hic\u0327biri onu<span class=\"excerpt-hellip\"> [\u2026]<\/span><\/p>\n","protected":false},"featured_media":0,"template":"","meta":{"_monsterinsights_skip_tracking":false,"_monsterinsights_sitenote_active":false,"_monsterinsights_sitenote_note":"","_monsterinsights_sitenote_category":0},"product_brand":[],"product_cat":[12274,12518],"product_tag":[],"class_list":{"0":"post-723516","1":"product","2":"type-product","3":"status-publish","5":"product_cat-cocuk-ve-genclik-kitaplari","6":"product_cat-okul-oncesi-kitaplar","7":"pa_cilt-ciltli","8":"pa_tur-kitap","9":"pa_yayinevi-nesin-yayinlari","10":"pa_yazar-didier-levy","12":"first","13":"instock","14":"sale","15":"shipping-taxable","16":"purchasable","17":"product-type-simple"},"_links":{"self":[{"href":"https:\/\/roveyayinevi.com.tr\/index.php\/wp-json\/wp\/v2\/product\/723516","targetHints":{"allow":["GET"]}}],"collection":[{"href":"https:\/\/roveyayinevi.com.tr\/index.php\/wp-json\/wp\/v2\/product"}],"about":[{"href":"https:\/\/roveyayinevi.com.tr\/index.php\/wp-json\/wp\/v2\/types\/product"}],"wp:attachment":[{"href":"https:\/\/roveyayinevi.com.tr\/index.php\/wp-json\/wp\/v2\/media?parent=723516"}],"wp:term":[{"taxonomy":"product_brand","embeddable":true,"href":"https:\/\/roveyayinevi.com.tr\/index.php\/wp-json\/wp\/v2\/product_brand?post=723516"},{"taxonomy":"product_cat","embeddable":true,"href":"https:\/\/roveyayinevi.com.tr\/index.php\/wp-json\/wp\/v2\/product_cat?post=723516"},{"taxonomy":"product_tag","embeddable":true,"href":"https:\/\/roveyayinevi.com.tr\/index.php\/wp-json\/wp\/v2\/product_tag?post=723516"}],"curies":[{"name":"wp","href":"https:\/\/api.w.org\/{rel}","templated":true}]}}