{"id":723514,"date":"2025-08-27T19:20:04","date_gmt":"2025-08-27T16:20:04","guid":{"rendered":"https:\/\/roveyayinevi.com.tr\/index.php\/urun\/erik-vogler-ve-olumcul-mango-serbeti\/"},"modified":"2026-04-16T02:31:13","modified_gmt":"2026-04-15T23:31:13","slug":"erik-vogler-ve-olumcul-mango-serbeti","status":"publish","type":"product","link":"https:\/\/roveyayinevi.com.tr\/index.php\/urun\/erik-vogler-ve-olumcul-mango-serbeti\/","title":{"rendered":"Erik Vogler ve \u00d6l\u00fcmc\u00fcl Mango \u015eerbeti"},"content":{"rendered":"<p>DEDEKT\u0130FL\u0130K ROMANLARI \u0130LE PARANORMAL EDEB\u0130YATIN BEKLENMED\u0130K B\u0130RLE\u015e\u0130M\u0130 Erik Vogler&#8217;in Almanya\u2019da ya\u015fad\u0131\u011f\u0131 deh\u015fet verici ser\u00fcvenden sonra bir ara vermesi gerekiyordu. Doktorlar\u0131n \u00f6nerdi\u011fi gibi tedavi olarak dinlenmesi laz\u0131md\u0131. Asl\u0131nda, neredeyse her gece beyaz \u015fah ile ilgili k\u00e2buslar onu rahats\u0131z ediyordu. Bu nedenle b\u00fcy\u00fckannesi Berta&#8217;n\u0131n l\u00fcks bir kapl\u0131cada bir hafta ge\u00e7irme davetini kabul etti. Tabii ki rahatlat\u0131c\u0131 bir \u00e7amur banyosunun ger\u00e7ek bir cehenneme d\u00f6n\u00fc\u015febilece\u011fini hayal bile edemezdi.\u0130lgin\u00e7 ana karakteri ile yazar Beatriz Os\u00e9s, son y\u0131llar\u0131n en \u00f6zg\u00fcn polisiye romanlar\u0131ndan birine imza at\u0131yor. Her c\u00fcmlesi \u015fa\u015f\u0131rt\u0131c\u0131 ve \u015fok edici. Gerilim sarmal\u0131 ve saf heyecan sizi daha ilk b\u00f6l\u00fcmden ele ge\u00e7iriyor.<\/p>\n","protected":false},"excerpt":{"rendered":"<p>DEDEKT\u0130FL\u0130K ROMANLARI \u0130LE PARANORMAL EDEB\u0130YATIN BEKLENMED\u0130K B\u0130RLE\u015e\u0130M\u0130 Erik Vogler&#8217;in Almanya\u2019da ya\u015fad\u0131\u011f\u0131 deh\u015fet verici ser\u00fcvenden sonra bir ara vermesi gerekiyordu. Doktorlar\u0131n \u00f6nerdi\u011fi gibi tedavi olarak dinlenmesi laz\u0131md\u0131.<span class=\"excerpt-hellip\"> [\u2026]<\/span><\/p>\n","protected":false},"featured_media":0,"template":"","meta":{"_monsterinsights_skip_tracking":false,"_monsterinsights_sitenote_active":false,"_monsterinsights_sitenote_note":"","_monsterinsights_sitenote_category":0},"product_brand":[],"product_cat":[12291,12711],"product_tag":[],"class_list":{"0":"post-723514","1":"product","2":"type-product","3":"status-publish","5":"product_cat-edebiyat","6":"product_cat-roman-oyku","7":"pa_cilt-ciltsiz","8":"pa_tur-kitap","9":"pa_yayinevi-bilgi-yayinevi","10":"pa_yazar-beatriz-oses","12":"first","13":"instock","14":"sale","15":"shipping-taxable","16":"purchasable","17":"product-type-simple"},"_links":{"self":[{"href":"https:\/\/roveyayinevi.com.tr\/index.php\/wp-json\/wp\/v2\/product\/723514","targetHints":{"allow":["GET"]}}],"collection":[{"href":"https:\/\/roveyayinevi.com.tr\/index.php\/wp-json\/wp\/v2\/product"}],"about":[{"href":"https:\/\/roveyayinevi.com.tr\/index.php\/wp-json\/wp\/v2\/types\/product"}],"wp:attachment":[{"href":"https:\/\/roveyayinevi.com.tr\/index.php\/wp-json\/wp\/v2\/media?parent=723514"}],"wp:term":[{"taxonomy":"product_brand","embeddable":true,"href":"https:\/\/roveyayinevi.com.tr\/index.php\/wp-json\/wp\/v2\/product_brand?post=723514"},{"taxonomy":"product_cat","embeddable":true,"href":"https:\/\/roveyayinevi.com.tr\/index.php\/wp-json\/wp\/v2\/product_cat?post=723514"},{"taxonomy":"product_tag","embeddable":true,"href":"https:\/\/roveyayinevi.com.tr\/index.php\/wp-json\/wp\/v2\/product_tag?post=723514"}],"curies":[{"name":"wp","href":"https:\/\/api.w.org\/{rel}","templated":true}]}}