{"id":723512,"date":"2025-08-27T19:20:02","date_gmt":"2025-08-27T16:20:02","guid":{"rendered":"https:\/\/roveyayinevi.com.tr\/index.php\/urun\/gelecegimiz-icin-tek-cikar-yol\/"},"modified":"2026-04-16T02:31:13","modified_gmt":"2026-04-15T23:31:13","slug":"gelecegimiz-icin-tek-cikar-yol","status":"publish","type":"product","link":"https:\/\/roveyayinevi.com.tr\/index.php\/urun\/gelecegimiz-icin-tek-cikar-yol\/","title":{"rendered":"Gelece\u011fimiz \u0130\u00e7in Tek \u00c7\u0131kar Yol"},"content":{"rendered":"<p>\u00d6nemine binaen kitapta tekrarlad\u0131\u011f\u0131m \u201cbirlik ve beraberlik\u201d vurgulamas\u0131 \u015fu c\u00fcmlede \u00f6zetlenebilir: \u201cGelece\u011fimiz i\u00e7in tek \u00e7\u0131kar yol; hangi \u015fart alt\u0131nda olursa olsun millet olarak birlik ve beraberli\u011fimizi korumakt\u0131r. Dinimizin emri, mill\u00ee menfaatlerimizin gere\u011fi budur.\u201d \u0130nanc\u0131m\u0131z odur ki, tarihi boyunca daima h\u00fcr ve ba\u011f\u0131ms\u0131z ya\u015fam\u0131\u015f olan b\u00fcy\u00fck milletimiz, birlik ve beraberli\u011fini her zaman muhafaza edecek ve d\u00fcnya durduk\u00e7a var olacakt\u0131r. Bu konuda \u00e7ok duyarl\u0131 olmam\u0131z\u0131n sebebi; \u015fehit kanlar\u0131 ile yo\u011frulmu\u015f olan bir vatanda ya\u015faman\u0131n bizlere y\u00fckledi\u011fi b\u00fcy\u00fck sorumluluktur. \u00d6yle ise, atalar\u0131m\u0131z\u0131n emaneti olan bu cennet vatan\u0131n de\u011ferini bilelim. Hem de \u00e7ok iyi bilelim. <\/p>\n","protected":false},"excerpt":{"rendered":"<p>\u00d6nemine binaen kitapta tekrarlad\u0131\u011f\u0131m \u201cbirlik ve beraberlik\u201d vurgulamas\u0131 \u015fu c\u00fcmlede \u00f6zetlenebilir: \u201cGelece\u011fimiz i\u00e7in tek \u00e7\u0131kar yol; hangi \u015fart alt\u0131nda olursa olsun millet olarak birlik ve beraberli\u011fimizi<span class=\"excerpt-hellip\"> [\u2026]<\/span><\/p>\n","protected":false},"featured_media":0,"template":"","meta":{"_monsterinsights_skip_tracking":false,"_monsterinsights_sitenote_active":false,"_monsterinsights_sitenote_note":"","_monsterinsights_sitenote_category":0},"product_brand":[],"product_cat":[12777,12291],"product_tag":[],"class_list":{"0":"post-723512","1":"product","2":"type-product","3":"status-publish","5":"product_cat-deneme","6":"product_cat-edebiyat","7":"pa_cilt-ciltsiz","8":"pa_tur-kitap","9":"pa_yayinevi-bilge-kultur-sanat","10":"pa_yazar-seyfettin-yazici","12":"first","13":"instock","14":"sale","15":"shipping-taxable","16":"purchasable","17":"product-type-simple"},"_links":{"self":[{"href":"https:\/\/roveyayinevi.com.tr\/index.php\/wp-json\/wp\/v2\/product\/723512","targetHints":{"allow":["GET"]}}],"collection":[{"href":"https:\/\/roveyayinevi.com.tr\/index.php\/wp-json\/wp\/v2\/product"}],"about":[{"href":"https:\/\/roveyayinevi.com.tr\/index.php\/wp-json\/wp\/v2\/types\/product"}],"wp:attachment":[{"href":"https:\/\/roveyayinevi.com.tr\/index.php\/wp-json\/wp\/v2\/media?parent=723512"}],"wp:term":[{"taxonomy":"product_brand","embeddable":true,"href":"https:\/\/roveyayinevi.com.tr\/index.php\/wp-json\/wp\/v2\/product_brand?post=723512"},{"taxonomy":"product_cat","embeddable":true,"href":"https:\/\/roveyayinevi.com.tr\/index.php\/wp-json\/wp\/v2\/product_cat?post=723512"},{"taxonomy":"product_tag","embeddable":true,"href":"https:\/\/roveyayinevi.com.tr\/index.php\/wp-json\/wp\/v2\/product_tag?post=723512"}],"curies":[{"name":"wp","href":"https:\/\/api.w.org\/{rel}","templated":true}]}}