{"id":723507,"date":"2025-08-27T19:19:57","date_gmt":"2025-08-27T16:19:57","guid":{"rendered":"https:\/\/roveyayinevi.com.tr\/index.php\/urun\/guclu-kadinlar\/"},"modified":"2026-04-16T02:31:13","modified_gmt":"2026-04-15T23:31:13","slug":"guclu-kadinlar","status":"publish","type":"product","link":"https:\/\/roveyayinevi.com.tr\/index.php\/urun\/guclu-kadinlar\/","title":{"rendered":"G\u00fc\u00e7l\u00fc Kad\u0131nlar"},"content":{"rendered":"<p>G\u00fc\u00e7l\u00fc Kad\u0131nlar, T\u00fcrkiye\u2019nin i\u015f d\u00fcnyas\u0131ndaki, bilim ve ileti\u015fim arenas\u0131ndaki \u00f6nemli kad\u0131n fig\u00fcrleriyle yap\u0131lm\u0131\u015f r\u00f6portajlardan olu\u015fmaktad\u0131r. Halkla \u0130li\u015fkiler mesle\u011finin T\u00fcrkiye\u2019deki \u00f6nc\u00fcs\u00fc, duayen isim Bet\u00fbl Mardin; BigChefs Y\u00f6netim Kurulu Ba\u015fkan\u0131, \u00fcnl\u00fc i\u015f kad\u0131n\u0131 Gamze Cizreli; Gastronomi \u015fefi ve yazar Jale Balc\u0131; Kurumsal \u0130leti\u015fimciler Derne\u011fi Ba\u015fkan\u0131, Bilim Vir\u00fcs\u00fc Kurucusu, sosyal giri\u015fimci \u015eule Y\u00fcceb\u0131y\u0131k; D\u00fczce \u00dcniversitesi rekt\u00f6r\u00fc Prof. Dr. Nigar Demircan \u00c7akar; ileti\u015fim profes\u00f6r\u00fc Prof. Dr. Ebru G\u00fczelcik Ural; ODT\u00dc Fizik B\u00f6l\u00fcm\u00fc \u00d6\u011fretim \u00dcyesi Prof. Dr. Melahat Bilge Demirk\u00f6z; Kad\u0131n Hastal\u0131klar\u0131 ve Do\u011fum Uzman\u0131 ve Koru Hastanesi Sa\u011fl\u0131k Grubu kurucusu Prof. Dr. Aydan Asyal\u0131 Biri ile yap\u0131lm\u0131\u015f ilham verici s\u00f6yle\u015filer hi\u00e7 ku\u015fkusuz, ba\u015fta kad\u0131nlar olmak \u00fczere hayallerinin, tutkular\u0131n\u0131n ve hedeflerinin pe\u015finde y\u0131lmadan ko\u015fan, kendini geli\u015ftirmeyi ve ya\u015famdaki yerini bulmay\u0131 ama\u00e7 edinmi\u015f, ba\u015far\u0131 yolunda emin ad\u0131mlarla ilerleyen herkese esin kayna\u011f\u0131 olacak.<\/p>\n","protected":false},"excerpt":{"rendered":"<p>G\u00fc\u00e7l\u00fc Kad\u0131nlar, T\u00fcrkiye\u2019nin i\u015f d\u00fcnyas\u0131ndaki, bilim ve ileti\u015fim arenas\u0131ndaki \u00f6nemli kad\u0131n fig\u00fcrleriyle yap\u0131lm\u0131\u015f r\u00f6portajlardan olu\u015fmaktad\u0131r. Halkla \u0130li\u015fkiler mesle\u011finin T\u00fcrkiye\u2019deki \u00f6nc\u00fcs\u00fc, duayen isim Bet\u00fbl Mardin; BigChefs Y\u00f6netim<span class=\"excerpt-hellip\"> [\u2026]<\/span><\/p>\n","protected":false},"featured_media":0,"template":"","meta":{"_monsterinsights_skip_tracking":false,"_monsterinsights_sitenote_active":false,"_monsterinsights_sitenote_note":"","_monsterinsights_sitenote_category":0},"product_brand":[],"product_cat":[13072,12291],"product_tag":[],"class_list":{"0":"post-723507","1":"product","2":"type-product","3":"status-publish","5":"product_cat-arastirma-inceleme-referans","6":"product_cat-edebiyat","7":"pa_cilt-ciltsiz","8":"pa_tur-kitap","9":"pa_yayinevi-alfa-yayinlari","10":"pa_yazar-nurgul-soydas","12":"first","13":"instock","14":"sale","15":"shipping-taxable","16":"purchasable","17":"product-type-simple"},"_links":{"self":[{"href":"https:\/\/roveyayinevi.com.tr\/index.php\/wp-json\/wp\/v2\/product\/723507","targetHints":{"allow":["GET"]}}],"collection":[{"href":"https:\/\/roveyayinevi.com.tr\/index.php\/wp-json\/wp\/v2\/product"}],"about":[{"href":"https:\/\/roveyayinevi.com.tr\/index.php\/wp-json\/wp\/v2\/types\/product"}],"wp:attachment":[{"href":"https:\/\/roveyayinevi.com.tr\/index.php\/wp-json\/wp\/v2\/media?parent=723507"}],"wp:term":[{"taxonomy":"product_brand","embeddable":true,"href":"https:\/\/roveyayinevi.com.tr\/index.php\/wp-json\/wp\/v2\/product_brand?post=723507"},{"taxonomy":"product_cat","embeddable":true,"href":"https:\/\/roveyayinevi.com.tr\/index.php\/wp-json\/wp\/v2\/product_cat?post=723507"},{"taxonomy":"product_tag","embeddable":true,"href":"https:\/\/roveyayinevi.com.tr\/index.php\/wp-json\/wp\/v2\/product_tag?post=723507"}],"curies":[{"name":"wp","href":"https:\/\/api.w.org\/{rel}","templated":true}]}}