{"id":723506,"date":"2025-08-27T19:19:56","date_gmt":"2025-08-27T16:19:56","guid":{"rendered":"https:\/\/roveyayinevi.com.tr\/index.php\/urun\/bozkir\/"},"modified":"2026-04-16T02:31:13","modified_gmt":"2026-04-15T23:31:13","slug":"bozkir","status":"publish","type":"product","link":"https:\/\/roveyayinevi.com.tr\/index.php\/urun\/bozkir\/","title":{"rendered":"Bozk\u0131r"},"content":{"rendered":"<p>\u201cKing, Dartmoor\u2019un karamsar havas\u0131n\u0131 nefes kesici bir \u015fekilde aktar\u0131rken b\u00f6lgeye ait efsanelere yeniden can veriyor. Etkili anlat\u0131m\u0131na direnmek m\u00fcmk\u00fcn de\u011fil.\u201d \u2014New York Times Book Review\u201cAyr\u0131nt\u0131l\u0131 ve b\u00fcy\u00fcleyici\u2026 221B Baker Soka\u011f\u0131\u2019n\u0131n me\u015fhur kirac\u0131s\u0131na dair \u015fu ana kadar yaz\u0131lm\u0131\u015f en ba\u015far\u0131l\u0131 uyarlama.\u201d \u2014Houston ChronicleSherlock Holmes\u2019ten bir mektup alan Mary Russell tekrar yola \u00e7\u0131kt\u0131\u011f\u0131nda bu \u00e7a\u011fr\u0131n\u0131n evliliklerini biraz daha hareketlendirmek i\u00e7in oldu\u011funu sanm\u0131\u015ft\u0131. Kendisini bir midilli \u00fcst\u00fcnden sert\u00e7e d\u00fc\u015f\u00fcp yere kapaklan\u0131rken buldu\u011funda asl\u0131nda kocas\u0131n\u0131n daha iyi se\u00e7enekleri olabilece\u011fi konusunda s\u00f6ylendi. Fakat bu macera sand\u0131\u011f\u0131ndan \u00e7ok daha zorlu ge\u00e7ecekti.Sherlock Holmes, eski bir dostunun bir davay\u0131 \u00e7\u00f6zmesi i\u00e7in yard\u0131m istemesi \u00fczerine Dartmoor\u2019a gitti\u011finde kendisini tekrar Baskervillelerin Kona\u011f\u0131\u2019nda, benzer bir hik\u00e2yenin ortas\u0131nda bulur. Fakat kurulan tezgah\u0131n sonu\u00e7lar\u0131 bu sefer daha b\u00fcy\u00fckt\u00fcr. Peki Sherlock Holmes ve yeni orta\u011f\u0131 Mary Russell bu vakadan canlar\u0131 sa\u011f kurtulmay\u0131 ba\u015farabilecek midir?Sherlock Holmes\u2019\u00fcn yan\u0131na en az kendisi kadar zeki bir karakteri koyan Laruie R. King, bu yeni ikilinin karma\u015f\u0131k ili\u015fkisini ustal\u0131kla kaleme al\u0131yor.Sherlock Holmes maceralar\u0131ndan vazge\u00e7emeyenler i\u00e7inmutlaka okunmas\u0131 gereken bir roman!<\/p>\n","protected":false},"excerpt":{"rendered":"<p>\u201cKing, Dartmoor\u2019un karamsar havas\u0131n\u0131 nefes kesici bir \u015fekilde aktar\u0131rken b\u00f6lgeye ait efsanelere yeniden can veriyor. Etkili anlat\u0131m\u0131na direnmek m\u00fcmk\u00fcn de\u011fil.\u201d \u2014New York Times Book Review\u201cAyr\u0131nt\u0131l\u0131 ve<span class=\"excerpt-hellip\"> [\u2026]<\/span><\/p>\n","protected":false},"featured_media":0,"template":"","meta":{"_monsterinsights_skip_tracking":false,"_monsterinsights_sitenote_active":false,"_monsterinsights_sitenote_note":"","_monsterinsights_sitenote_category":0},"product_brand":[],"product_cat":[12291,15445],"product_tag":[],"class_list":{"0":"post-723506","1":"product","2":"type-product","3":"status-publish","5":"product_cat-edebiyat","6":"product_cat-polisiye","7":"pa_cilt-ciltsiz","8":"pa_tur-kitap","9":"pa_yayinevi-portakal-kitap","10":"pa_yazar-laurie-r-king","12":"first","13":"instock","14":"sale","15":"shipping-taxable","16":"purchasable","17":"product-type-simple"},"_links":{"self":[{"href":"https:\/\/roveyayinevi.com.tr\/index.php\/wp-json\/wp\/v2\/product\/723506","targetHints":{"allow":["GET"]}}],"collection":[{"href":"https:\/\/roveyayinevi.com.tr\/index.php\/wp-json\/wp\/v2\/product"}],"about":[{"href":"https:\/\/roveyayinevi.com.tr\/index.php\/wp-json\/wp\/v2\/types\/product"}],"wp:attachment":[{"href":"https:\/\/roveyayinevi.com.tr\/index.php\/wp-json\/wp\/v2\/media?parent=723506"}],"wp:term":[{"taxonomy":"product_brand","embeddable":true,"href":"https:\/\/roveyayinevi.com.tr\/index.php\/wp-json\/wp\/v2\/product_brand?post=723506"},{"taxonomy":"product_cat","embeddable":true,"href":"https:\/\/roveyayinevi.com.tr\/index.php\/wp-json\/wp\/v2\/product_cat?post=723506"},{"taxonomy":"product_tag","embeddable":true,"href":"https:\/\/roveyayinevi.com.tr\/index.php\/wp-json\/wp\/v2\/product_tag?post=723506"}],"curies":[{"name":"wp","href":"https:\/\/api.w.org\/{rel}","templated":true}]}}