{"id":723504,"date":"2025-08-27T19:19:55","date_gmt":"2025-08-27T16:19:55","guid":{"rendered":"https:\/\/roveyayinevi.com.tr\/index.php\/urun\/sufilerin-sirlari\/"},"modified":"2026-04-16T02:31:12","modified_gmt":"2026-04-15T23:31:12","slug":"sufilerin-sirlari","status":"publish","type":"product","link":"https:\/\/roveyayinevi.com.tr\/index.php\/urun\/sufilerin-sirlari\/","title":{"rendered":"Sufilerin S\u0131rlar\u0131"},"content":{"rendered":"<p>Bu eser, Hz. Mevl\u00e2na\u2019n\u0131n Mesnev\u00ee\u2019sinin \u00e7ok veciz ve muhte\u015fem bir \u00f6zetidir. Bu eser, Hz. Mevl\u00e2na\u2019n\u0131n o \u015faheserindeki s\u0131rlar\u0131n ve verdi\u011fi mesajlar\u0131n \u00f6zl\u00fc bir a\u00e7\u0131klamas\u0131d\u0131r. O y\u00fczden m\u00e2nev\u00ee etkisiyle okurun i\u00e7ine i\u015fler, y\u00fcre\u011fine dokunur. Bu kitap, ba\u015fta Hz. Mevl\u00e2na olmak \u00fczere b\u00fcy\u00fck velilerin Allah a\u015fklar\u0131n\u0131 dillendiren ve s\u00fbf\u00eelerin bu d\u00fcnya ve \u00f6te \u00e2lemle ilgili s\u0131rlar\u0131n\u0131n bir k\u0131sm\u0131n\u0131 okuyucular\u0131yla payla\u015fan bir s\u0131rlar hazinesidir. Bu eser, insan\u0131 d\u00fcnyaya ve ge\u00e7ici d\u00fcnya zevklerine taparcas\u0131na ba\u011flanmaktan kurtar\u0131p, Allah a\u015fk\u0131yla co\u015fturan bir irfan hazinesidir. Bu eser, insanlar\u0131 gafletten uyand\u0131r\u0131p Hakk\u2019a y\u00f6nelten e\u015fsiz bir rehber, \u00e7ok de\u011ferli bir k\u0131lavuzdur. Bu eser, d\u00fcnya hayhuyundan yakas\u0131n\u0131 kurtar\u0131p kalbini Allah\u2019a y\u00f6neltmek isteyenlere kap\u0131lar a\u00e7ar. Bununla da kalmaz, okuruna \u00f6te d\u00fcnyay\u0131 eliyle tutacak ve g\u00f6z\u00fcyle g\u00f6recek \u015fekilde capcanl\u0131 olarak tasvir eder.<\/p>\n","protected":false},"excerpt":{"rendered":"<p>Bu eser, Hz. Mevl\u00e2na\u2019n\u0131n Mesnev\u00ee\u2019sinin \u00e7ok veciz ve muhte\u015fem bir \u00f6zetidir. Bu eser, Hz. Mevl\u00e2na\u2019n\u0131n o \u015faheserindeki s\u0131rlar\u0131n ve verdi\u011fi mesajlar\u0131n \u00f6zl\u00fc bir a\u00e7\u0131klamas\u0131d\u0131r. O y\u00fczden<span class=\"excerpt-hellip\"> [\u2026]<\/span><\/p>\n","protected":false},"featured_media":0,"template":"","meta":{"_monsterinsights_skip_tracking":false,"_monsterinsights_sitenote_active":false,"_monsterinsights_sitenote_note":"","_monsterinsights_sitenote_category":0},"product_brand":[],"product_cat":[12718,12719,15238],"product_tag":[],"class_list":{"0":"post-723504","1":"product","2":"type-product","3":"status-publish","5":"product_cat-din","6":"product_cat-islam","7":"product_cat-tasavvuf","8":"pa_cilt-ciltsiz","9":"pa_tur-kitap","10":"pa_yayinevi-sufi-kitap","11":"pa_yazar-sultan-veled","13":"first","14":"instock","15":"sale","16":"shipping-taxable","17":"purchasable","18":"product-type-simple"},"_links":{"self":[{"href":"https:\/\/roveyayinevi.com.tr\/index.php\/wp-json\/wp\/v2\/product\/723504","targetHints":{"allow":["GET"]}}],"collection":[{"href":"https:\/\/roveyayinevi.com.tr\/index.php\/wp-json\/wp\/v2\/product"}],"about":[{"href":"https:\/\/roveyayinevi.com.tr\/index.php\/wp-json\/wp\/v2\/types\/product"}],"wp:attachment":[{"href":"https:\/\/roveyayinevi.com.tr\/index.php\/wp-json\/wp\/v2\/media?parent=723504"}],"wp:term":[{"taxonomy":"product_brand","embeddable":true,"href":"https:\/\/roveyayinevi.com.tr\/index.php\/wp-json\/wp\/v2\/product_brand?post=723504"},{"taxonomy":"product_cat","embeddable":true,"href":"https:\/\/roveyayinevi.com.tr\/index.php\/wp-json\/wp\/v2\/product_cat?post=723504"},{"taxonomy":"product_tag","embeddable":true,"href":"https:\/\/roveyayinevi.com.tr\/index.php\/wp-json\/wp\/v2\/product_tag?post=723504"}],"curies":[{"name":"wp","href":"https:\/\/api.w.org\/{rel}","templated":true}]}}