{"id":723503,"date":"2025-08-27T19:19:54","date_gmt":"2025-08-27T16:19:54","guid":{"rendered":"https:\/\/roveyayinevi.com.tr\/index.php\/urun\/yurumeye-devam-et\/"},"modified":"2026-04-16T02:31:12","modified_gmt":"2026-04-15T23:31:12","slug":"yurumeye-devam-et","status":"publish","type":"product","link":"https:\/\/roveyayinevi.com.tr\/index.php\/urun\/yurumeye-devam-et\/","title":{"rendered":"Y\u00fcr\u00fcmeye Devam Et"},"content":{"rendered":"<p>\u0130nsan en \u00e7ok kendiyle konu\u015fur.\u0130nsan en \u00e7ok kendini su\u00e7lar.\u0130nsan en \u00e7ok kendine \u00f6fkelenir.\u0130nsan en \u00e7ok kendiyle y\u00fczle\u015fmekten korkar.\u0130nsan en \u00e7ok kendini affetmekte zorlan\u0131r.Ve insan en az kendini anlar.Kendini anlamaya giden yolculuk uzundur, g\u00fc\u00e7 ister, azim gerektirir, ad\u0131m ad\u0131m geli\u015fir, devaml\u0131 bir seyirdir.Yol uzundur ama orada varl\u0131klar\u0131 ile huzur veren insanlar vard\u0131r.D\u00fcnyan\u0131n kalabal\u0131\u011f\u0131na, g\u00fcr\u00fclt\u00fcs\u00fcne, olanca a\u011f\u0131rl\u0131\u011f\u0131na ve y\u00fck\u00fcne, anlams\u0131z ko\u015fturmacas\u0131na ra\u011fmen sakin ve kendi halinde huzurlu bir hayat ya\u015fayanlar\u2026Aldat\u0131c\u0131 bir iyimserli\u011fe ve ya\u015fam enerjisini t\u00fcketen karamsarl\u0131\u011fa bula\u015fmadan var olmaya devam edenler\u2026Kalbi s\u00f6k\u00fclm\u00fc\u015f bu \u00e7a\u011fda sevgiyi, a\u015fk\u0131, g\u00fczelli\u011fi en saf ve en temiz hali ile sessizce ya\u015fayanlar\u2026Yaralar\u0131na ra\u011fmen y\u00fcr\u00fcmeye devam eden insanlar\u2026Dr. Ferhat Karda\u015f, i\u015fte bu yolculu\u011fa niyetlenenlere, d\u00fc\u015fseler de kalkmaya gayret edenlere sesleniyor.\u201cPes etme sak\u0131n, y\u00fcr\u00fcmeye devam et\u2026\u201d<\/p>\n","protected":false},"excerpt":{"rendered":"<p>\u0130nsan en \u00e7ok kendiyle konu\u015fur.\u0130nsan en \u00e7ok kendini su\u00e7lar.\u0130nsan en \u00e7ok kendine \u00f6fkelenir.\u0130nsan en \u00e7ok kendiyle y\u00fczle\u015fmekten korkar.\u0130nsan en \u00e7ok kendini affetmekte zorlan\u0131r.Ve insan en az<span class=\"excerpt-hellip\"> [\u2026]<\/span><\/p>\n","protected":false},"featured_media":0,"template":"","meta":{"_monsterinsights_skip_tracking":false,"_monsterinsights_sitenote_active":false,"_monsterinsights_sitenote_note":"","_monsterinsights_sitenote_category":0},"product_brand":[],"product_cat":[12364,12376],"product_tag":[],"class_list":{"0":"post-723503","1":"product","2":"type-product","3":"status-publish","5":"product_cat-genel-konular","6":"product_cat-kisisel-gelisim","7":"pa_cilt-ciltsiz","8":"pa_tur-kitap","9":"pa_yayinevi-timas-yayinlari","10":"pa_yazar-ferhat-kardas","12":"first","13":"instock","14":"sale","15":"shipping-taxable","16":"purchasable","17":"product-type-simple"},"_links":{"self":[{"href":"https:\/\/roveyayinevi.com.tr\/index.php\/wp-json\/wp\/v2\/product\/723503","targetHints":{"allow":["GET"]}}],"collection":[{"href":"https:\/\/roveyayinevi.com.tr\/index.php\/wp-json\/wp\/v2\/product"}],"about":[{"href":"https:\/\/roveyayinevi.com.tr\/index.php\/wp-json\/wp\/v2\/types\/product"}],"wp:attachment":[{"href":"https:\/\/roveyayinevi.com.tr\/index.php\/wp-json\/wp\/v2\/media?parent=723503"}],"wp:term":[{"taxonomy":"product_brand","embeddable":true,"href":"https:\/\/roveyayinevi.com.tr\/index.php\/wp-json\/wp\/v2\/product_brand?post=723503"},{"taxonomy":"product_cat","embeddable":true,"href":"https:\/\/roveyayinevi.com.tr\/index.php\/wp-json\/wp\/v2\/product_cat?post=723503"},{"taxonomy":"product_tag","embeddable":true,"href":"https:\/\/roveyayinevi.com.tr\/index.php\/wp-json\/wp\/v2\/product_tag?post=723503"}],"curies":[{"name":"wp","href":"https:\/\/api.w.org\/{rel}","templated":true}]}}