{"id":723501,"date":"2025-08-27T19:19:52","date_gmt":"2025-08-27T16:19:52","guid":{"rendered":"https:\/\/roveyayinevi.com.tr\/index.php\/urun\/basit-makineler-yapmak\/"},"modified":"2026-04-16T02:31:12","modified_gmt":"2026-04-15T23:31:12","slug":"basit-makineler-yapmak","status":"publish","type":"product","link":"https:\/\/roveyayinevi.com.tr\/index.php\/urun\/basit-makineler-yapmak\/","title":{"rendered":"Basit Makineler Yapmak"},"content":{"rendered":"<p>Ta\u015f Devri\u2019nde ya\u015fayan Leo\u2019nun, ya\u015fad\u0131\u011f\u0131 zaman\u0131n \u00e7ok ilerisinde muhte\u015fem fikirleri vard\u0131. O ve arkada\u015flar\u0131 bu fikirleri insanlar i\u00e7in faydal\u0131 icatlara d\u00f6n\u00fc\u015ft\u00fcrd\u00fcler. Bu icatlar, y\u00fczlerce y\u0131l boyunca insanlar\u0131n ya\u015fam\u0131n\u0131 g\u00fczelle\u015ftirdi ve \u00e7al\u0131\u015fmalar\u0131n\u0131 kolayla\u015ft\u0131rd\u0131.   Leo\u2019nun \u0130catlar D\u00fcnyas\u0131: Basit Makineler Yapmak kitab\u0131nda el arabas\u0131, kald\u0131ra\u00e7lar, tekerlek ve aks, y\u00fck arabas\u0131, silindir, vin\u00e7, makara, saban, takoz ve vida gibi basit makineler inceleniyor. Ayr\u0131ca kitapta, ya\u015fad\u0131\u011f\u0131 zaman\u0131n \u00e7ok ilerisinde olan bir ba\u015fka mucidin, Leonardo Da Vinci\u2019nin ya\u015fam \u00f6yk\u00fcs\u00fcn\u00fc ve icatlar\u0131n\u0131 okuyacaks\u0131n\u0131z.   \u0130catlar d\u00fcnyas\u0131na heyecanl\u0131 bir yolculuk sizi bekliyor\u2026<\/p>\n","protected":false},"excerpt":{"rendered":"<p>Ta\u015f Devri\u2019nde ya\u015fayan Leo\u2019nun, ya\u015fad\u0131\u011f\u0131 zaman\u0131n \u00e7ok ilerisinde muhte\u015fem fikirleri vard\u0131. O ve arkada\u015flar\u0131 bu fikirleri insanlar i\u00e7in faydal\u0131 icatlara d\u00f6n\u00fc\u015ft\u00fcrd\u00fcler. Bu icatlar, y\u00fczlerce y\u0131l boyunca<span class=\"excerpt-hellip\"> [\u2026]<\/span><\/p>\n","protected":false},"featured_media":0,"template":"","meta":{"_monsterinsights_skip_tracking":false,"_monsterinsights_sitenote_active":false,"_monsterinsights_sitenote_note":"","_monsterinsights_sitenote_category":0},"product_brand":[],"product_cat":[12274,15842],"product_tag":[],"class_list":{"0":"post-723501","1":"product","2":"type-product","3":"status-publish","5":"product_cat-cocuk-ve-genclik-kitaplari","6":"product_cat-egitici-kitaplar","7":"pa_cilt-ciltsiz","8":"pa_tur-kitap","9":"pa_yayinevi-1001-cicek-kitaplar","10":"pa_yazar-felicia-law-gerry-bailey","12":"first","13":"instock","14":"sale","15":"shipping-taxable","16":"purchasable","17":"product-type-simple"},"_links":{"self":[{"href":"https:\/\/roveyayinevi.com.tr\/index.php\/wp-json\/wp\/v2\/product\/723501","targetHints":{"allow":["GET"]}}],"collection":[{"href":"https:\/\/roveyayinevi.com.tr\/index.php\/wp-json\/wp\/v2\/product"}],"about":[{"href":"https:\/\/roveyayinevi.com.tr\/index.php\/wp-json\/wp\/v2\/types\/product"}],"wp:attachment":[{"href":"https:\/\/roveyayinevi.com.tr\/index.php\/wp-json\/wp\/v2\/media?parent=723501"}],"wp:term":[{"taxonomy":"product_brand","embeddable":true,"href":"https:\/\/roveyayinevi.com.tr\/index.php\/wp-json\/wp\/v2\/product_brand?post=723501"},{"taxonomy":"product_cat","embeddable":true,"href":"https:\/\/roveyayinevi.com.tr\/index.php\/wp-json\/wp\/v2\/product_cat?post=723501"},{"taxonomy":"product_tag","embeddable":true,"href":"https:\/\/roveyayinevi.com.tr\/index.php\/wp-json\/wp\/v2\/product_tag?post=723501"}],"curies":[{"name":"wp","href":"https:\/\/api.w.org\/{rel}","templated":true}]}}