{"id":723491,"date":"2025-08-27T19:19:44","date_gmt":"2025-08-27T16:19:44","guid":{"rendered":"https:\/\/roveyayinevi.com.tr\/index.php\/urun\/konut-sorunu\/"},"modified":"2026-04-16T02:31:12","modified_gmt":"2026-04-15T23:31:12","slug":"konut-sorunu","status":"publish","type":"product","link":"https:\/\/roveyayinevi.com.tr\/index.php\/urun\/konut-sorunu\/","title":{"rendered":"Konut Sorunu"},"content":{"rendered":"<p>\u0130\u015f\u00e7ilerin oturdu\u011fu evler neden en k\u00fc\u00e7\u00fck sars\u0131nt\u0131da \u00e7\u00f6kebiliyor? Yoksullar\u0131n sa\u011fl\u0131ks\u0131z ko\u015fullarda bar\u0131nmas\u0131n\u0131n yol a\u00e7t\u0131\u011f\u0131 salg\u0131n hastal\u0131klar\u0131n sermaye sahiplerini de etkilemesine ra\u011fmen, bu ko\u015fullar neden d\u00fczeltilemiyor? B\u00fcy\u00fck kentlerdeki sel felaketleri neden \u00f6nlenemiyor? Herkesin oturdu\u011fu evin sahibi olmas\u0131 devrimci bir talep midir? Friedrich Engels, Proudhon\u2019un temsil etti\u011fi k\u00fc\u00e7\u00fck burjuva sosyalizminin ve hay\u0131rsever burjuvalar\u0131n i\u015f\u00e7ileri ilgilendiren konut sorununu \u00e7\u00f6zmeye y\u00f6nelik giri\u015fimlerinin ba\u015far\u0131s\u0131zl\u0131\u011fa mahk\u00fbm olma nedenlerini ele ald\u0131\u011f\u0131 bu eserinde, kapitalist \u00fcretim tarz\u0131ndan kaynaklanan toplumsal sorunlara nas\u0131l yakla\u015f\u0131lmas\u0131 gerekti\u011fini tart\u0131\u015f\u0131yor. Eserin yaz\u0131ld\u0131\u011f\u0131 d\u00f6nemde Proudhon\u2019un Avrupa i\u015f\u00e7i hareketi \u00fczerindeki etkisinin hayli azalm\u0131\u015f olmas\u0131na kar\u015f\u0131n, toplumsal sorunlara d\u00fczen i\u00e7i \u00e7\u00f6z\u00fcmler arama yakla\u015f\u0131m\u0131n\u0131n yeniden g\u00fc\u00e7 kazanaca\u011f\u0131n\u0131 \u00f6ng\u00f6ren Engels, Karl Marx\u2019\u0131n Felsefenin Sefaleti adl\u0131 kitab\u0131ndaki Proudhon ele\u015ftirisini Konut Sorunu\u2019yla tamaml\u0131yor.  \u201cModern toplumumuzun \u00fcretiminin, toplumun t\u00fcm \u00fcyelerine yeterli miktarda yiyecek sa\u011flayabilecek durumda oldu\u011funu ve \u00e7al\u0131\u015fan kitlelere ge\u00e7ici olarak ferah ve sa\u011fl\u0131kl\u0131 bar\u0131nma yerleri sa\u011flamaya yetecek kadar evin bulundu\u011funu kan\u0131tlayabilmem benim i\u00e7in yeterli. Gelecekteki bir toplumun yiyeceklerin ve konutlar\u0131n b\u00f6l\u00fc\u015f\u00fcm\u00fcn\u00fc nas\u0131l d\u00fczenleyece\u011fi hakk\u0131nda spek\u00fclasyon yapmak do\u011frudan do\u011fruya \u00fctopyaya g\u00f6t\u00fcr\u00fcr.\u201d <\/p>\n","protected":false},"excerpt":{"rendered":"<p>\u0130\u015f\u00e7ilerin oturdu\u011fu evler neden en k\u00fc\u00e7\u00fck sars\u0131nt\u0131da \u00e7\u00f6kebiliyor? Yoksullar\u0131n sa\u011fl\u0131ks\u0131z ko\u015fullarda bar\u0131nmas\u0131n\u0131n yol a\u00e7t\u0131\u011f\u0131 salg\u0131n hastal\u0131klar\u0131n sermaye sahiplerini de etkilemesine ra\u011fmen, bu ko\u015fullar neden d\u00fczeltilemiyor? B\u00fcy\u00fck<span class=\"excerpt-hellip\"> [\u2026]<\/span><\/p>\n","protected":false},"featured_media":0,"template":"","meta":{"_monsterinsights_skip_tracking":false,"_monsterinsights_sitenote_active":false,"_monsterinsights_sitenote_note":"","_monsterinsights_sitenote_category":0},"product_brand":[],"product_cat":[13590,12337],"product_tag":[],"class_list":{"0":"post-723491","1":"product","2":"type-product","3":"status-publish","5":"product_cat-arastirma-inceleme-politika-siyaset","6":"product_cat-politika-siyaset","7":"pa_cilt-ciltsiz","8":"pa_tur-kitap","9":"pa_yayinevi-yordam-kitap","10":"pa_yazar-friedrich-engels","12":"first","13":"instock","14":"sale","15":"shipping-taxable","16":"purchasable","17":"product-type-simple"},"_links":{"self":[{"href":"https:\/\/roveyayinevi.com.tr\/index.php\/wp-json\/wp\/v2\/product\/723491","targetHints":{"allow":["GET"]}}],"collection":[{"href":"https:\/\/roveyayinevi.com.tr\/index.php\/wp-json\/wp\/v2\/product"}],"about":[{"href":"https:\/\/roveyayinevi.com.tr\/index.php\/wp-json\/wp\/v2\/types\/product"}],"wp:attachment":[{"href":"https:\/\/roveyayinevi.com.tr\/index.php\/wp-json\/wp\/v2\/media?parent=723491"}],"wp:term":[{"taxonomy":"product_brand","embeddable":true,"href":"https:\/\/roveyayinevi.com.tr\/index.php\/wp-json\/wp\/v2\/product_brand?post=723491"},{"taxonomy":"product_cat","embeddable":true,"href":"https:\/\/roveyayinevi.com.tr\/index.php\/wp-json\/wp\/v2\/product_cat?post=723491"},{"taxonomy":"product_tag","embeddable":true,"href":"https:\/\/roveyayinevi.com.tr\/index.php\/wp-json\/wp\/v2\/product_tag?post=723491"}],"curies":[{"name":"wp","href":"https:\/\/api.w.org\/{rel}","templated":true}]}}