{"id":723490,"date":"2025-08-27T19:19:44","date_gmt":"2025-08-27T16:19:44","guid":{"rendered":"https:\/\/roveyayinevi.com.tr\/index.php\/urun\/feminizmler-tarihi\/"},"modified":"2025-11-06T05:55:02","modified_gmt":"2025-11-06T02:55:02","slug":"feminizmler-tarihi","status":"publish","type":"product","link":"https:\/\/roveyayinevi.com.tr\/index.php\/urun\/feminizmler-tarihi\/","title":{"rendered":"Feminizmler Tarihi"},"content":{"rendered":"<p>Feminizmler Tarihi, on sekizinci y\u00fczy\u0131lda Bat\u0131&#8217;da ger\u00e7ekle\u015fen devrimler ve kitlesel hareketlerle ad\u0131m ad\u0131m geli\u015ferek serpilip b\u00fcy\u00fcyen ve son noktada g\u00fcc\u00fcn\u00fc k\u00fcresel boyutta ilan eden feminizme can veren hareketleri dini, siyasal ve k\u00fclt\u00fcrel odaklar \u00fczerinden ke\u015ffe \u00e7\u0131k\u0131yor.Kad\u0131nlar\u0131n hak, \u00f6zg\u00fcrl\u00fck ve e\u015fitlik talepleriyle bi\u00e7imlenen \u00f6zg\u00fcl deneyimleri kadar, s\u00f6m\u00fcrge kar\u015f\u0131t\u0131 hareketle, siyahilerin m\u00fccadelesiyle, se\u00e7me hakk\u0131 ve e\u015fit \u00fccret talebiyle dayan\u0131\u015fma halinde d\u00f6rt bir yandan s\u00fcrg\u00fcn veren \u00e7e\u015fitli feminizmlerin tarihsel miras\u0131 serimleniyor.Florence Rochefort, \u00f6fkelerini, tutkular\u0131n\u0131 ve inan\u00e7lar\u0131n\u0131 yeniden \u015fekillendirerek evlerden sokaklara, \u015fehir merkezlerine, \u00fcniversitelere, hayat\u0131n her alan\u0131nda \u00f6zg\u00fcrle\u015fmeye ve sava\u015fmaya devam eden; patriyarkal emek s\u00f6m\u00fcr\u00fcs\u00fcne, cinsiyet\u00e7i s\u00f6ylemlere ve \u00f6nyarg\u0131lara g\u00f6z a\u00e7t\u0131rmamaya kararl\u0131 kad\u0131nlar\u0131n m\u00fc\u015fterek hik\u00e2yesini anlat\u0131yor.<\/p>\n","protected":false},"excerpt":{"rendered":"<p>Feminizmler Tarihi, on sekizinci y\u00fczy\u0131lda Bat\u0131&#8217;da ger\u00e7ekle\u015fen devrimler ve kitlesel hareketlerle ad\u0131m ad\u0131m geli\u015ferek serpilip b\u00fcy\u00fcyen ve son noktada g\u00fcc\u00fcn\u00fc k\u00fcresel boyutta ilan eden feminizme can<span class=\"excerpt-hellip\"> [\u2026]<\/span><\/p>\n","protected":false},"featured_media":0,"template":"","meta":{"_monsterinsights_skip_tracking":false,"_monsterinsights_sitenote_active":false,"_monsterinsights_sitenote_note":"","_monsterinsights_sitenote_category":0},"product_brand":[],"product_cat":[14741,13488],"product_tag":[],"class_list":{"0":"post-723490","1":"product","2":"type-product","3":"status-publish","5":"product_cat-kadin-sorunlari-feminizm","6":"product_cat-toplum-ve-insan","7":"pa_cilt-ciltsiz","8":"pa_tur-kitap","9":"pa_yayinevi-sel-yayincilik","10":"pa_yazar-florence-rochefort","12":"first","13":"instock","14":"sale","15":"shipping-taxable","16":"purchasable","17":"product-type-simple"},"_links":{"self":[{"href":"https:\/\/roveyayinevi.com.tr\/index.php\/wp-json\/wp\/v2\/product\/723490","targetHints":{"allow":["GET"]}}],"collection":[{"href":"https:\/\/roveyayinevi.com.tr\/index.php\/wp-json\/wp\/v2\/product"}],"about":[{"href":"https:\/\/roveyayinevi.com.tr\/index.php\/wp-json\/wp\/v2\/types\/product"}],"wp:attachment":[{"href":"https:\/\/roveyayinevi.com.tr\/index.php\/wp-json\/wp\/v2\/media?parent=723490"}],"wp:term":[{"taxonomy":"product_brand","embeddable":true,"href":"https:\/\/roveyayinevi.com.tr\/index.php\/wp-json\/wp\/v2\/product_brand?post=723490"},{"taxonomy":"product_cat","embeddable":true,"href":"https:\/\/roveyayinevi.com.tr\/index.php\/wp-json\/wp\/v2\/product_cat?post=723490"},{"taxonomy":"product_tag","embeddable":true,"href":"https:\/\/roveyayinevi.com.tr\/index.php\/wp-json\/wp\/v2\/product_tag?post=723490"}],"curies":[{"name":"wp","href":"https:\/\/api.w.org\/{rel}","templated":true}]}}