{"id":723489,"date":"2025-08-27T19:19:43","date_gmt":"2025-08-27T16:19:43","guid":{"rendered":"https:\/\/roveyayinevi.com.tr\/index.php\/urun\/feminist-sehir\/"},"modified":"2025-11-21T05:57:18","modified_gmt":"2025-11-21T02:57:18","slug":"feminist-sehir","status":"publish","type":"product","link":"https:\/\/roveyayinevi.com.tr\/index.php\/urun\/feminist-sehir\/","title":{"rendered":"Feminist \u015eehir"},"content":{"rendered":"<p>Leslie Kern, \u015fehir planlamalar\u0131n\u0131n ve kentsel alan tasar\u0131mlar\u0131n\u0131n erkeklere odakland\u0131\u011f\u0131, kad\u0131nlara &#8220;ayr\u0131lan&#8221; alanlar\u0131nsa heteronormatifli\u011fin kal\u0131plar\u0131n\u0131 yeniden \u00fcretmekten ba\u015fka bir i\u015fe yaramad\u0131\u011f\u0131 ger\u00e7e\u011finden yola \u00e7\u0131k\u0131yor ve bir kad\u0131n olarak \u015fehri deneyimlemenin anlam\u0131n\u0131 erkeklerce tasarlanan ilk &#8220;co\u011frafya&#8221; olarak bedeninden ba\u015flayarak \u00e7\u00f6z\u00fcml\u00fcyor.Hamileyken ya da bebe\u011fi kuca\u011f\u0131ndayken \u015fehirde hareket etmenin g\u00fc\u00e7l\u00fc\u011f\u00fcnden kentsel alanlar\u0131n kad\u0131n arkada\u015fl\u0131\u011f\u0131na ket vuracak \u015fekilde tasarlanmas\u0131na, &#8220;eve var\u0131nca mesaj atmak&#8221; ve takside birisiyle konu\u015fuyormu\u015f numaras\u0131 yapmaktan queer, lezbiyen ve sakat kad\u0131nlar\u0131n g\u00f6r\u00fcnmez k\u0131l\u0131nmas\u0131na, yaln\u0131z kalma hakk\u0131n\u0131n \u00e7i\u011fnenmesinden kald\u0131r\u0131mlar\u0131n \u0131\u015f\u0131kland\u0131r\u0131lmas\u0131na kadar, kentsel alanda kad\u0131nlar\u0131n \u00f6n\u00fcne \u00e7\u0131kar\u0131lan g\u00fc\u00e7l\u00fckleri ve bunlara direnme bi\u00e7imlerini m\u00fcthi\u015f bir berrakl\u0131kla ortaya koyuyor.Kad\u0131nlar i\u00e7in \u015fehrin s\u00fcrekli bir tehlike co\u011frafyas\u0131 olarak kuruldu\u011funa dikkati \u00e7eken Kern, ger\u00e7ek tehditlerin yan\u0131 s\u0131ra tehlike mitlerinin de kad\u0131nlar\u0131n zihinsel co\u011frafyalar\u0131n\u0131 \u015fekillendirdi\u011fini; yarat\u0131lan korkunun kad\u0131nlar\u0131n kentsel deneyimlerine ket vurdu\u011funu ileri s\u00fcr\u00fcyor. \u00d6zg\u00fcrle\u015fme alan\u0131 olarak \u015fehir ile tehlike alan\u0131 olarak \u015fehir aras\u0131ndaki gerilimi ustal\u0131kla ele alan yazar, \u015fehrin sokaklar\u0131n\u0131n kad\u0131nlara kapat\u0131lmas\u0131n\u0131n yaratt\u0131\u011f\u0131 \u00f6fkeyle sar\u0131l\u0131yor kaleme: &#8220;Tehlikelerin can\u0131 cehenneme&#8230;&#8221;<\/p>\n","protected":false},"excerpt":{"rendered":"<p>Leslie Kern, \u015fehir planlamalar\u0131n\u0131n ve kentsel alan tasar\u0131mlar\u0131n\u0131n erkeklere odakland\u0131\u011f\u0131, kad\u0131nlara &#8220;ayr\u0131lan&#8221; alanlar\u0131nsa heteronormatifli\u011fin kal\u0131plar\u0131n\u0131 yeniden \u00fcretmekten ba\u015fka bir i\u015fe yaramad\u0131\u011f\u0131 ger\u00e7e\u011finden yola \u00e7\u0131k\u0131yor ve bir<span class=\"excerpt-hellip\"> [\u2026]<\/span><\/p>\n","protected":false},"featured_media":0,"template":"","meta":{"_monsterinsights_skip_tracking":false,"_monsterinsights_sitenote_active":false,"_monsterinsights_sitenote_note":"","_monsterinsights_sitenote_category":0},"product_brand":[],"product_cat":[14741,13488],"product_tag":[],"class_list":{"0":"post-723489","1":"product","2":"type-product","3":"status-publish","5":"product_cat-kadin-sorunlari-feminizm","6":"product_cat-toplum-ve-insan","7":"pa_cilt-ciltsiz","8":"pa_tur-kitap","9":"pa_yayinevi-sel-yayincilik","10":"pa_yazar-leslie-kern","12":"first","13":"instock","14":"sale","15":"shipping-taxable","16":"purchasable","17":"product-type-simple"},"_links":{"self":[{"href":"https:\/\/roveyayinevi.com.tr\/index.php\/wp-json\/wp\/v2\/product\/723489","targetHints":{"allow":["GET"]}}],"collection":[{"href":"https:\/\/roveyayinevi.com.tr\/index.php\/wp-json\/wp\/v2\/product"}],"about":[{"href":"https:\/\/roveyayinevi.com.tr\/index.php\/wp-json\/wp\/v2\/types\/product"}],"wp:attachment":[{"href":"https:\/\/roveyayinevi.com.tr\/index.php\/wp-json\/wp\/v2\/media?parent=723489"}],"wp:term":[{"taxonomy":"product_brand","embeddable":true,"href":"https:\/\/roveyayinevi.com.tr\/index.php\/wp-json\/wp\/v2\/product_brand?post=723489"},{"taxonomy":"product_cat","embeddable":true,"href":"https:\/\/roveyayinevi.com.tr\/index.php\/wp-json\/wp\/v2\/product_cat?post=723489"},{"taxonomy":"product_tag","embeddable":true,"href":"https:\/\/roveyayinevi.com.tr\/index.php\/wp-json\/wp\/v2\/product_tag?post=723489"}],"curies":[{"name":"wp","href":"https:\/\/api.w.org\/{rel}","templated":true}]}}