{"id":723487,"date":"2025-08-27T19:19:41","date_gmt":"2025-08-27T16:19:41","guid":{"rendered":"https:\/\/roveyayinevi.com.tr\/index.php\/urun\/kadinlar-ulkesi-2\/"},"modified":"2026-04-16T02:31:12","modified_gmt":"2026-04-15T23:31:12","slug":"kadinlar-ulkesi-2","status":"publish","type":"product","link":"https:\/\/roveyayinevi.com.tr\/index.php\/urun\/kadinlar-ulkesi-2\/","title":{"rendered":"Kad\u0131nlar \u00dclkesi"},"content":{"rendered":"<p>Erotik Sol Parti&#8217;nin nihai bir kurulu\u015f hedefi vard\u0131r: Yolsuzluklar, haks\u0131zl\u0131klar ve usuls\u00fczl\u00fcklerle ba\u015fa \u00e7\u0131kmak i\u00e7in bu abluka kar\u015f\u0131s\u0131nda nefes almak, cam tavan\u0131 y\u0131kmak isteyen kad\u0131nlar\u0131n ihtiya\u00e7lar\u0131 \u00e7er\u00e7evesinde \u015fekillenen bir d\u00fc\u015f; erkeksiz bir d\u00fczen yaratmak. Mizah, yarat\u0131c\u0131l\u0131k ve hayalg\u00fcc\u00fcnden beslenen bir iktidar tahayy\u00fcl\u00fcn\u00fc hayata ge\u00e7irmek ve hemcinslerinin ya\u015fam\u0131n\u0131 de\u011fi\u015ftirmek isteyen kad\u0131nlar\u0131n \u00f6n\u00fcndeki en b\u00fcy\u00fck engel ise zaten tan\u0131d\u0131k bir d\u00fc\u015fmand\u0131r&#8230;Portakal A\u011fac\u0131nda Oturan Kad\u0131n&#8217;\u0131n \u00f6d\u00fcll\u00fc yazar\u0131 Gioconda Belli&#8217;den yozla\u015fm\u0131\u015f politikac\u0131lar, eril tutumlar ve ma\u00e7o dayatmalardan m\u00fcte\u015fekkil erkek d\u00fcnyas\u0131n\u0131 ironinin g\u00fcc\u00fcyle ala\u015fa\u011f\u0131 eden ger\u00e7ekd\u0131\u015f\u0131 bir \u00fctopya&#8230;<\/p>\n","protected":false},"excerpt":{"rendered":"<p>Erotik Sol Parti&#8217;nin nihai bir kurulu\u015f hedefi vard\u0131r: Yolsuzluklar, haks\u0131zl\u0131klar ve usuls\u00fczl\u00fcklerle ba\u015fa \u00e7\u0131kmak i\u00e7in bu abluka kar\u015f\u0131s\u0131nda nefes almak, cam tavan\u0131 y\u0131kmak isteyen kad\u0131nlar\u0131n ihtiya\u00e7lar\u0131<span class=\"excerpt-hellip\"> [\u2026]<\/span><\/p>\n","protected":false},"featured_media":0,"template":"","meta":{"_monsterinsights_skip_tracking":false,"_monsterinsights_sitenote_active":false,"_monsterinsights_sitenote_note":"","_monsterinsights_sitenote_category":0},"product_brand":[],"product_cat":[12291,12711],"product_tag":[],"class_list":{"0":"post-723487","1":"product","2":"type-product","3":"status-publish","5":"product_cat-edebiyat","6":"product_cat-roman-oyku","7":"pa_cilt-ciltsiz","8":"pa_tur-kitap","9":"pa_yayinevi-sel-yayincilik","10":"pa_yazar-gioconda-belli","12":"first","13":"instock","14":"sale","15":"shipping-taxable","16":"purchasable","17":"product-type-simple"},"_links":{"self":[{"href":"https:\/\/roveyayinevi.com.tr\/index.php\/wp-json\/wp\/v2\/product\/723487","targetHints":{"allow":["GET"]}}],"collection":[{"href":"https:\/\/roveyayinevi.com.tr\/index.php\/wp-json\/wp\/v2\/product"}],"about":[{"href":"https:\/\/roveyayinevi.com.tr\/index.php\/wp-json\/wp\/v2\/types\/product"}],"wp:attachment":[{"href":"https:\/\/roveyayinevi.com.tr\/index.php\/wp-json\/wp\/v2\/media?parent=723487"}],"wp:term":[{"taxonomy":"product_brand","embeddable":true,"href":"https:\/\/roveyayinevi.com.tr\/index.php\/wp-json\/wp\/v2\/product_brand?post=723487"},{"taxonomy":"product_cat","embeddable":true,"href":"https:\/\/roveyayinevi.com.tr\/index.php\/wp-json\/wp\/v2\/product_cat?post=723487"},{"taxonomy":"product_tag","embeddable":true,"href":"https:\/\/roveyayinevi.com.tr\/index.php\/wp-json\/wp\/v2\/product_tag?post=723487"}],"curies":[{"name":"wp","href":"https:\/\/api.w.org\/{rel}","templated":true}]}}