{"id":723486,"date":"2025-08-27T19:19:40","date_gmt":"2025-08-27T16:19:40","guid":{"rendered":"https:\/\/roveyayinevi.com.tr\/index.php\/urun\/erkeklere-her-sey-anlatilmaz\/"},"modified":"2026-04-16T02:31:12","modified_gmt":"2026-04-15T23:31:12","slug":"erkeklere-her-sey-anlatilmaz","status":"publish","type":"product","link":"https:\/\/roveyayinevi.com.tr\/index.php\/urun\/erkeklere-her-sey-anlatilmaz\/","title":{"rendered":"Erkeklere Her \u015eey Anlat\u0131lmaz"},"content":{"rendered":"<p>Buket Arbatl\u0131 ilk \u00f6yk\u00fc kitab\u0131 Erkeklere Her \u015eey Anlat\u0131lmaz&#8217;da kad\u0131nl\u0131\u011f\u0131n binbir t\u00fcrl\u00fc haline yak\u0131ndan bak\u0131yor; sak\u0131nman\u0131n k\u0131r\u0131k sesini cesaretin s\u00f6z\u00fcne, kasvetin karanl\u0131\u011f\u0131n\u0131 \u00f6fkenin alaz\u0131na d\u00f6n\u00fc\u015ft\u00fcren sat\u0131rlar\u0131yla kad\u0131nlar aras\u0131ndaki gizli lisan\u0131n terc\u00fcmanl\u0131\u011f\u0131na soyunuyor. \u0130nsan\u0131 bir \u00fcrperti gibi sar\u0131veren dertleri karakterlerine giydirerek her birimizi k\u0131r\u0131lgan kaftan\u0131n\u0131 terk etmeye davet ediyor. Arbatl\u0131&#8217;n\u0131n kalemine her \u00f6yk\u00fcs\u00fcnde bamba\u015fka bir kad\u0131n, bamba\u015fka bir yery\u00fcz\u00fc hali tak\u0131l\u0131yor.<\/p>\n","protected":false},"excerpt":{"rendered":"<p>Buket Arbatl\u0131 ilk \u00f6yk\u00fc kitab\u0131 Erkeklere Her \u015eey Anlat\u0131lmaz&#8217;da kad\u0131nl\u0131\u011f\u0131n binbir t\u00fcrl\u00fc haline yak\u0131ndan bak\u0131yor; sak\u0131nman\u0131n k\u0131r\u0131k sesini cesaretin s\u00f6z\u00fcne, kasvetin karanl\u0131\u011f\u0131n\u0131 \u00f6fkenin alaz\u0131na d\u00f6n\u00fc\u015ft\u00fcren sat\u0131rlar\u0131yla<span class=\"excerpt-hellip\"> [\u2026]<\/span><\/p>\n","protected":false},"featured_media":0,"template":"","meta":{"_monsterinsights_skip_tracking":false,"_monsterinsights_sitenote_active":false,"_monsterinsights_sitenote_note":"","_monsterinsights_sitenote_category":0},"product_brand":[],"product_cat":[12291,12711],"product_tag":[],"class_list":{"0":"post-723486","1":"product","2":"type-product","3":"status-publish","5":"product_cat-edebiyat","6":"product_cat-roman-oyku","7":"pa_cilt-ciltsiz","8":"pa_tur-kitap","9":"pa_yayinevi-sel-yayincilik","10":"pa_yazar-buket-arbatli","12":"first","13":"instock","14":"sale","15":"shipping-taxable","16":"purchasable","17":"product-type-simple"},"_links":{"self":[{"href":"https:\/\/roveyayinevi.com.tr\/index.php\/wp-json\/wp\/v2\/product\/723486","targetHints":{"allow":["GET"]}}],"collection":[{"href":"https:\/\/roveyayinevi.com.tr\/index.php\/wp-json\/wp\/v2\/product"}],"about":[{"href":"https:\/\/roveyayinevi.com.tr\/index.php\/wp-json\/wp\/v2\/types\/product"}],"wp:attachment":[{"href":"https:\/\/roveyayinevi.com.tr\/index.php\/wp-json\/wp\/v2\/media?parent=723486"}],"wp:term":[{"taxonomy":"product_brand","embeddable":true,"href":"https:\/\/roveyayinevi.com.tr\/index.php\/wp-json\/wp\/v2\/product_brand?post=723486"},{"taxonomy":"product_cat","embeddable":true,"href":"https:\/\/roveyayinevi.com.tr\/index.php\/wp-json\/wp\/v2\/product_cat?post=723486"},{"taxonomy":"product_tag","embeddable":true,"href":"https:\/\/roveyayinevi.com.tr\/index.php\/wp-json\/wp\/v2\/product_tag?post=723486"}],"curies":[{"name":"wp","href":"https:\/\/api.w.org\/{rel}","templated":true}]}}