{"id":723485,"date":"2025-08-27T19:19:39","date_gmt":"2025-08-27T16:19:39","guid":{"rendered":"https:\/\/roveyayinevi.com.tr\/index.php\/urun\/katran-bebek\/"},"modified":"2026-04-16T02:31:12","modified_gmt":"2026-04-15T23:31:12","slug":"katran-bebek","status":"publish","type":"product","link":"https:\/\/roveyayinevi.com.tr\/index.php\/urun\/katran-bebek\/","title":{"rendered":"Katran Bebek"},"content":{"rendered":"<p>Nobel ve Pulitzer \u00f6d\u00fcll\u00fc Toni Morrison Katran Bebek&#8217;te, iki farkl\u0131 kutuptan insan\u0131 birbirine yakla\u015ft\u0131ran ayn\u0131 tarihsel s\u00f6m\u00fcr\u00fc lekesini bamba\u015fka bir perspektiften ele al\u0131yor. K\u00f6leli\u011fin bilin\u00e7alt\u0131na kaz\u0131l\u0131 izlerini dokunakl\u0131 bir ili\u015fkide do\u011fan ihtirasl\u0131 krizler \u00fczerinden okuyan Morrison, farkl\u0131 s\u0131n\u0131flardan siyahilerin ya\u015fam\u0131n ac\u0131mas\u0131zl\u0131\u011f\u0131na kar\u015f\u0131 ald\u0131klar\u0131 gard\u0131n onlar\u0131 nas\u0131l daha da savunmas\u0131z k\u0131ld\u0131\u011f\u0131n\u0131 b\u00fcy\u00fcl\u00fc bir dille aktar\u0131yor.Ne beyaz ne de siyahi, arafta kalm\u0131\u015f insanlar\u0131n ya\u015fama kar\u015f\u0131 dingin fakat diren\u00e7li duru\u015flar\u0131 k\u00fclt\u00fcrel k\u0131r\u0131lmalar ve s\u0131n\u0131fsal \u00e7eli\u015fkilerle sars\u0131l\u0131rken, bu heybetli y\u00fcklerin alt\u0131nda ezilen ama bir nefeste s\u0131rtlay\u0131p yoluna devam eden yine kad\u0131nlar oluyor&#8230;<\/p>\n","protected":false},"excerpt":{"rendered":"<p>Nobel ve Pulitzer \u00f6d\u00fcll\u00fc Toni Morrison Katran Bebek&#8217;te, iki farkl\u0131 kutuptan insan\u0131 birbirine yakla\u015ft\u0131ran ayn\u0131 tarihsel s\u00f6m\u00fcr\u00fc lekesini bamba\u015fka bir perspektiften ele al\u0131yor. K\u00f6leli\u011fin bilin\u00e7alt\u0131na kaz\u0131l\u0131<span class=\"excerpt-hellip\"> [\u2026]<\/span><\/p>\n","protected":false},"featured_media":0,"template":"","meta":{"_monsterinsights_skip_tracking":false,"_monsterinsights_sitenote_active":false,"_monsterinsights_sitenote_note":"","_monsterinsights_sitenote_category":0},"product_brand":[],"product_cat":[12291,12711],"product_tag":[],"class_list":{"0":"post-723485","1":"product","2":"type-product","3":"status-publish","5":"product_cat-edebiyat","6":"product_cat-roman-oyku","7":"pa_cilt-ciltsiz","8":"pa_tur-kitap","9":"pa_yayinevi-sel-yayincilik","10":"pa_yazar-toni-morrison","12":"first","13":"instock","14":"sale","15":"shipping-taxable","16":"purchasable","17":"product-type-simple"},"_links":{"self":[{"href":"https:\/\/roveyayinevi.com.tr\/index.php\/wp-json\/wp\/v2\/product\/723485","targetHints":{"allow":["GET"]}}],"collection":[{"href":"https:\/\/roveyayinevi.com.tr\/index.php\/wp-json\/wp\/v2\/product"}],"about":[{"href":"https:\/\/roveyayinevi.com.tr\/index.php\/wp-json\/wp\/v2\/types\/product"}],"wp:attachment":[{"href":"https:\/\/roveyayinevi.com.tr\/index.php\/wp-json\/wp\/v2\/media?parent=723485"}],"wp:term":[{"taxonomy":"product_brand","embeddable":true,"href":"https:\/\/roveyayinevi.com.tr\/index.php\/wp-json\/wp\/v2\/product_brand?post=723485"},{"taxonomy":"product_cat","embeddable":true,"href":"https:\/\/roveyayinevi.com.tr\/index.php\/wp-json\/wp\/v2\/product_cat?post=723485"},{"taxonomy":"product_tag","embeddable":true,"href":"https:\/\/roveyayinevi.com.tr\/index.php\/wp-json\/wp\/v2\/product_tag?post=723485"}],"curies":[{"name":"wp","href":"https:\/\/api.w.org\/{rel}","templated":true}]}}