{"id":723484,"date":"2025-08-27T19:19:39","date_gmt":"2025-08-27T16:19:39","guid":{"rendered":"https:\/\/roveyayinevi.com.tr\/index.php\/urun\/kibrista-baris-icin-savas-20-temmuz-1974\/"},"modified":"2026-04-16T02:31:12","modified_gmt":"2026-04-15T23:31:12","slug":"kibrista-baris-icin-savas-20-temmuz-1974","status":"publish","type":"product","link":"https:\/\/roveyayinevi.com.tr\/index.php\/urun\/kibrista-baris-icin-savas-20-temmuz-1974\/","title":{"rendered":"K\u0131br\u0131s&#8217;ta Bar\u0131\u015f \u0130\u00e7in Sava\u015f (20 Temmuz 1974)"},"content":{"rendered":"<p>Akdeniz\u2019in g\u00f6zbebe\u011fi K\u0131br\u0131s, medeniyetlere ev sahipli\u011fi yapm\u0131\u015f, binlerce y\u0131l boyunca s\u00fcrekli el de\u011fi\u015ftirmi\u015f, b\u00fcy\u00fck m\u00fccadelelere sahne olmu\u015f, stratejik \u00f6nemi nedeniyle bir\u00e7ok devletin g\u00f6z dikti\u011fi bir ada\u2026Rumlar\u0131n K\u0131br\u0131s\u2019ta \u201cEnosis\u201di ger\u00e7ekle\u015ftirme hayaline ve 1955\u2019te EOKA ter\u00f6r \u00f6rg\u00fct\u00fcn\u00fcn kurulmas\u0131na dayanan K\u0131br\u0131s sorunu, g\u00fcn\u00fcm\u00fczde ayr\u0131 bir boyut kazanm\u0131\u015f durumda. K\u0131br\u0131s\u2019\u0131n g\u00fcneyinde zengin petrol ve do\u011falgaz yataklar\u0131n\u0131n bulunmas\u0131yla yeni ittifaklar olu\u015fmakta; T\u00fcrkiye d\u0131\u015flanmakta, garant\u00f6rl\u00fc\u011f\u00fc kald\u0131r\u0131lmak istenmektedir.K\u0131br\u0131s Bar\u0131\u015f Harek\u00e2t\u0131 s\u0131ras\u0131nda Atina\u2019da askeri ata\u015fe olarak g\u00f6rev yapan, 1979-1980 aras\u0131nda adadaki 230. Piyade Alay\u0131\u2019n\u0131n komutan\u0131 olan E. Korgeneral Hasan Kundak\u00e7\u0131, 1992\u2019de K\u0131br\u0131s\u2019taki T\u00fcrk Bar\u0131\u015f Kuvvetleri Komutanl\u0131\u011f\u0131\u2019na atand\u0131, 1995\u2019te bir kez daha bu g\u00f6reve getirildi.1996 A\u011fustos\u2019unda Rumlar\u0131n K\u0131br\u0131s\u2019ta T\u00fcrk bayra\u011f\u0131n\u0131 indirme giri\u015fimini \u00f6nleyen komutan olarak da tan\u0131nan Kundak\u00e7\u0131, K\u0131br\u0131s\u2019ta Bar\u0131\u015f \u0130\u00e7in Sava\u015f\u2019ta T\u00fcrk Mukavemet Te\u015fkilat\u0131 ve T\u00fcrk Silahl\u0131 Kuvvetleri\u2019nin bar\u0131\u015f ad\u0131na nas\u0131l sava\u015ft\u0131klar\u0131n\u0131, nelerle, ne \u015fartlarda m\u00fccadele ettiklerini anlat\u0131yor.<\/p>\n","protected":false},"excerpt":{"rendered":"<p>Akdeniz\u2019in g\u00f6zbebe\u011fi K\u0131br\u0131s, medeniyetlere ev sahipli\u011fi yapm\u0131\u015f, binlerce y\u0131l boyunca s\u00fcrekli el de\u011fi\u015ftirmi\u015f, b\u00fcy\u00fck m\u00fccadelelere sahne olmu\u015f, stratejik \u00f6nemi nedeniyle bir\u00e7ok devletin g\u00f6z dikti\u011fi bir ada\u2026Rumlar\u0131n<span class=\"excerpt-hellip\"> [\u2026]<\/span><\/p>\n","protected":false},"featured_media":0,"template":"","meta":{"_monsterinsights_skip_tracking":false,"_monsterinsights_sitenote_active":false,"_monsterinsights_sitenote_note":"","_monsterinsights_sitenote_category":0},"product_brand":[],"product_cat":[12312,12304],"product_tag":[],"class_list":{"0":"post-723484","1":"product","2":"type-product","3":"status-publish","5":"product_cat-diger","6":"product_cat-tarih","7":"pa_cilt-ciltsiz","8":"pa_tur-kitap","9":"pa_yayinevi-kaynak-yayinlari","10":"pa_yazar-hasan-kundakci","12":"first","13":"instock","14":"sale","15":"shipping-taxable","16":"purchasable","17":"product-type-simple"},"_links":{"self":[{"href":"https:\/\/roveyayinevi.com.tr\/index.php\/wp-json\/wp\/v2\/product\/723484","targetHints":{"allow":["GET"]}}],"collection":[{"href":"https:\/\/roveyayinevi.com.tr\/index.php\/wp-json\/wp\/v2\/product"}],"about":[{"href":"https:\/\/roveyayinevi.com.tr\/index.php\/wp-json\/wp\/v2\/types\/product"}],"wp:attachment":[{"href":"https:\/\/roveyayinevi.com.tr\/index.php\/wp-json\/wp\/v2\/media?parent=723484"}],"wp:term":[{"taxonomy":"product_brand","embeddable":true,"href":"https:\/\/roveyayinevi.com.tr\/index.php\/wp-json\/wp\/v2\/product_brand?post=723484"},{"taxonomy":"product_cat","embeddable":true,"href":"https:\/\/roveyayinevi.com.tr\/index.php\/wp-json\/wp\/v2\/product_cat?post=723484"},{"taxonomy":"product_tag","embeddable":true,"href":"https:\/\/roveyayinevi.com.tr\/index.php\/wp-json\/wp\/v2\/product_tag?post=723484"}],"curies":[{"name":"wp","href":"https:\/\/api.w.org\/{rel}","templated":true}]}}