{"id":723483,"date":"2025-08-27T19:19:38","date_gmt":"2025-08-27T16:19:38","guid":{"rendered":"https:\/\/roveyayinevi.com.tr\/index.php\/urun\/sonsuza-dek-hemingway\/"},"modified":"2026-04-16T02:31:12","modified_gmt":"2026-04-15T23:31:12","slug":"sonsuza-dek-hemingway","status":"publish","type":"product","link":"https:\/\/roveyayinevi.com.tr\/index.php\/urun\/sonsuza-dek-hemingway\/","title":{"rendered":"Sonsuza Dek Hemingway"},"content":{"rendered":"<p>Nobel ve Pulitzer \u00f6d\u00fcll\u00fc Ernest Hemingway, bug\u00fcn de en \u00e7ok okunan ve merak edilen yazarlardan. Sonsuza Dek Hemingway, Hemingway\u2019in \u00e7ocuklu\u011fu, yazarl\u0131\u011fa nas\u0131l ad\u0131m att\u0131\u011f\u0131, eserleri, ya\u015fad\u0131\u011f\u0131 ve dola\u015ft\u0131\u011f\u0131 yerler ve daha bir\u00e7ok konu hakk\u0131nda derin bilgiler sunuyor bizlere. Bunlar\u0131 okurken hem Hemingway\u2019i farkl\u0131 y\u00f6nleriyle tan\u0131yacak hem de ba\u015far\u0131s\u0131n\u0131n alt\u0131nda yatan s\u0131rlar\u0131 ke\u015ffedeceksiniz. Hemingway \u00fczerine doktora yapan ve ayn\u0131 zamanda Hemingway Society \u00fcyesi olan Belma \u00d6t\u00fc\u015f Baskett\u2019in bu titiz \u00e7al\u0131\u015fmas\u0131, Hemingway sevenler i\u00e7in \u00e7ok \u00f6zel bir kaynak.<\/p>\n","protected":false},"excerpt":{"rendered":"<p>Nobel ve Pulitzer \u00f6d\u00fcll\u00fc Ernest Hemingway, bug\u00fcn de en \u00e7ok okunan ve merak edilen yazarlardan. Sonsuza Dek Hemingway, Hemingway\u2019in \u00e7ocuklu\u011fu, yazarl\u0131\u011fa nas\u0131l ad\u0131m att\u0131\u011f\u0131, eserleri, ya\u015fad\u0131\u011f\u0131<span class=\"excerpt-hellip\"> [\u2026]<\/span><\/p>\n","protected":false},"featured_media":0,"template":"","meta":{"_monsterinsights_skip_tracking":false,"_monsterinsights_sitenote_active":false,"_monsterinsights_sitenote_note":"","_monsterinsights_sitenote_category":0},"product_brand":[],"product_cat":[14009,12291],"product_tag":[],"class_list":{"0":"post-723483","1":"product","2":"type-product","3":"status-publish","5":"product_cat-biyografi-otobiyografi-edebiyat","6":"product_cat-edebiyat","7":"pa_cilt-ciltsiz","8":"pa_tur-kitap","9":"pa_yayinevi-bilgi-yayinevi","10":"pa_yazar-belma-otus-baskett","12":"first","13":"instock","14":"sale","15":"shipping-taxable","16":"purchasable","17":"product-type-simple"},"_links":{"self":[{"href":"https:\/\/roveyayinevi.com.tr\/index.php\/wp-json\/wp\/v2\/product\/723483","targetHints":{"allow":["GET"]}}],"collection":[{"href":"https:\/\/roveyayinevi.com.tr\/index.php\/wp-json\/wp\/v2\/product"}],"about":[{"href":"https:\/\/roveyayinevi.com.tr\/index.php\/wp-json\/wp\/v2\/types\/product"}],"wp:attachment":[{"href":"https:\/\/roveyayinevi.com.tr\/index.php\/wp-json\/wp\/v2\/media?parent=723483"}],"wp:term":[{"taxonomy":"product_brand","embeddable":true,"href":"https:\/\/roveyayinevi.com.tr\/index.php\/wp-json\/wp\/v2\/product_brand?post=723483"},{"taxonomy":"product_cat","embeddable":true,"href":"https:\/\/roveyayinevi.com.tr\/index.php\/wp-json\/wp\/v2\/product_cat?post=723483"},{"taxonomy":"product_tag","embeddable":true,"href":"https:\/\/roveyayinevi.com.tr\/index.php\/wp-json\/wp\/v2\/product_tag?post=723483"}],"curies":[{"name":"wp","href":"https:\/\/api.w.org\/{rel}","templated":true}]}}