{"id":723482,"date":"2025-08-27T19:19:37","date_gmt":"2025-08-27T16:19:37","guid":{"rendered":"https:\/\/roveyayinevi.com.tr\/index.php\/urun\/ataturkun-izindekiler\/"},"modified":"2026-04-16T02:31:12","modified_gmt":"2026-04-15T23:31:12","slug":"ataturkun-izindekiler","status":"publish","type":"product","link":"https:\/\/roveyayinevi.com.tr\/index.php\/urun\/ataturkun-izindekiler\/","title":{"rendered":"Atat\u00fcrk&#8217;\u00fcn \u0130zindekiler"},"content":{"rendered":"<p>Bu kitapta; NASA\u2019da Apollo 11 projesinde g\u00f6rev alarak 1969\u2019da Ay\u2019da ilk kez y\u00fcr\u00fcyen Neil Armstrong ve beraberindeki astronotlar\u0131n d\u00fcnyaya d\u00f6n\u00fc\u015f\u00fc i\u00e7in yaz\u0131l\u0131m geli\u015ftiren T\u00fcrk\u00fcn ve ilk u\u00e7ak m\u00fchendisi babas\u0131n\u0131n kim oldu\u011funu, Atat\u00fcrk\u2019\u00fcn Avrupa\u2019ya tahsile g\u00f6nderdi\u011fi ilk T\u00fcrk opera bestek\u00e2r\u0131n\u0131n nas\u0131l d\u00fcnyaca \u00fcnl\u00fc bir m\u00fczisyene d\u00f6n\u00fc\u015ft\u00fc\u011f\u00fcn\u00fc, Bir antik kentte do\u011farak d\u00fcnyan\u0131n en \u00f6nemli arkeologlar\u0131ndan birine d\u00f6n\u00fc\u015fen Atat\u00fcrk sevdal\u0131s\u0131 bilim insan\u0131m\u0131z\u0131n kim oldu\u011funu, Hababam S\u0131n\u0131f\u0131\u2019ndaki \u2018Kel Mahmut\u2019 karakterine ilham olan ki\u015finin Atat\u00fcrk\u2019le ba\u011f\u0131n\u0131, Atat\u00fcrk\u2019e destek olmak i\u00e7in telgrafla padi\u015faha rest \u00e7ekecek kadar cesur olan \u00f6\u011fretmenin kim oldu\u011funu, D\u00fcnyaca tan\u0131nan fakat T\u00fcrkiye\u2019de k\u0131ymeti bilinmeyen ilk T\u00fcrk k\u00e2\u011f\u0131t m\u00fchendisimizi bulacak ve nice k\u0131ymetli ki\u015filerin hayat hik\u00e2yelerini \u015fa\u015f\u0131rarak okuyacaks\u0131n\u0131z.<\/p>\n","protected":false},"excerpt":{"rendered":"<p>Bu kitapta; NASA\u2019da Apollo 11 projesinde g\u00f6rev alarak 1969\u2019da Ay\u2019da ilk kez y\u00fcr\u00fcyen Neil Armstrong ve beraberindeki astronotlar\u0131n d\u00fcnyaya d\u00f6n\u00fc\u015f\u00fc i\u00e7in yaz\u0131l\u0131m geli\u015ftiren T\u00fcrk\u00fcn ve ilk<span class=\"excerpt-hellip\"> [\u2026]<\/span><\/p>\n","protected":false},"featured_media":0,"template":"","meta":{"_monsterinsights_skip_tracking":false,"_monsterinsights_sitenote_active":false,"_monsterinsights_sitenote_note":"","_monsterinsights_sitenote_category":0},"product_brand":[],"product_cat":[12370,12304],"product_tag":[],"class_list":{"0":"post-723482","1":"product","2":"type-product","3":"status-publish","5":"product_cat-arastirma-inceleme","6":"product_cat-tarih","7":"pa_cilt-ciltsiz","8":"pa_tur-kitap","9":"pa_yayinevi-bilgi-yayinevi","10":"pa_yazar-tolga-aydogan","12":"first","13":"instock","14":"sale","15":"shipping-taxable","16":"purchasable","17":"product-type-simple"},"_links":{"self":[{"href":"https:\/\/roveyayinevi.com.tr\/index.php\/wp-json\/wp\/v2\/product\/723482","targetHints":{"allow":["GET"]}}],"collection":[{"href":"https:\/\/roveyayinevi.com.tr\/index.php\/wp-json\/wp\/v2\/product"}],"about":[{"href":"https:\/\/roveyayinevi.com.tr\/index.php\/wp-json\/wp\/v2\/types\/product"}],"wp:attachment":[{"href":"https:\/\/roveyayinevi.com.tr\/index.php\/wp-json\/wp\/v2\/media?parent=723482"}],"wp:term":[{"taxonomy":"product_brand","embeddable":true,"href":"https:\/\/roveyayinevi.com.tr\/index.php\/wp-json\/wp\/v2\/product_brand?post=723482"},{"taxonomy":"product_cat","embeddable":true,"href":"https:\/\/roveyayinevi.com.tr\/index.php\/wp-json\/wp\/v2\/product_cat?post=723482"},{"taxonomy":"product_tag","embeddable":true,"href":"https:\/\/roveyayinevi.com.tr\/index.php\/wp-json\/wp\/v2\/product_tag?post=723482"}],"curies":[{"name":"wp","href":"https:\/\/api.w.org\/{rel}","templated":true}]}}