{"id":723481,"date":"2025-08-27T19:19:36","date_gmt":"2025-08-27T16:19:36","guid":{"rendered":"https:\/\/roveyayinevi.com.tr\/index.php\/urun\/fransiz-belgelerine-gore-mithat-pasanin-sonu\/"},"modified":"2026-04-16T02:31:12","modified_gmt":"2026-04-15T23:31:12","slug":"fransiz-belgelerine-gore-mithat-pasanin-sonu","status":"publish","type":"product","link":"https:\/\/roveyayinevi.com.tr\/index.php\/urun\/fransiz-belgelerine-gore-mithat-pasanin-sonu\/","title":{"rendered":"Frans\u0131z Belgelerine G\u00f6re Mithat Pa\u015fa&#8217;n\u0131n Sonu"},"content":{"rendered":"<p>Bil\u00e2l N. \u015eim\u015fir \u00fc\u00e7 y\u0131l kadar Fransa D\u0131\u015fi\u015fleri Bakanl\u0131\u011f\u0131 ar\u015fivlerinde ara\u015ft\u0131rmalar yapm\u0131\u015f, bu ara\u015ft\u0131rmalar\u0131 s\u0131ras\u0131nda Mithat Pa\u015fa\u2019n\u0131n son y\u0131llar\u0131na ili\u015fkin \u00e7e\u015fitli Frans\u0131z belgelerine ula\u015fm\u0131\u015ft\u0131r. Bu belgelerin bir k\u0131sm\u0131n\u0131 T\u00fcrk\u00e7ele\u015ftirip aynen aktarm\u0131\u015f, bir k\u0131sm\u0131n\u0131 da \u00f6zetleyerek bu eserde toplam\u0131\u015ft\u0131r. Mithat Pa\u015fa\u2019n\u0131n Suriye Valili\u011fine atanmas\u0131, Abd\u00fclaziz\u2019e suikast giri\u015fimiyle su\u00e7lanmas\u0131, \u0130zmir\u2019deki Frans\u0131z Konsoloslu\u011funa s\u0131\u011f\u0131nmas\u0131\u2026 Bu kitap, Mithat Pa\u015fa\u2019n\u0131n Suriye Valili\u011fine geli\u015finden \u00f6l\u00fcm\u00fcne kadar ge\u00e7en y\u0131llara \u0131\u015f\u0131k tutacakt\u0131r.<\/p>\n","protected":false},"excerpt":{"rendered":"<p>Bil\u00e2l N. \u015eim\u015fir \u00fc\u00e7 y\u0131l kadar Fransa D\u0131\u015fi\u015fleri Bakanl\u0131\u011f\u0131 ar\u015fivlerinde ara\u015ft\u0131rmalar yapm\u0131\u015f, bu ara\u015ft\u0131rmalar\u0131 s\u0131ras\u0131nda Mithat Pa\u015fa\u2019n\u0131n son y\u0131llar\u0131na ili\u015fkin \u00e7e\u015fitli Frans\u0131z belgelerine ula\u015fm\u0131\u015ft\u0131r. Bu belgelerin<span class=\"excerpt-hellip\"> [\u2026]<\/span><\/p>\n","protected":false},"featured_media":0,"template":"","meta":{"_monsterinsights_skip_tracking":false,"_monsterinsights_sitenote_active":false,"_monsterinsights_sitenote_note":"","_monsterinsights_sitenote_category":0},"product_brand":[],"product_cat":[12370,12304],"product_tag":[],"class_list":{"0":"post-723481","1":"product","2":"type-product","3":"status-publish","5":"product_cat-arastirma-inceleme","6":"product_cat-tarih","7":"pa_cilt-ciltsiz","8":"pa_tur-kitap","9":"pa_yayinevi-bilgi-yayinevi","10":"pa_yazar-bilal-n-simsir","12":"first","13":"instock","14":"sale","15":"shipping-taxable","16":"purchasable","17":"product-type-simple"},"_links":{"self":[{"href":"https:\/\/roveyayinevi.com.tr\/index.php\/wp-json\/wp\/v2\/product\/723481","targetHints":{"allow":["GET"]}}],"collection":[{"href":"https:\/\/roveyayinevi.com.tr\/index.php\/wp-json\/wp\/v2\/product"}],"about":[{"href":"https:\/\/roveyayinevi.com.tr\/index.php\/wp-json\/wp\/v2\/types\/product"}],"wp:attachment":[{"href":"https:\/\/roveyayinevi.com.tr\/index.php\/wp-json\/wp\/v2\/media?parent=723481"}],"wp:term":[{"taxonomy":"product_brand","embeddable":true,"href":"https:\/\/roveyayinevi.com.tr\/index.php\/wp-json\/wp\/v2\/product_brand?post=723481"},{"taxonomy":"product_cat","embeddable":true,"href":"https:\/\/roveyayinevi.com.tr\/index.php\/wp-json\/wp\/v2\/product_cat?post=723481"},{"taxonomy":"product_tag","embeddable":true,"href":"https:\/\/roveyayinevi.com.tr\/index.php\/wp-json\/wp\/v2\/product_tag?post=723481"}],"curies":[{"name":"wp","href":"https:\/\/api.w.org\/{rel}","templated":true}]}}