{"id":723479,"date":"2025-08-27T19:19:35","date_gmt":"2025-08-27T16:19:35","guid":{"rendered":"https:\/\/roveyayinevi.com.tr\/index.php\/urun\/gunaydin-sevgili\/"},"modified":"2026-04-07T02:40:02","modified_gmt":"2026-04-06T23:40:02","slug":"gunaydin-sevgili","status":"publish","type":"product","link":"https:\/\/roveyayinevi.com.tr\/index.php\/urun\/gunaydin-sevgili\/","title":{"rendered":"G\u00fcnayd\u0131n Sevgili"},"content":{"rendered":"<p>\u0130\u015fte bu kitap, d\u00fcnyada istisnas\u0131z herkesin pe\u015finde oldu\u011fu o taml\u0131k hissine nas\u0131l ula\u015fabilece\u011fimize dair bir yol haritas\u0131 \u00e7izmeye \u00e7al\u0131\u015f\u0131yor. Ama bunu bir ders kitab\u0131 olarak de\u011fil de samimi bir dille, yazar\u0131n kendisiyle sohbeti havas\u0131nda, deneyimleri ve g\u00f6zlemlediklerine dayal\u0131 olarak okuyucuya sunuyor.Bu yol, \u00f6ncelikli olarak \u201cUyanmak nedir?\u201d sorusuyla ba\u015fl\u0131yor ve bunun i\u00e7in de insan\u0131n kendini \u201ctan\u0131mas\u0131\u201d ve \u201cuyumlanma\u201d \u00e7abas\u0131ndan vazge\u00e7mesi gerekti\u011fini a\u00e7\u0131kl\u0131yor. Bu tan\u0131ma s\u00fcrecinin ilk ad\u0131m\u0131 ise, kavram karma\u015fas\u0131 i\u00e7erisinde s\u00fcrd\u00fcrd\u00fc\u011f\u00fcm\u00fcz ya\u015famlar\u0131m\u0131zda; bize \u00f6\u011fretilen affetmek, ileti\u015fim, sevgi, empati gibi bir\u00e7ok kavram\u0131n do\u011fru tan\u0131mlar\u0131n\u0131 \u00f6\u011frenmekten ge\u00e7iyor. Beden-ruh ili\u015fkisi, kader-\u00f6zg\u00fcr irade, d\u00fc\u015f\u00fcnmek hissetmek gibi konularda son derece \u00e7arp\u0131c\u0131 tespitlerle ve \u00e7\u0131kar\u0131mlarla bizi kal\u0131plar\u0131m\u0131zdan \u00e7\u0131kmaya zorluyor adeta\u2026Sonras\u0131nda bu yeni tan\u0131mlar\u0131 kullanarak nas\u0131l uygulamaya ge\u00e7irece\u011fimize dair \u00f6rnekler ve tan\u0131mlamalar\u0131, kimi zaman g\u00fcld\u00fcrerek, kimi zaman d\u00fc\u015f\u00fcnd\u00fcrerek, ak\u0131c\u0131 bir yap\u0131 i\u00e7erisinde sunuyor.Ge\u00e7mi\u015fe tak\u0131lmadan nas\u0131l ilerleyebiliriz? Neyi neden b\u0131rakam\u0131yoruz? Hastal\u0131klar yoluyla bedenimiz-ruhumuz bize neler anlatmaya \u00e7al\u0131\u015f\u0131yor? Ruhumuzu nas\u0131l dinleyebiliriz? Bu ve benzeri daha bir\u00e7ok soru i\u00e7in bu kitap bize farkl\u0131 bak\u0131\u015f a\u00e7\u0131lar\u0131 ve pencereler sunuyor.Al\u0131nan en cesurca karar kendin olabilmek ve kendin olarak kalabilmektir.Herkese ve her \u015feye ra\u011fmen,Hatta \u00e7o\u011fu zaman kendine ra\u011fmen\u2026<\/p>\n","protected":false},"excerpt":{"rendered":"<p>\u0130\u015fte bu kitap, d\u00fcnyada istisnas\u0131z herkesin pe\u015finde oldu\u011fu o taml\u0131k hissine nas\u0131l ula\u015fabilece\u011fimize dair bir yol haritas\u0131 \u00e7izmeye \u00e7al\u0131\u015f\u0131yor. Ama bunu bir ders kitab\u0131 olarak de\u011fil<span class=\"excerpt-hellip\"> [\u2026]<\/span><\/p>\n","protected":false},"featured_media":0,"template":"","meta":{"_monsterinsights_skip_tracking":false,"_monsterinsights_sitenote_active":false,"_monsterinsights_sitenote_note":"","_monsterinsights_sitenote_category":0},"product_brand":[],"product_cat":[12364,12376],"product_tag":[],"class_list":{"0":"post-723479","1":"product","2":"type-product","3":"status-publish","5":"product_cat-genel-konular","6":"product_cat-kisisel-gelisim","7":"pa_cilt-ciltsiz","8":"pa_tur-kitap","9":"pa_yayinevi-elpis-yayinlari","10":"pa_yazar-sibel-zeren","12":"first","13":"instock","14":"sale","15":"shipping-taxable","16":"purchasable","17":"product-type-simple"},"_links":{"self":[{"href":"https:\/\/roveyayinevi.com.tr\/index.php\/wp-json\/wp\/v2\/product\/723479","targetHints":{"allow":["GET"]}}],"collection":[{"href":"https:\/\/roveyayinevi.com.tr\/index.php\/wp-json\/wp\/v2\/product"}],"about":[{"href":"https:\/\/roveyayinevi.com.tr\/index.php\/wp-json\/wp\/v2\/types\/product"}],"wp:attachment":[{"href":"https:\/\/roveyayinevi.com.tr\/index.php\/wp-json\/wp\/v2\/media?parent=723479"}],"wp:term":[{"taxonomy":"product_brand","embeddable":true,"href":"https:\/\/roveyayinevi.com.tr\/index.php\/wp-json\/wp\/v2\/product_brand?post=723479"},{"taxonomy":"product_cat","embeddable":true,"href":"https:\/\/roveyayinevi.com.tr\/index.php\/wp-json\/wp\/v2\/product_cat?post=723479"},{"taxonomy":"product_tag","embeddable":true,"href":"https:\/\/roveyayinevi.com.tr\/index.php\/wp-json\/wp\/v2\/product_tag?post=723479"}],"curies":[{"name":"wp","href":"https:\/\/api.w.org\/{rel}","templated":true}]}}