{"id":723477,"date":"2025-08-27T19:19:34","date_gmt":"2025-08-27T16:19:34","guid":{"rendered":"https:\/\/roveyayinevi.com.tr\/index.php\/urun\/sevgi-ile-baglanma\/"},"modified":"2026-04-16T02:31:12","modified_gmt":"2026-04-15T23:31:12","slug":"sevgi-ile-baglanma","status":"publish","type":"product","link":"https:\/\/roveyayinevi.com.tr\/index.php\/urun\/sevgi-ile-baglanma\/","title":{"rendered":"Sevgi \u0130le Ba\u011flanma"},"content":{"rendered":"<p>Stan Tatkin, sevginin ve a\u015fk\u0131n, sinirbilim, ba\u011flanma teorisi ve duygu reg\u00fclasyonu temelinde neden ve nas\u0131l devam etti\u011fini g\u00f6steren ara\u015ft\u0131rma bulgular\u0131n\u0131 sentezleyerek, ili\u015fkinizi yoluna koyabilecek 10 yol g\u00f6sterici prensip sunuyor. Basit mimikler ve s\u00f6zc\u00fckler kullanarak, duygusal yang\u0131nlar\u0131 s\u00f6nd\u00fcrmeyi ve partnerinizin daha g\u00fcvenli ve kendinden emin hissetmesini sa\u011flayabilirsiniz. &#8211; Kimsenin kaybetmeyece\u011fi bi\u00e7imde kavga etmeyi \u00f6\u011frenin. &#8211; Birbirinizle yak\u0131n kalmak i\u00e7in sabah ve ak\u015fam rit\u00fcellerinizi uygulay\u0131n.- G\u00fcvenli bir \u2018\u00e7ift balonu\u2019 yarat\u0131n ve bunu devam ettirin.- Partnerinizin sevildi\u011fini hissetmesini nas\u0131l sa\u011flayaca\u011f\u0131n\u0131z\u0131 \u00f6\u011frenin.   Bu kitap, partnerinizin beynini anlamak, sevgi ve g\u00fcven \u00fczerine in\u015fa edilmi\u015f bir ili\u015fkinin keyfini s\u00fcrmek i\u00e7in kapsaml\u0131 bir k\u0131lavuz olarak yaz\u0131ld\u0131. \u201cBu kitaptan b\u00fcy\u00fck keyif ald\u0131m ve bir terapist olarak kullanabilmek ad\u0131na \u00e7ok \u015fey \u00f6\u011frendim. Stan Tatkin muhte\u015fem bir yenilik\u00e7i. Bu kitap t\u00fcm \u00e7iftlerin ve ili\u015fki terapistlerinin k\u00fct\u00fcphanesinde mutlaka bulunmal\u0131.\u201d           \u2014John Gottman D\u00fcnyan\u0131n \u00f6nde gelen ili\u015fki terapistlerinden Dr. Stan Tatkin, ayn\u0131 zamanda \u00e7ift terapisinde psikobiyolojik yakla\u015f\u0131m\u0131 geli\u015ftirmi\u015ftir. Terapistlere bu yakla\u015f\u0131m\u0131 kullanmalar\u0131n\u0131 \u00f6\u011fretebilmek ad\u0131na PACT Enstit\u00fcs\u00fc\u2019n\u00fc kurmu\u015ftur. Kitaplar\u0131 bir\u00e7ok dile \u00e7evrilen yazar, aralar\u0131nda T\u00fcrkiye\u2019nin de oldu\u011fu \u00e7e\u015fitli \u00fclkelerde seminerlere kat\u0131l\u0131p e\u011fitimler vermektedir. <\/p>\n","protected":false},"excerpt":{"rendered":"<p>Stan Tatkin, sevginin ve a\u015fk\u0131n, sinirbilim, ba\u011flanma teorisi ve duygu reg\u00fclasyonu temelinde neden ve nas\u0131l devam etti\u011fini g\u00f6steren ara\u015ft\u0131rma bulgular\u0131n\u0131 sentezleyerek, ili\u015fkinizi yoluna koyabilecek 10 yol<span class=\"excerpt-hellip\"> [\u2026]<\/span><\/p>\n","protected":false},"featured_media":0,"template":"","meta":{"_monsterinsights_skip_tracking":false,"_monsterinsights_sitenote_active":false,"_monsterinsights_sitenote_note":"","_monsterinsights_sitenote_category":0},"product_brand":[],"product_cat":[12358,12357],"product_tag":[],"class_list":{"0":"post-723477","1":"product","2":"type-product","3":"status-publish","5":"product_cat-genel-psikoloji","6":"product_cat-psikoloji","7":"pa_cilt-ciltsiz","8":"pa_tur-kitap","9":"pa_yayinevi-diyojen-yayincilik","10":"pa_yazar-stan-tatkin","12":"first","13":"instock","14":"sale","15":"shipping-taxable","16":"purchasable","17":"product-type-simple"},"_links":{"self":[{"href":"https:\/\/roveyayinevi.com.tr\/index.php\/wp-json\/wp\/v2\/product\/723477","targetHints":{"allow":["GET"]}}],"collection":[{"href":"https:\/\/roveyayinevi.com.tr\/index.php\/wp-json\/wp\/v2\/product"}],"about":[{"href":"https:\/\/roveyayinevi.com.tr\/index.php\/wp-json\/wp\/v2\/types\/product"}],"wp:attachment":[{"href":"https:\/\/roveyayinevi.com.tr\/index.php\/wp-json\/wp\/v2\/media?parent=723477"}],"wp:term":[{"taxonomy":"product_brand","embeddable":true,"href":"https:\/\/roveyayinevi.com.tr\/index.php\/wp-json\/wp\/v2\/product_brand?post=723477"},{"taxonomy":"product_cat","embeddable":true,"href":"https:\/\/roveyayinevi.com.tr\/index.php\/wp-json\/wp\/v2\/product_cat?post=723477"},{"taxonomy":"product_tag","embeddable":true,"href":"https:\/\/roveyayinevi.com.tr\/index.php\/wp-json\/wp\/v2\/product_tag?post=723477"}],"curies":[{"name":"wp","href":"https:\/\/api.w.org\/{rel}","templated":true}]}}