{"id":723469,"date":"2025-08-27T19:19:27","date_gmt":"2025-08-27T16:19:27","guid":{"rendered":"https:\/\/roveyayinevi.com.tr\/index.php\/urun\/korku-bez-ciltli\/"},"modified":"2026-04-16T02:31:12","modified_gmt":"2026-04-15T23:31:12","slug":"korku-bez-ciltli","status":"publish","type":"product","link":"https:\/\/roveyayinevi.com.tr\/index.php\/urun\/korku-bez-ciltli\/","title":{"rendered":"Korku (Bez Ciltli)"},"content":{"rendered":"<p>Kentin en \u00fcnl\u00fc avukatlar\u0131ndan biriyle sekiz y\u0131ld\u0131r evli olan Irene Wagner, m\u00fckemmel anne ve e\u015f tablosunda kendini kapana k\u0131s\u0131lm\u0131\u015f hisseder ve hayat\u0131na bir renk katabilmek i\u00e7in gen\u00e7 bir piyanistle g\u00f6r\u00fc\u015fmeye ba\u015flar. Ancak piyanistin sevgilisinin ortaya \u00e7\u0131karak ona \u015fantaj yapmaya ba\u015flamas\u0131yla, kendini soktu\u011fu durumun vahametini fark eder. \u0130\u00e7ine d\u00fc\u015ft\u00fc\u011f\u00fc pi\u015fmanl\u0131k ve korkuyla, d\u0131\u015far\u0131dan m\u00fckemmel g\u00f6r\u00fcnen hayat\u0131 bir anda tepetaklak olur.Kad\u0131n erkek ili\u015fkilerinin i\u00e7y\u00fcz\u00fcn\u00fc dramatik bir bi\u00e7imde ele alan Zweig\u2019\u0131n, her sayfada okuru bitmeyen bir gerilimin i\u00e7ine \u00e7eken bu uzun \u00f6yk\u00fcs\u00fcn\u00fc, Levent Baka\u00e7\u2019\u0131n \u00f6zenli \u00e7evirisiyle sunuyoruz.<\/p>\n","protected":false},"excerpt":{"rendered":"<p>Kentin en \u00fcnl\u00fc avukatlar\u0131ndan biriyle sekiz y\u0131ld\u0131r evli olan Irene Wagner, m\u00fckemmel anne ve e\u015f tablosunda kendini kapana k\u0131s\u0131lm\u0131\u015f hisseder ve hayat\u0131na bir renk katabilmek i\u00e7in<span class=\"excerpt-hellip\"> [\u2026]<\/span><\/p>\n","protected":false},"featured_media":0,"template":"","meta":{"_monsterinsights_skip_tracking":false,"_monsterinsights_sitenote_active":false,"_monsterinsights_sitenote_note":"","_monsterinsights_sitenote_category":0},"product_brand":[],"product_cat":[12291,12711],"product_tag":[],"class_list":{"0":"post-723469","1":"product","2":"type-product","3":"status-publish","5":"product_cat-edebiyat","6":"product_cat-roman-oyku","7":"pa_cilt-ciltli","8":"pa_tur-kitap","9":"pa_yayinevi-koridor-yayincilik","10":"pa_yazar-stefan-zweig","12":"first","13":"instock","14":"sale","15":"shipping-taxable","16":"purchasable","17":"product-type-simple"},"_links":{"self":[{"href":"https:\/\/roveyayinevi.com.tr\/index.php\/wp-json\/wp\/v2\/product\/723469","targetHints":{"allow":["GET"]}}],"collection":[{"href":"https:\/\/roveyayinevi.com.tr\/index.php\/wp-json\/wp\/v2\/product"}],"about":[{"href":"https:\/\/roveyayinevi.com.tr\/index.php\/wp-json\/wp\/v2\/types\/product"}],"wp:attachment":[{"href":"https:\/\/roveyayinevi.com.tr\/index.php\/wp-json\/wp\/v2\/media?parent=723469"}],"wp:term":[{"taxonomy":"product_brand","embeddable":true,"href":"https:\/\/roveyayinevi.com.tr\/index.php\/wp-json\/wp\/v2\/product_brand?post=723469"},{"taxonomy":"product_cat","embeddable":true,"href":"https:\/\/roveyayinevi.com.tr\/index.php\/wp-json\/wp\/v2\/product_cat?post=723469"},{"taxonomy":"product_tag","embeddable":true,"href":"https:\/\/roveyayinevi.com.tr\/index.php\/wp-json\/wp\/v2\/product_tag?post=723469"}],"curies":[{"name":"wp","href":"https:\/\/api.w.org\/{rel}","templated":true}]}}