{"id":723467,"date":"2025-08-27T19:19:26","date_gmt":"2025-08-27T16:19:26","guid":{"rendered":"https:\/\/roveyayinevi.com.tr\/index.php\/urun\/cilgin-kuklam\/"},"modified":"2026-04-16T02:31:12","modified_gmt":"2026-04-15T23:31:12","slug":"cilgin-kuklam","status":"publish","type":"product","link":"https:\/\/roveyayinevi.com.tr\/index.php\/urun\/cilgin-kuklam\/","title":{"rendered":"\u00c7\u0131lg\u0131n Kuklam"},"content":{"rendered":"<p>Kurakl\u0131k ba\u015flay\u0131p k\u0131tl\u0131k \u00e7\u0131kt\u0131\u011f\u0131nda, b\u00fcy\u00fck depremler meydana geldi\u011finde, dinmeyen f\u0131rt\u0131nalar \u00e7\u0131kt\u0131\u011f\u0131nda, buzullar\u0131n b\u00fcy\u00fck k\u0131sm\u0131 eridi\u011finde, yiyecek bulamayan insanlar birbirine sald\u0131rmaya ba\u015flad\u0131\u011f\u0131nda bu kaps\u00fcl devreye gidecek ve her \u015feyi yerle bir edecek. D\u00fcnya \u00fczerinde tek bir canl\u0131 bile kalmayacak. Y\u00fczy\u0131llar boyu s\u00fcrecek olan geri d\u00f6n\u00fc\u015f\u00fcm formu devreye girecek.\u201d\u201cGeri d\u00f6n\u00fc\u015f\u00fcm formu ne?\u201d\u201cHer \u015fey yerle bir olduktan sonra d\u00fcnya kendini d\u00fc\u015f\u00fck enerji moduna alacak. Birka\u00e7 y\u00fczy\u0131l bu \u015fekilde, yava\u015flat\u0131lm\u0131\u015f formda, \u00e7al\u0131\u015facak. Bu esnada do\u011fa olaylar\u0131 meydana gelmeye devam edecek. Ya\u011fmur, r\u00fczg\u00e2r ve kar gibi. G\u00fcne\u015f d\u00fcnyaya enerji sa\u011flayacak. Dengelerin yerine oturmas\u0131 beklenecek.\u201d<\/p>\n","protected":false},"excerpt":{"rendered":"<p>Kurakl\u0131k ba\u015flay\u0131p k\u0131tl\u0131k \u00e7\u0131kt\u0131\u011f\u0131nda, b\u00fcy\u00fck depremler meydana geldi\u011finde, dinmeyen f\u0131rt\u0131nalar \u00e7\u0131kt\u0131\u011f\u0131nda, buzullar\u0131n b\u00fcy\u00fck k\u0131sm\u0131 eridi\u011finde, yiyecek bulamayan insanlar birbirine sald\u0131rmaya ba\u015flad\u0131\u011f\u0131nda bu kaps\u00fcl devreye gidecek ve<span class=\"excerpt-hellip\"> [\u2026]<\/span><\/p>\n","protected":false},"featured_media":0,"template":"","meta":{"_monsterinsights_skip_tracking":false,"_monsterinsights_sitenote_active":false,"_monsterinsights_sitenote_note":"","_monsterinsights_sitenote_category":0},"product_brand":[],"product_cat":[12274,12284],"product_tag":[],"class_list":{"0":"post-723467","1":"product","2":"type-product","3":"status-publish","5":"product_cat-cocuk-ve-genclik-kitaplari","6":"product_cat-hikayeler","7":"pa_cilt-ciltsiz","8":"pa_tur-kitap","9":"pa_yayinevi-perseus","10":"pa_yazar-ozlem-guzel","12":"first","13":"instock","14":"sale","15":"shipping-taxable","16":"purchasable","17":"product-type-simple"},"_links":{"self":[{"href":"https:\/\/roveyayinevi.com.tr\/index.php\/wp-json\/wp\/v2\/product\/723467","targetHints":{"allow":["GET"]}}],"collection":[{"href":"https:\/\/roveyayinevi.com.tr\/index.php\/wp-json\/wp\/v2\/product"}],"about":[{"href":"https:\/\/roveyayinevi.com.tr\/index.php\/wp-json\/wp\/v2\/types\/product"}],"wp:attachment":[{"href":"https:\/\/roveyayinevi.com.tr\/index.php\/wp-json\/wp\/v2\/media?parent=723467"}],"wp:term":[{"taxonomy":"product_brand","embeddable":true,"href":"https:\/\/roveyayinevi.com.tr\/index.php\/wp-json\/wp\/v2\/product_brand?post=723467"},{"taxonomy":"product_cat","embeddable":true,"href":"https:\/\/roveyayinevi.com.tr\/index.php\/wp-json\/wp\/v2\/product_cat?post=723467"},{"taxonomy":"product_tag","embeddable":true,"href":"https:\/\/roveyayinevi.com.tr\/index.php\/wp-json\/wp\/v2\/product_tag?post=723467"}],"curies":[{"name":"wp","href":"https:\/\/api.w.org\/{rel}","templated":true}]}}