{"id":723466,"date":"2025-08-27T19:19:25","date_gmt":"2025-08-27T16:19:25","guid":{"rendered":"https:\/\/roveyayinevi.com.tr\/index.php\/urun\/cebimdeki-fare\/"},"modified":"2026-04-15T02:41:35","modified_gmt":"2026-04-14T23:41:35","slug":"cebimdeki-fare","status":"publish","type":"product","link":"https:\/\/roveyayinevi.com.tr\/index.php\/urun\/cebimdeki-fare\/","title":{"rendered":"Cebimdeki Fare"},"content":{"rendered":"<p>Kutusunun i\u00e7ine yerle\u015ftirmek i\u00e7in k\u00fc\u00e7\u00fck bir pamuk par\u00e7as\u0131 bile bulmu\u015ftu. Yata\u011f\u0131 art\u0131k daha da rahatt\u0131. Pamuk, evin k\u00fc\u00e7\u00fck o\u011flunun kanayan burnu i\u00e7in kullan\u0131landan artan bir minik par\u00e7ayd\u0131. Onu buldu\u011funda \u00fczerinde h\u00e2l\u00e2 biraz kan vard\u0131 ama o kirli k\u0131sm\u0131n\u0131 kopartm\u0131\u015ft\u0131. Ne de olsa kendince titiz bir fareydi.<\/p>\n","protected":false},"excerpt":{"rendered":"<p>Kutusunun i\u00e7ine yerle\u015ftirmek i\u00e7in k\u00fc\u00e7\u00fck bir pamuk par\u00e7as\u0131 bile bulmu\u015ftu. Yata\u011f\u0131 art\u0131k daha da rahatt\u0131. Pamuk, evin k\u00fc\u00e7\u00fck o\u011flunun kanayan burnu i\u00e7in kullan\u0131landan artan bir minik<span class=\"excerpt-hellip\"> [\u2026]<\/span><\/p>\n","protected":false},"featured_media":0,"template":"","meta":{"_monsterinsights_skip_tracking":false,"_monsterinsights_sitenote_active":false,"_monsterinsights_sitenote_note":"","_monsterinsights_sitenote_category":0},"product_brand":[],"product_cat":[12274,12284],"product_tag":[],"class_list":{"0":"post-723466","1":"product","2":"type-product","3":"status-publish","5":"product_cat-cocuk-ve-genclik-kitaplari","6":"product_cat-hikayeler","7":"pa_cilt-ciltsiz","8":"pa_tur-kitap","9":"pa_yayinevi-perseus","10":"pa_yazar-yasemin-oz","12":"first","13":"instock","14":"sale","15":"shipping-taxable","16":"purchasable","17":"product-type-simple"},"_links":{"self":[{"href":"https:\/\/roveyayinevi.com.tr\/index.php\/wp-json\/wp\/v2\/product\/723466","targetHints":{"allow":["GET"]}}],"collection":[{"href":"https:\/\/roveyayinevi.com.tr\/index.php\/wp-json\/wp\/v2\/product"}],"about":[{"href":"https:\/\/roveyayinevi.com.tr\/index.php\/wp-json\/wp\/v2\/types\/product"}],"wp:attachment":[{"href":"https:\/\/roveyayinevi.com.tr\/index.php\/wp-json\/wp\/v2\/media?parent=723466"}],"wp:term":[{"taxonomy":"product_brand","embeddable":true,"href":"https:\/\/roveyayinevi.com.tr\/index.php\/wp-json\/wp\/v2\/product_brand?post=723466"},{"taxonomy":"product_cat","embeddable":true,"href":"https:\/\/roveyayinevi.com.tr\/index.php\/wp-json\/wp\/v2\/product_cat?post=723466"},{"taxonomy":"product_tag","embeddable":true,"href":"https:\/\/roveyayinevi.com.tr\/index.php\/wp-json\/wp\/v2\/product_tag?post=723466"}],"curies":[{"name":"wp","href":"https:\/\/api.w.org\/{rel}","templated":true}]}}