{"id":723464,"date":"2025-08-27T19:19:23","date_gmt":"2025-08-27T16:19:23","guid":{"rendered":"https:\/\/roveyayinevi.com.tr\/index.php\/urun\/anti-sosyal-medya\/"},"modified":"2026-01-29T02:57:16","modified_gmt":"2026-01-28T23:57:16","slug":"anti-sosyal-medya","status":"publish","type":"product","link":"https:\/\/roveyayinevi.com.tr\/index.php\/urun\/anti-sosyal-medya\/","title":{"rendered":"Anti Sosyal Medya"},"content":{"rendered":"<p>\u201c\u0130nsanl\u0131k tarihinde ilk defa say\u0131s\u0131z ba\u011flant\u0131 kurmam\u0131za imk\u00e2n tan\u0131yan bir teknolojiye sahibiz.\u201dPierre Omidyar, eBay KurucusuSosyal medya dedi\u011fimiz kavram on be\u015f y\u0131l \u00f6ncesine bakt\u0131\u011f\u0131m\u0131zda belki de hayat\u0131m\u0131z\u0131n bu kadar i\u00e7erisinde de\u011fildi. Zaman\u0131n getirdi\u011fi her \u015feye ister istemez uyum sa\u011flad\u0131\u011f\u0131m\u0131z gibi, bu kavram\u0131 da hayat\u0131m\u0131z\u0131n bir k\u00f6\u015fesine koyduk. Kimi zaman yararl\u0131 \u015feyler i\u00e7in kulland\u0131k; kimi zaman gereksiz.Bu kitap, ad\u0131na bak\u0131ld\u0131\u011f\u0131 zaman sosyal medya kar\u015f\u0131t\u0131 bir s\u00f6ylem gibi g\u00f6r\u00fcnse de asl\u0131nda sosyal medyan\u0131n do\u011fru kullan\u0131m\u0131nda ne kadar yararl\u0131 oldu\u011fu; k\u00f6t\u00fc kullan\u0131m\u0131nda ise hayat\u0131m\u0131z\u0131 mahvedecek noktaya s\u00fcr\u00fckleyece\u011fini anlatan bir kitapt\u0131r. Sosyal medyaya hi\u00e7birimiz kar\u015f\u0131 de\u011filiz fakat \u00e7a\u011f\u0131m\u0131z\u0131n gerektirdi\u011fi h\u0131zl\u0131l\u0131\u011fa ayak uyduran biz insanlar i\u00e7in bu platform, bazen bir kuyu bazen bir \u00e7i\u00e7ek bah\u00e7esine d\u00f6n\u00fc\u015febilir. Ebeveynlerin \u00e7ocuklar\u0131na bu konuda nas\u0131l davranmalar\u0131 gerekti\u011fi, gen\u00e7lerin sosyal medya kullan\u0131m\u0131n\u0131n gittik\u00e7e k\u00f6t\u00fcle\u015fmesi ve bunun i\u00e7in al\u0131nmas\u0131 gereken \u00f6nlemleri i\u015fleyen yazar U\u011fur \u015eahin, okurlar\u0131n\u0131n da kendisini sorgulamas\u0131n\u0131 sa\u011fl\u0131yor.Sosyal medyay\u0131 hayat\u0131n merkezine koymak de\u011fil, hayat\u0131n\u0131 g\u00fczelle\u015ftirebilmek ve yararl\u0131 hale getirebilmek i\u00e7in kullanmak isteyenler i\u00e7in bi\u00e7ilmez bir kaftan olan Anti Sosyal Medya\u2019y\u0131 okudu\u011funuzda hayat\u0131n\u0131z\u0131 g\u00f6zden ge\u00e7ireceksiniz!<\/p>\n","protected":false},"excerpt":{"rendered":"<p>\u201c\u0130nsanl\u0131k tarihinde ilk defa say\u0131s\u0131z ba\u011flant\u0131 kurmam\u0131za imk\u00e2n tan\u0131yan bir teknolojiye sahibiz.\u201dPierre Omidyar, eBay KurucusuSosyal medya dedi\u011fimiz kavram on be\u015f y\u0131l \u00f6ncesine bakt\u0131\u011f\u0131m\u0131zda belki de hayat\u0131m\u0131z\u0131n<span class=\"excerpt-hellip\"> [\u2026]<\/span><\/p>\n","protected":false},"featured_media":0,"template":"","meta":{"_monsterinsights_skip_tracking":false,"_monsterinsights_sitenote_active":false,"_monsterinsights_sitenote_note":"","_monsterinsights_sitenote_category":0},"product_brand":[],"product_cat":[22061,13488],"product_tag":[],"class_list":{"0":"post-723464","1":"product","2":"type-product","3":"status-publish","5":"product_cat-sosyal-medya-ve-iletisim","6":"product_cat-toplum-ve-insan","7":"pa_cilt-ciltsiz","8":"pa_tur-kitap","9":"pa_yayinevi-elpis-yayinlari","10":"pa_yazar-ugur-sahin","12":"first","13":"instock","14":"sale","15":"shipping-taxable","16":"purchasable","17":"product-type-simple"},"_links":{"self":[{"href":"https:\/\/roveyayinevi.com.tr\/index.php\/wp-json\/wp\/v2\/product\/723464","targetHints":{"allow":["GET"]}}],"collection":[{"href":"https:\/\/roveyayinevi.com.tr\/index.php\/wp-json\/wp\/v2\/product"}],"about":[{"href":"https:\/\/roveyayinevi.com.tr\/index.php\/wp-json\/wp\/v2\/types\/product"}],"wp:attachment":[{"href":"https:\/\/roveyayinevi.com.tr\/index.php\/wp-json\/wp\/v2\/media?parent=723464"}],"wp:term":[{"taxonomy":"product_brand","embeddable":true,"href":"https:\/\/roveyayinevi.com.tr\/index.php\/wp-json\/wp\/v2\/product_brand?post=723464"},{"taxonomy":"product_cat","embeddable":true,"href":"https:\/\/roveyayinevi.com.tr\/index.php\/wp-json\/wp\/v2\/product_cat?post=723464"},{"taxonomy":"product_tag","embeddable":true,"href":"https:\/\/roveyayinevi.com.tr\/index.php\/wp-json\/wp\/v2\/product_tag?post=723464"}],"curies":[{"name":"wp","href":"https:\/\/api.w.org\/{rel}","templated":true}]}}