{"id":723462,"date":"2025-08-27T19:19:22","date_gmt":"2025-08-27T16:19:22","guid":{"rendered":"https:\/\/roveyayinevi.com.tr\/index.php\/urun\/kehanet-vaatleri-ciltli\/"},"modified":"2026-04-16T02:31:12","modified_gmt":"2026-04-15T23:31:12","slug":"kehanet-vaatleri-ciltli","status":"publish","type":"product","link":"https:\/\/roveyayinevi.com.tr\/index.php\/urun\/kehanet-vaatleri-ciltli\/","title":{"rendered":"Kehanet Vaatleri (Ciltli)"},"content":{"rendered":"<p>Kadim bir kehanet&#8230;21. y\u00fczy\u0131ldan binlerce y\u0131l sonras\u0131&#8230;Yeni halk s\u0131n\u0131flar\u0131, uzay korsanlar\u0131, y\u0131ld\u0131z kap\u0131lar\u0131, bedenler aras\u0131 bilin\u00e7 transferleri ve kristal teknolojileri&#8230;\u0130nsano\u011flu y\u00fczlerce gezegene yay\u0131lm\u0131\u015f ve galaksi i\u00e7indeki d\u00f6rt b\u00fcy\u00fck \u0131rktan biri konumuna y\u00fckselmi\u015ftir. \u0130nan\u00e7 sisteminin merkezinde yer alan kadim bir kehanet, uzay\u0131n derinliklerinde yer alan metruk bir Y\u0131ld\u0131z Kap\u0131s\u0131n\u0131n \u00f6zg\u00fcrl\u00fck ve g\u00fcc\u00fcn anahtar\u0131n\u0131 saklad\u0131\u011f\u0131n\u0131 vaat etmektedir. Bilin\u00e7 transferi sonucunda ortaya \u00e7\u0131kan insan \u0131rk\u0131n\u0131n iki yeni s\u0131n\u0131f\u0131 bu g\u00fcce ula\u015fabilmek i\u00e7in b\u00fcy\u00fck bir m\u00fccadeleye giri\u015fir. Yetenekli ve cesur bir uzay pilotu olan D\u00fcnyal\u0131 Simon\u2019\u0131 bu yolda zorlu bir macera beklemektedir.M. S. Asherson\u2019\u0131n kaleme ald\u0131\u011f\u0131 ezoterik semboller, esrarengiz \u0131rklar, r\u00fcya ulaklar\u0131, d\u00fc\u015f kapanlar\u0131 ve mitolojiyle zenginle\u015fen s\u0131ra d\u0131\u015f\u0131 bir bilim kurgu yolculu\u011funa haz\u0131r m\u0131s\u0131n\u0131z?<\/p>\n","protected":false},"excerpt":{"rendered":"<p>Kadim bir kehanet&#8230;21. y\u00fczy\u0131ldan binlerce y\u0131l sonras\u0131&#8230;Yeni halk s\u0131n\u0131flar\u0131, uzay korsanlar\u0131, y\u0131ld\u0131z kap\u0131lar\u0131, bedenler aras\u0131 bilin\u00e7 transferleri ve kristal teknolojileri&#8230;\u0130nsano\u011flu y\u00fczlerce gezegene yay\u0131lm\u0131\u015f ve galaksi i\u00e7indeki<span class=\"excerpt-hellip\"> [\u2026]<\/span><\/p>\n","protected":false},"featured_media":0,"template":"","meta":{"_monsterinsights_skip_tracking":false,"_monsterinsights_sitenote_active":false,"_monsterinsights_sitenote_note":"","_monsterinsights_sitenote_category":0},"product_brand":[],"product_cat":[12540,12291],"product_tag":[],"class_list":{"0":"post-723462","1":"product","2":"type-product","3":"status-publish","5":"product_cat-bilim-kurgu","6":"product_cat-edebiyat","7":"pa_cilt-ciltli","8":"pa_tur-kitap","9":"pa_yayinevi-feniks-yayinlari","10":"pa_yazar-m-s-asherson","12":"first","13":"instock","14":"sale","15":"shipping-taxable","16":"purchasable","17":"product-type-simple"},"_links":{"self":[{"href":"https:\/\/roveyayinevi.com.tr\/index.php\/wp-json\/wp\/v2\/product\/723462","targetHints":{"allow":["GET"]}}],"collection":[{"href":"https:\/\/roveyayinevi.com.tr\/index.php\/wp-json\/wp\/v2\/product"}],"about":[{"href":"https:\/\/roveyayinevi.com.tr\/index.php\/wp-json\/wp\/v2\/types\/product"}],"wp:attachment":[{"href":"https:\/\/roveyayinevi.com.tr\/index.php\/wp-json\/wp\/v2\/media?parent=723462"}],"wp:term":[{"taxonomy":"product_brand","embeddable":true,"href":"https:\/\/roveyayinevi.com.tr\/index.php\/wp-json\/wp\/v2\/product_brand?post=723462"},{"taxonomy":"product_cat","embeddable":true,"href":"https:\/\/roveyayinevi.com.tr\/index.php\/wp-json\/wp\/v2\/product_cat?post=723462"},{"taxonomy":"product_tag","embeddable":true,"href":"https:\/\/roveyayinevi.com.tr\/index.php\/wp-json\/wp\/v2\/product_tag?post=723462"}],"curies":[{"name":"wp","href":"https:\/\/api.w.org\/{rel}","templated":true}]}}