{"id":723461,"date":"2025-08-27T19:19:21","date_gmt":"2025-08-27T16:19:21","guid":{"rendered":"https:\/\/roveyayinevi.com.tr\/index.php\/urun\/canakkaleden-cennete\/"},"modified":"2026-04-16T02:31:11","modified_gmt":"2026-04-15T23:31:11","slug":"canakkaleden-cennete","status":"publish","type":"product","link":"https:\/\/roveyayinevi.com.tr\/index.php\/urun\/canakkaleden-cennete\/","title":{"rendered":"\u00c7anakkale\u2019den Cennete"},"content":{"rendered":"<p>Anadolu, bir dava u\u011fruna as\u0131rl\u0131k bir y\u00fcr\u00fcy\u00fc\u015fe \u00e7\u0131kanlar\u0131n yurdudur ve ba\u011fr\u0131na basm\u0131\u015ft\u0131r ilahi bir mu\u015ftu ile atlar\u0131n\u0131 doludizgin ko\u015fturanlar\u0131.Bir tek insan\u0131n hakk\u0131na girmemek i\u00e7in ge\u00e7ti\u011fi yollarda yedi\u011fi meyve a\u011fa\u00e7lar\u0131n\u0131n dallar\u0131na dahi \u00fccretini b\u0131rakan lakin mesele vatan oldu\u011fu vakit her biri birer k\u00fcheylana d\u00f6n\u00fc\u015fen, g\u00f6nl\u00fcnde iman ate\u015fi ile \u00f6l\u00fcm\u00fc dahi korkutan yi\u011fitlerin, kara ya\u011f\u0131z evlatlar\u0131n\u0131 mesele vatan ve bayrak oldu\u011funda teredd\u00fcts\u00fcz topra\u011fa g\u00f6men, \u201cBebem anas\u0131z, babas\u0131z b\u00fcy\u00fcr ama vatans\u0131z b\u00fcy\u00fcyemez.\u201d diyen analar\u0131n, o\u011fullar\u0131yla yan yana \u015fehadete ko\u015fanlar\u0131n yurdudur Anadolu&#8230;\u2026Ve 1915 y\u0131l\u0131nda, \u00c7anakkale diye bir yerde b\u00fct\u00fcn d\u00fcnyaya vatan ne demektir \u00f6\u011fretenler vard\u0131&#8230; Hem de onlar k\u00fc\u00e7\u00fcc\u00fck \u00e7ocuklard\u0131 ve analar\u0131na \u015f\u00f6yle sormu\u015flard\u0131:\u201c\u00c7ocuklar da \u015fehit olur mu ana?\u201d<\/p>\n","protected":false},"excerpt":{"rendered":"<p>Anadolu, bir dava u\u011fruna as\u0131rl\u0131k bir y\u00fcr\u00fcy\u00fc\u015fe \u00e7\u0131kanlar\u0131n yurdudur ve ba\u011fr\u0131na basm\u0131\u015ft\u0131r ilahi bir mu\u015ftu ile atlar\u0131n\u0131 doludizgin ko\u015fturanlar\u0131.Bir tek insan\u0131n hakk\u0131na girmemek i\u00e7in ge\u00e7ti\u011fi yollarda<span class=\"excerpt-hellip\"> [\u2026]<\/span><\/p>\n","protected":false},"featured_media":0,"template":"","meta":{"_monsterinsights_skip_tracking":false,"_monsterinsights_sitenote_active":false,"_monsterinsights_sitenote_note":"","_monsterinsights_sitenote_category":0},"product_brand":[],"product_cat":[12304,13493],"product_tag":[],"class_list":{"0":"post-723461","1":"product","2":"type-product","3":"status-publish","5":"product_cat-tarih","6":"product_cat-turkiye-ve-cumhuriyet-tarihi","7":"pa_cilt-ciltsiz","8":"pa_tur-kitap","9":"pa_yayinevi-nesil-yayinlari","10":"pa_yazar-fatih-duman","12":"first","13":"instock","14":"sale","15":"shipping-taxable","16":"purchasable","17":"product-type-simple"},"_links":{"self":[{"href":"https:\/\/roveyayinevi.com.tr\/index.php\/wp-json\/wp\/v2\/product\/723461","targetHints":{"allow":["GET"]}}],"collection":[{"href":"https:\/\/roveyayinevi.com.tr\/index.php\/wp-json\/wp\/v2\/product"}],"about":[{"href":"https:\/\/roveyayinevi.com.tr\/index.php\/wp-json\/wp\/v2\/types\/product"}],"wp:attachment":[{"href":"https:\/\/roveyayinevi.com.tr\/index.php\/wp-json\/wp\/v2\/media?parent=723461"}],"wp:term":[{"taxonomy":"product_brand","embeddable":true,"href":"https:\/\/roveyayinevi.com.tr\/index.php\/wp-json\/wp\/v2\/product_brand?post=723461"},{"taxonomy":"product_cat","embeddable":true,"href":"https:\/\/roveyayinevi.com.tr\/index.php\/wp-json\/wp\/v2\/product_cat?post=723461"},{"taxonomy":"product_tag","embeddable":true,"href":"https:\/\/roveyayinevi.com.tr\/index.php\/wp-json\/wp\/v2\/product_tag?post=723461"}],"curies":[{"name":"wp","href":"https:\/\/api.w.org\/{rel}","templated":true}]}}