{"id":723458,"date":"2025-08-27T19:19:19","date_gmt":"2025-08-27T16:19:19","guid":{"rendered":"https:\/\/roveyayinevi.com.tr\/index.php\/urun\/yakici-sirbez-ciltli\/"},"modified":"2026-04-16T02:31:11","modified_gmt":"2026-04-15T23:31:11","slug":"yakici-sirbez-ciltli","status":"publish","type":"product","link":"https:\/\/roveyayinevi.com.tr\/index.php\/urun\/yakici-sirbez-ciltli\/","title":{"rendered":"Yak\u0131c\u0131 S\u0131r(Bez Ciltli)"},"content":{"rendered":"<p>Avusturya Alpleri\u2019nde ge\u00e7irdi\u011fi k\u0131sa tatilini renklendirmek i\u00e7in bir g\u00f6n\u00fcl maceras\u0131 pe\u015finde ko\u015fan gen\u00e7 bir baron, g\u00f6z\u00fcne kendine uygun bir av kestirir. Ancak bu kad\u0131na ula\u015fabilmesi i\u00e7in \u00f6nce o\u011flunun g\u00f6nl\u00fcn\u00fc fethetmelidir. Ba\u015flang\u0131\u00e7ta baronun ilgisiyle gurur duyan \u00e7ocuk, tam olarak anlayamasa da annesinin de\u011fi\u015fen davran\u0131\u015flar\u0131n\u0131n ard\u0131nda yeti\u015fkinlerin d\u00fcnyas\u0131na ait bir s\u0131r oldu\u011funun fark\u0131ndad\u0131r ve bu yak\u0131c\u0131 s\u0131r hik\u00e2yedeki herkesin hayat\u0131n\u0131 geri d\u00f6n\u00fclemez bi\u00e7imde de\u011fi\u015ftirecektir.Stefan Zweig\u2019\u0131n ustal\u0131kla kaleme ald\u0131\u011f\u0131 ve taban tabana z\u0131t insanlar\u0131n hayatlar\u0131n\u0131n talihsiz kesi\u015fmelerle nas\u0131l de\u011fi\u015fti\u011fini anlatan bu e\u015fsiz eseri, Levent Baka\u00e7\u2019\u0131n \u00f6zenli \u00e7evirisiyle sunuyoruz<\/p>\n","protected":false},"excerpt":{"rendered":"<p>Avusturya Alpleri\u2019nde ge\u00e7irdi\u011fi k\u0131sa tatilini renklendirmek i\u00e7in bir g\u00f6n\u00fcl maceras\u0131 pe\u015finde ko\u015fan gen\u00e7 bir baron, g\u00f6z\u00fcne kendine uygun bir av kestirir. Ancak bu kad\u0131na ula\u015fabilmesi i\u00e7in<span class=\"excerpt-hellip\"> [\u2026]<\/span><\/p>\n","protected":false},"featured_media":0,"template":"","meta":{"_monsterinsights_skip_tracking":false,"_monsterinsights_sitenote_active":false,"_monsterinsights_sitenote_note":"","_monsterinsights_sitenote_category":0},"product_brand":[],"product_cat":[12291,12866],"product_tag":[],"class_list":{"0":"post-723458","1":"product","2":"type-product","3":"status-publish","5":"product_cat-edebiyat","6":"product_cat-ingiliz-edebiyati","7":"pa_cilt-ciltli","8":"pa_tur-kitap","9":"pa_yayinevi-koridor-yayincilik","10":"pa_yazar-stefan-zweig","12":"first","13":"instock","14":"sale","15":"shipping-taxable","16":"purchasable","17":"product-type-simple"},"_links":{"self":[{"href":"https:\/\/roveyayinevi.com.tr\/index.php\/wp-json\/wp\/v2\/product\/723458","targetHints":{"allow":["GET"]}}],"collection":[{"href":"https:\/\/roveyayinevi.com.tr\/index.php\/wp-json\/wp\/v2\/product"}],"about":[{"href":"https:\/\/roveyayinevi.com.tr\/index.php\/wp-json\/wp\/v2\/types\/product"}],"wp:attachment":[{"href":"https:\/\/roveyayinevi.com.tr\/index.php\/wp-json\/wp\/v2\/media?parent=723458"}],"wp:term":[{"taxonomy":"product_brand","embeddable":true,"href":"https:\/\/roveyayinevi.com.tr\/index.php\/wp-json\/wp\/v2\/product_brand?post=723458"},{"taxonomy":"product_cat","embeddable":true,"href":"https:\/\/roveyayinevi.com.tr\/index.php\/wp-json\/wp\/v2\/product_cat?post=723458"},{"taxonomy":"product_tag","embeddable":true,"href":"https:\/\/roveyayinevi.com.tr\/index.php\/wp-json\/wp\/v2\/product_tag?post=723458"}],"curies":[{"name":"wp","href":"https:\/\/api.w.org\/{rel}","templated":true}]}}