{"id":723456,"date":"2025-08-27T19:19:17","date_gmt":"2025-08-27T16:19:17","guid":{"rendered":"https:\/\/roveyayinevi.com.tr\/index.php\/urun\/ermis-bez-ciltli\/"},"modified":"2026-04-16T02:31:11","modified_gmt":"2026-04-15T23:31:11","slug":"ermis-bez-ciltli","status":"publish","type":"product","link":"https:\/\/roveyayinevi.com.tr\/index.php\/urun\/ermis-bez-ciltli\/","title":{"rendered":"Ermi\u015f (Bez Ciltli)"},"content":{"rendered":"<p>On iki sene boyunca kald\u0131\u011f\u0131 Orfales kentinden onu do\u011fdu\u011fu adaya geri g\u00f6t\u00fcrecek olan gemi k\u0131y\u0131ya yana\u015ft\u0131\u011f\u0131nda, Tanr\u0131\u2019n\u0131n se\u00e7kin ve sevgili kulu El Mustafa i\u00e7in art\u0131k gitme vakti gelmi\u015ftir. Ancak Orfales halk\u0131n\u0131n bu bilgeden son bir dile\u011fi vard\u0131r. Onun a\u015fk, evlilik, \u00f6l\u00fcm, din, hukuk, \u00f6zg\u00fcrl\u00fck ve ya\u015fam gibi pek \u00e7ok konuya dair verdi\u011fi derin anlaml\u0131 yan\u0131tlar, ayn\u0131 zamanda modern \u00e7a\u011f\u0131n mistik ve spirit\u00fcel rehberi kabul edilen bir \u015faheserin de habercisi olacakt\u0131r.Do\u011fu\u2019nun gizemini ve ruha dokunu\u015funu Bat\u0131\u2019ya ustal\u0131kla aktaran, Shakespeare ve Lao Tzu\u2019dan sonra t\u00fcm zamanlar\u0131n en \u00e7ok okunan \u00fc\u00e7\u00fcnc\u00fc \u015fairi olan Halil Cibran\u2019\u0131n t\u00fcm d\u00fcnyada b\u00fcy\u00fck ses getiren, hem bir veda konu\u015fmas\u0131 hem de hayata dair metaforlarla i\u00e7sel bir y\u00fcr\u00fcy\u00fc\u015f niteli\u011findeki bu eserini Handan \u00dcnl\u00fc Haktan\u0131r\u2019\u0131n \u00f6zenli \u00e7evirisiyle sunuyoruz.<\/p>\n","protected":false},"excerpt":{"rendered":"<p>On iki sene boyunca kald\u0131\u011f\u0131 Orfales kentinden onu do\u011fdu\u011fu adaya geri g\u00f6t\u00fcrecek olan gemi k\u0131y\u0131ya yana\u015ft\u0131\u011f\u0131nda, Tanr\u0131\u2019n\u0131n se\u00e7kin ve sevgili kulu El Mustafa i\u00e7in art\u0131k gitme<span class=\"excerpt-hellip\"> [\u2026]<\/span><\/p>\n","protected":false},"featured_media":0,"template":"","meta":{"_monsterinsights_skip_tracking":false,"_monsterinsights_sitenote_active":false,"_monsterinsights_sitenote_note":"","_monsterinsights_sitenote_category":0},"product_brand":[],"product_cat":[12291,17281],"product_tag":[],"class_list":{"0":"post-723456","1":"product","2":"type-product","3":"status-publish","5":"product_cat-edebiyat","6":"product_cat-ortadogu-arap-edebiyati","7":"pa_cilt-ciltli","8":"pa_tur-kitap","9":"pa_yayinevi-koridor-yayincilik","10":"pa_yazar-halil-cibran","12":"first","13":"instock","14":"sale","15":"shipping-taxable","16":"purchasable","17":"product-type-simple"},"_links":{"self":[{"href":"https:\/\/roveyayinevi.com.tr\/index.php\/wp-json\/wp\/v2\/product\/723456","targetHints":{"allow":["GET"]}}],"collection":[{"href":"https:\/\/roveyayinevi.com.tr\/index.php\/wp-json\/wp\/v2\/product"}],"about":[{"href":"https:\/\/roveyayinevi.com.tr\/index.php\/wp-json\/wp\/v2\/types\/product"}],"wp:attachment":[{"href":"https:\/\/roveyayinevi.com.tr\/index.php\/wp-json\/wp\/v2\/media?parent=723456"}],"wp:term":[{"taxonomy":"product_brand","embeddable":true,"href":"https:\/\/roveyayinevi.com.tr\/index.php\/wp-json\/wp\/v2\/product_brand?post=723456"},{"taxonomy":"product_cat","embeddable":true,"href":"https:\/\/roveyayinevi.com.tr\/index.php\/wp-json\/wp\/v2\/product_cat?post=723456"},{"taxonomy":"product_tag","embeddable":true,"href":"https:\/\/roveyayinevi.com.tr\/index.php\/wp-json\/wp\/v2\/product_tag?post=723456"}],"curies":[{"name":"wp","href":"https:\/\/api.w.org\/{rel}","templated":true}]}}