{"id":723453,"date":"2025-08-27T19:19:15","date_gmt":"2025-08-27T16:19:15","guid":{"rendered":"https:\/\/roveyayinevi.com.tr\/index.php\/urun\/gezegenin-cilgin-sporculari\/"},"modified":"2026-04-16T02:31:11","modified_gmt":"2026-04-15T23:31:11","slug":"gezegenin-cilgin-sporculari","status":"publish","type":"product","link":"https:\/\/roveyayinevi.com.tr\/index.php\/urun\/gezegenin-cilgin-sporculari\/","title":{"rendered":"Gezegenin \u00c7\u0131lg\u0131n Sporcular\u0131"},"content":{"rendered":"<p>E\u011flence, m\u00fccadele, rekabet ve maceray\u0131 ruhunda ta\u015f\u0131yan spor, e\u011flenceli d\u00fcnyas\u0131n\u0131n kap\u0131lar\u0131n\u0131 siz spor sevdal\u0131lar\u0131 i\u00e7in ard\u0131na kadar a\u00e7\u0131yor.Bu kitapla d\u00fcnyan\u0131n en fazla takip edilen spor bran\u015flar\u0131n\u0131n efsane sporcular\u0131 ile tan\u0131\u015facak, ba\u015far\u0131 basamaklar\u0131n\u0131 t\u0131rman\u0131rken ya\u015fad\u0131\u011f\u0131 heyecan verici olaylar\u0131 \u015fa\u015fk\u0131nl\u0131kla okuyacaks\u0131n\u0131z. Hangi sporcular m\u0131? Messi, Ronaldo, Muhammed Ali, Naim S\u00fcleymano\u011flu, Michael Jordan, Kobe Bryant, Maradona ve daha nice efsane\u2026Kimi zaman tarihte bir zaman yolculu\u011funa \u00e7\u0131k\u0131p ihti\u015faml\u0131, bol goll\u00fc ve \u00e7ok tart\u0131\u015fmal\u0131 d\u00fcnya kupalar\u0131na gideceksiniz, kimi zaman da salonlarda kazan\u0131lan b\u00fcy\u00fck zaferlerin mimarlar\u0131na merhaba diyeceksiniz.Zaman yolculu\u011funuzda ringlerin alt\u0131n eldivenine de bir selam \u00e7ak\u0131p, yar\u0131\u015f pistlerinde co-pilotluk yaparak adrenalinizi tavan yapt\u0131racaks\u0131n\u0131z. Gezegenin \u00c7\u0131lg\u0131n Sporcular\u0131n\u0131 daha yak\u0131ndan tan\u0131man\u0131n zaman\u0131 geldi. Haydi, \u015fimdi e\u011flenceli spor zaman\u0131!<\/p>\n","protected":false},"excerpt":{"rendered":"<p>E\u011flence, m\u00fccadele, rekabet ve maceray\u0131 ruhunda ta\u015f\u0131yan spor, e\u011flenceli d\u00fcnyas\u0131n\u0131n kap\u0131lar\u0131n\u0131 siz spor sevdal\u0131lar\u0131 i\u00e7in ard\u0131na kadar a\u00e7\u0131yor.Bu kitapla d\u00fcnyan\u0131n en fazla takip edilen spor bran\u015flar\u0131n\u0131n<span class=\"excerpt-hellip\"> [\u2026]<\/span><\/p>\n","protected":false},"featured_media":0,"template":"","meta":{"_monsterinsights_skip_tracking":false,"_monsterinsights_sitenote_active":false,"_monsterinsights_sitenote_note":"","_monsterinsights_sitenote_category":0},"product_brand":[],"product_cat":[12274,12284],"product_tag":[],"class_list":{"0":"post-723453","1":"product","2":"type-product","3":"status-publish","5":"product_cat-cocuk-ve-genclik-kitaplari","6":"product_cat-hikayeler","7":"pa_cilt-ciltsiz","8":"pa_tur-kitap","9":"pa_yayinevi-eglenceli-bilgi-yayinlari","10":"pa_yazar-huseyin-keles","12":"first","13":"instock","14":"sale","15":"shipping-taxable","16":"purchasable","17":"product-type-simple"},"_links":{"self":[{"href":"https:\/\/roveyayinevi.com.tr\/index.php\/wp-json\/wp\/v2\/product\/723453","targetHints":{"allow":["GET"]}}],"collection":[{"href":"https:\/\/roveyayinevi.com.tr\/index.php\/wp-json\/wp\/v2\/product"}],"about":[{"href":"https:\/\/roveyayinevi.com.tr\/index.php\/wp-json\/wp\/v2\/types\/product"}],"wp:attachment":[{"href":"https:\/\/roveyayinevi.com.tr\/index.php\/wp-json\/wp\/v2\/media?parent=723453"}],"wp:term":[{"taxonomy":"product_brand","embeddable":true,"href":"https:\/\/roveyayinevi.com.tr\/index.php\/wp-json\/wp\/v2\/product_brand?post=723453"},{"taxonomy":"product_cat","embeddable":true,"href":"https:\/\/roveyayinevi.com.tr\/index.php\/wp-json\/wp\/v2\/product_cat?post=723453"},{"taxonomy":"product_tag","embeddable":true,"href":"https:\/\/roveyayinevi.com.tr\/index.php\/wp-json\/wp\/v2\/product_tag?post=723453"}],"curies":[{"name":"wp","href":"https:\/\/api.w.org\/{rel}","templated":true}]}}